{"id":289335,"date":"2019-03-03T12:01:27","date_gmt":"2019-03-03T10:01:27","guid":{"rendered":"https:\/\/www.huntersfriend.eu\/product\/vanetec-super-spine-fjader\/"},"modified":"2026-04-10T11:39:48","modified_gmt":"2026-04-10T09:39:48","slug":"vanetec-super-spine-fjader","status":"publish","type":"product","link":"https:\/\/www.huntersfriend.eu\/sv\/produkt\/vanetec-super-spine-fjader\/","title":{"rendered":"Vanetec super spine-fj\u00e4der"},"content":{"rendered":"<h4>Super spine-serien 2,3&#8243; eller 3,0&#8243;<\/h4>\n<p>L\u00e5gprofils, l\u00e4ttviktsfj\u00e4drar designade f\u00f6r extremt precisa skott p\u00e5 l\u00e5nga avst\u00e5nd i f\u00e4lt, 3D- och jakt-situationer. Super Spine-fj\u00e4drar skapar mindre vindavdrift f\u00f6r att bibeh\u00e5lla en flackare projektilbana. <\/p>\n<p>&nbsp;<\/p>\n<p>&nbsp;<\/p>\n<p>&nbsp;<\/p>\n<p>&nbsp;<\/p>\n<hr class=\"red\">\n<div id=\"att-instr-links\"><\/div>\n","protected":false},"excerpt":{"rendered":"<p>Mest precisa fj\u00e4dern f\u00f6r l\u00e5nga avst\u00e5nd.<\/p>\n","protected":false},"featured_media":30991,"comment_status":"open","ping_status":"closed","template":"","meta":[],"product_brand":[],"product_cat":[2934,2765],"product_tag":[],"class_list":{"0":"post-289335","1":"product","2":"type-product","3":"status-publish","4":"has-post-thumbnail","6":"product_cat-fjadrar","7":"product_cat-fyndlada-slutrea","9":"first","10":"instock","11":"sale","12":"taxable","13":"shipping-taxable","14":"purchasable","15":"product-type-variable"},"composite_virtual":false,"composite_layout":"","composite_add_to_cart_form_location":"","composite_editable_in_cart":false,"composite_sold_individually_context":"","composite_shop_price_calc":"","composite_components":[],"composite_scenarios":[],"group_of_quantity":0,"min_quantity":0,"max_quantity":"","exclude_order_quantity_value_rules":"no","exclude_category_quantity_rules":"no","combine_variations":"no","exclude_global_add_ons":[],"addons":[],"_links":{"self":[{"href":"https:\/\/www.huntersfriend.eu\/sv\/wp-json\/wp\/v2\/product\/289335","targetHints":{"allow":["GET"]}}],"collection":[{"href":"https:\/\/www.huntersfriend.eu\/sv\/wp-json\/wp\/v2\/product"}],"about":[{"href":"https:\/\/www.huntersfriend.eu\/sv\/wp-json\/wp\/v2\/types\/product"}],"replies":[{"embeddable":true,"href":"https:\/\/www.huntersfriend.eu\/sv\/wp-json\/wp\/v2\/comments?post=289335"}],"wp:featuredmedia":[{"embeddable":true,"href":"https:\/\/www.huntersfriend.eu\/sv\/wp-json\/wp\/v2\/media\/30991"}],"wp:attachment":[{"href":"https:\/\/www.huntersfriend.eu\/sv\/wp-json\/wp\/v2\/media?parent=289335"}],"wp:term":[{"taxonomy":"product_brand","embeddable":true,"href":"https:\/\/www.huntersfriend.eu\/sv\/wp-json\/wp\/v2\/product_brand?post=289335"},{"taxonomy":"product_cat","embeddable":true,"href":"https:\/\/www.huntersfriend.eu\/sv\/wp-json\/wp\/v2\/product_cat?post=289335"},{"taxonomy":"product_tag","embeddable":true,"href":"https:\/\/www.huntersfriend.eu\/sv\/wp-json\/wp\/v2\/product_tag?post=289335"}],"curies":[{"name":"wp","href":"https:\/\/api.w.org\/{rel}","templated":true}]}}