{"id":289334,"date":"2019-02-28T18:20:28","date_gmt":"2019-02-28T16:20:28","guid":{"rendered":"https:\/\/www.huntersfriend.eu\/product\/vanetec-v-tough-lim\/"},"modified":"2026-04-30T08:56:46","modified_gmt":"2026-04-30T06:56:46","slug":"vanetec-v-tough-lim","status":"publish","type":"product","link":"https:\/\/www.huntersfriend.eu\/sv\/produkt\/vanetec-v-tough-lim\/","title":{"rendered":"Vanetec V Tough-lim"},"content":{"rendered":"<p><strong>Beskrivning: <\/strong>V-Tough Insert &amp; Component Adhesive \u00e4r en flaska p\u00e5 20 ml som \u00e4r den erfarna grovjobbaren p\u00e5 f\u00e4ltet och omdefinierar slagt\u00e5ligheten. Men trots att den \u00e4r s\u00e5 t\u00e5lig tillverkar VaneTec den p\u00e5 best\u00e4llning, s\u00e5 den \u00e4r alltid f\u00e4rsk. Detta \u00e4r avg\u00f6rande f\u00f6r att ett speciallim ska g\u00f6ra sitt jobb ordentligt och det \u00e4r det som g\u00f6r V-Tough s\u00e5 unik.  <\/p>\n<p>&nbsp;<\/p>\n<p><strong>Instruktioner:<\/strong> Reng\u00f6r insatser och insidan av pilspetsar med en varm 50-procentig Simple Green\u00ae-l\u00f6sning, sk\u00f6lj och lufttorka. Pilar, insatser och lim ska ha rumstemperatur. <\/p>\n<p>Applicera runt hela insatsen och tryck in snabbt. Torka bort \u00f6verfl\u00f6digt lim och l\u00e5t h\u00e4rda i 24 timmar. <\/p>\n","protected":false},"excerpt":{"rendered":"<p>20 gram<\/p>\n","protected":false},"featured_media":211002,"comment_status":"open","ping_status":"closed","template":"","meta":[],"product_brand":[],"product_cat":[878],"product_tag":[],"class_list":{"0":"post-289334","1":"product","2":"type-product","3":"status-publish","4":"has-post-thumbnail","6":"product_cat-uncategorized-sv","8":"first","9":"outofstock","10":"sale","11":"taxable","12":"shipping-taxable","13":"purchasable","14":"product-type-simple"},"composite_virtual":false,"composite_layout":"","composite_add_to_cart_form_location":"","composite_editable_in_cart":false,"composite_sold_individually_context":"","composite_shop_price_calc":"","composite_components":[],"composite_scenarios":[],"group_of_quantity":0,"min_quantity":0,"max_quantity":"","exclude_order_quantity_value_rules":"no","exclude_category_quantity_rules":"no","combine_variations":"no","exclude_global_add_ons":[],"addons":[],"_links":{"self":[{"href":"https:\/\/www.huntersfriend.eu\/sv\/wp-json\/wp\/v2\/product\/289334","targetHints":{"allow":["GET"]}}],"collection":[{"href":"https:\/\/www.huntersfriend.eu\/sv\/wp-json\/wp\/v2\/product"}],"about":[{"href":"https:\/\/www.huntersfriend.eu\/sv\/wp-json\/wp\/v2\/types\/product"}],"replies":[{"embeddable":true,"href":"https:\/\/www.huntersfriend.eu\/sv\/wp-json\/wp\/v2\/comments?post=289334"}],"wp:featuredmedia":[{"embeddable":true,"href":"https:\/\/www.huntersfriend.eu\/sv\/wp-json\/wp\/v2\/media\/211002"}],"wp:attachment":[{"href":"https:\/\/www.huntersfriend.eu\/sv\/wp-json\/wp\/v2\/media?parent=289334"}],"wp:term":[{"taxonomy":"product_brand","embeddable":true,"href":"https:\/\/www.huntersfriend.eu\/sv\/wp-json\/wp\/v2\/product_brand?post=289334"},{"taxonomy":"product_cat","embeddable":true,"href":"https:\/\/www.huntersfriend.eu\/sv\/wp-json\/wp\/v2\/product_cat?post=289334"},{"taxonomy":"product_tag","embeddable":true,"href":"https:\/\/www.huntersfriend.eu\/sv\/wp-json\/wp\/v2\/product_tag?post=289334"}],"curies":[{"name":"wp","href":"https:\/\/api.w.org\/{rel}","templated":true}]}}