{"id":289328,"date":"2019-02-28T16:20:29","date_gmt":"2019-02-28T14:20:29","guid":{"rendered":"https:\/\/www.huntersfriend.eu\/product\/vanetec-arrowsmith-verktyg\/"},"modified":"2025-08-27T14:17:46","modified_gmt":"2025-08-27T12:17:46","slug":"vanetec-arrowsmith-verktyg","status":"publish","type":"product","link":"https:\/\/www.huntersfriend.eu\/sv\/produkt\/vanetec-arrowsmith-verktyg\/","title":{"rendered":"Vanetec arrowsmith-verktyg"},"content":{"rendered":"<h4>ArrowSmith \u2013 Verktyg f\u00f6r piljustering<\/h4>\n<p>ArrowSmith Universal Arrow Tuning Tool \u00e4r kompakt, l\u00e4tt och f\u00e5r enkelt plats i fickan, p\u00e5 en rem eller i din packning.<\/p>\n<p id=\"att-finish\" class=\"list-links-head\">Anodiserad aluminiumfinish<\/p>\n<p id=\"att-components\" class=\"list-links-head\">Komponenter i rostfritt st\u00e5l<\/p>\n<p id=\"att-lightweight\" class=\"list-links-head\">Universell, kompakt och l\u00e4ttviktig<\/p>\n<p id=\"att-pocket\" class=\"list-links-head\">F\u00e5r plats i fickan, p\u00e5 en rem eller i din packning<\/p>\n<p>&nbsp;<\/p>\n<p>&nbsp;<\/p>\n<p>&nbsp;<\/p>\n<p>&nbsp;<\/p>\n<p>&nbsp;<\/p>\n<hr class=\"red\">\n<div id=\"att-instr-links\"><\/div>\n","protected":false},"excerpt":{"rendered":"<p>Professionell kvalitet<\/p>\n","protected":false},"featured_media":211008,"comment_status":"open","ping_status":"closed","template":"","meta":[],"product_brand":[],"product_cat":[2644,2765],"product_tag":[],"class_list":{"0":"post-289328","1":"product","2":"type-product","3":"status-publish","4":"has-post-thumbnail","6":"product_cat-andra-verktyg-for-pilbygge","7":"product_cat-fyndlada-slutrea","9":"first","10":"instock","11":"sale","12":"taxable","13":"shipping-taxable","14":"purchasable","15":"product-type-simple"},"composite_virtual":false,"composite_layout":"","composite_add_to_cart_form_location":"","composite_editable_in_cart":false,"composite_sold_individually_context":"","composite_shop_price_calc":"","composite_components":[],"composite_scenarios":[],"group_of_quantity":0,"min_quantity":0,"max_quantity":"","exclude_order_quantity_value_rules":"no","exclude_category_quantity_rules":"no","combine_variations":"no","exclude_global_add_ons":[],"addons":[],"_links":{"self":[{"href":"https:\/\/www.huntersfriend.eu\/sv\/wp-json\/wp\/v2\/product\/289328","targetHints":{"allow":["GET"]}}],"collection":[{"href":"https:\/\/www.huntersfriend.eu\/sv\/wp-json\/wp\/v2\/product"}],"about":[{"href":"https:\/\/www.huntersfriend.eu\/sv\/wp-json\/wp\/v2\/types\/product"}],"replies":[{"embeddable":true,"href":"https:\/\/www.huntersfriend.eu\/sv\/wp-json\/wp\/v2\/comments?post=289328"}],"wp:featuredmedia":[{"embeddable":true,"href":"https:\/\/www.huntersfriend.eu\/sv\/wp-json\/wp\/v2\/media\/211008"}],"wp:attachment":[{"href":"https:\/\/www.huntersfriend.eu\/sv\/wp-json\/wp\/v2\/media?parent=289328"}],"wp:term":[{"taxonomy":"product_brand","embeddable":true,"href":"https:\/\/www.huntersfriend.eu\/sv\/wp-json\/wp\/v2\/product_brand?post=289328"},{"taxonomy":"product_cat","embeddable":true,"href":"https:\/\/www.huntersfriend.eu\/sv\/wp-json\/wp\/v2\/product_cat?post=289328"},{"taxonomy":"product_tag","embeddable":true,"href":"https:\/\/www.huntersfriend.eu\/sv\/wp-json\/wp\/v2\/product_tag?post=289328"}],"curies":[{"name":"wp","href":"https:\/\/api.w.org\/{rel}","templated":true}]}}