{"id":289326,"date":"2019-03-03T11:52:11","date_gmt":"2019-03-03T09:52:11","guid":{"rendered":"https:\/\/www.huntersfriend.eu\/product\/vanetec-hd-heavy-duty-2-fjader\/"},"modified":"2026-04-10T11:39:23","modified_gmt":"2026-04-10T09:39:23","slug":"vanetec-hd-heavy-duty-2-fjader","status":"publish","type":"product","link":"https:\/\/www.huntersfriend.eu\/sv\/produkt\/vanetec-hd-heavy-duty-2-fjader\/","title":{"rendered":"Vanetec HD (heavy duty) 2&#8243; fj\u00e4der"},"content":{"rendered":"<p>HD-fj\u00e4dern har samma form och konsistens som 2&#8243; High Profile-fj\u00e4dern, men \u00e4r tjockare med en n\u00e5got bredare bas vilket ger en dramatiskt t\u00e5ligare fj\u00e4der.<\/p>\n<p>Speciellt utformad f\u00f6r b\u00e5gskyttar som kr\u00e4ver VaneTec-precision med f\u00f6rm\u00e5gan att t\u00e5la mer slitage.<\/p>\n<p>&nbsp;<\/p>\n<p>&nbsp;<\/p>\n<p>&nbsp;<\/p>\n<p>&nbsp;<\/p>\n<hr class=\"red\">\n<div id=\"att-instr-links\"><\/div>\n","protected":false},"excerpt":{"rendered":"<p>En t\u00e5lig jaktfj\u00e4der<\/p>\n","protected":false},"featured_media":30978,"comment_status":"open","ping_status":"closed","template":"","meta":[],"product_brand":[],"product_cat":[2934,2765],"product_tag":[],"class_list":{"0":"post-289326","1":"product","2":"type-product","3":"status-publish","4":"has-post-thumbnail","6":"product_cat-fjadrar","7":"product_cat-fyndlada-slutrea","9":"first","10":"instock","11":"sale","12":"taxable","13":"shipping-taxable","14":"purchasable","15":"product-type-variable"},"composite_virtual":false,"composite_layout":"","composite_add_to_cart_form_location":"","composite_editable_in_cart":false,"composite_sold_individually_context":"","composite_shop_price_calc":"","composite_components":[],"composite_scenarios":[],"group_of_quantity":0,"min_quantity":0,"max_quantity":"","exclude_order_quantity_value_rules":"no","exclude_category_quantity_rules":"no","combine_variations":"no","exclude_global_add_ons":[],"addons":[],"_links":{"self":[{"href":"https:\/\/www.huntersfriend.eu\/sv\/wp-json\/wp\/v2\/product\/289326","targetHints":{"allow":["GET"]}}],"collection":[{"href":"https:\/\/www.huntersfriend.eu\/sv\/wp-json\/wp\/v2\/product"}],"about":[{"href":"https:\/\/www.huntersfriend.eu\/sv\/wp-json\/wp\/v2\/types\/product"}],"replies":[{"embeddable":true,"href":"https:\/\/www.huntersfriend.eu\/sv\/wp-json\/wp\/v2\/comments?post=289326"}],"wp:featuredmedia":[{"embeddable":true,"href":"https:\/\/www.huntersfriend.eu\/sv\/wp-json\/wp\/v2\/media\/30978"}],"wp:attachment":[{"href":"https:\/\/www.huntersfriend.eu\/sv\/wp-json\/wp\/v2\/media?parent=289326"}],"wp:term":[{"taxonomy":"product_brand","embeddable":true,"href":"https:\/\/www.huntersfriend.eu\/sv\/wp-json\/wp\/v2\/product_brand?post=289326"},{"taxonomy":"product_cat","embeddable":true,"href":"https:\/\/www.huntersfriend.eu\/sv\/wp-json\/wp\/v2\/product_cat?post=289326"},{"taxonomy":"product_tag","embeddable":true,"href":"https:\/\/www.huntersfriend.eu\/sv\/wp-json\/wp\/v2\/product_tag?post=289326"}],"curies":[{"name":"wp","href":"https:\/\/api.w.org\/{rel}","templated":true}]}}