{"id":289315,"date":"2019-02-25T10:27:12","date_gmt":"2019-02-25T08:27:12","guid":{"rendered":"https:\/\/www.huntersfriend.eu\/product\/diamond-infinite-305-factory-kit-i-lager\/"},"modified":"2026-03-26T13:43:49","modified_gmt":"2026-03-26T11:43:49","slug":"diamond-infinite-305-factory-kit-i-lager","status":"publish","type":"product","link":"https:\/\/www.huntersfriend.eu\/sv\/produkt\/diamond-infinite-305-factory-kit-i-lager\/","title":{"rendered":"Diamond infinite 305 factory Kit &#8211; i lager"},"content":{"rendered":"<p><span data-text-color=\"alert\"><strong>Begr\u00e4nsad tillg\u00e4nglighet.<\/strong><\/span><\/p>\n<h3>RAK-kitet inneh\u00e5ller<\/h3>\n<ul>\n<li>Pilb\u00e5ge<\/li>\n<li>Octagon Brush pilhylla<\/li>\n<li>Stryker3 pin sikte<\/li>\n<li>Boost stabilisator<\/li>\n<li>Furnace pilb\u00e5gskoger<\/li>\n<li>peep sight och handledsrem.<\/li>\n<\/ul>\n<p><em>Observera att factory kits, oavsett tillverkare, varken \u00e4r trimmade eller redo att skjuta direkt ur kartongen.<\/em><\/p>\n<div>\n<p>WOW! De har f\u00f6rb\u00e4ttrat den b\u00e4sts\u00e4ljande Infinite Edge Pro-pilb\u00e5gen!! Maximal prestanda och enkel justerbarhet, f\u00f6r att inte tala om ett fantastiskt utseende. Allt detta i den nya Infinite 305 till ett pris du inte f\u00f6rv\u00e4ntar dig. Konstruerad f\u00f6r alla jaktf\u00f6rh\u00e5llanden, i alla milj\u00f6er eller f\u00f6r rekreationsbruk i tr\u00e4dg\u00e5rden. Det enorma dragl\u00e4ngdsintervallet p\u00e5 12 tum och 63 punds dragvikt justeras snabbt och enkelt utan behov av en pilb\u00e5gspress. Med Infinite 305 \u00e4r m\u00f6jligheterna o\u00e4ndliga.      <\/p>\n<h3>Specifikationer<\/h3>\n<\/div>\n<div>\n<table style=\"height: 55px;\" width=\"1100\" align=\"\">\n<tbody>\n<tr>\n<td><strong>IBO HASTIGHET<\/strong><br \/>\n305 fps<\/td>\n<td><strong>AXEL-TILL-AXEL<\/strong><br \/>\n32&#8243;<\/td>\n<td><strong>STR\u00c4VH\u00d6JD<\/strong><br \/>\n7.25&#8243;<\/td>\n<td><strong>DRAGVIKTER<\/strong><br \/>\n7-70#<\/td>\n<td><strong>DRAGL\u00c4NGDER<\/strong><br \/>\n19&#8243; till 31&#8243;<\/td>\n<td><strong>LET-OFF<\/strong><br \/>\n77 %<\/td>\n<td><strong>PILB\u00c5GSMASSA<\/strong><br \/>\n3.3#<\/td>\n<td><strong>FINISH<\/strong><br \/>\nbreak-up country, svart eller rosa<\/td>\n<\/tr>\n<\/tbody>\n<\/table>\n<\/div>\n<div>Denna pilb\u00e5ge t\u00e4cks av Diamonds livstidsgaranti.<\/div>\n","protected":false},"excerpt":{"rendered":"<p>Specialbest\u00e4llningspilb\u00e5ge &#8211; vanligtvis 1-5 veckor \/ Vi rekommenderar att du kontaktar oss ang\u00e5ende tillg\u00e4nglighet innan du best\u00e4ller<\/p>\n","protected":false},"featured_media":201325,"comment_status":"open","ping_status":"closed","template":"","meta":[],"product_brand":[],"product_cat":[2842],"product_tag":[],"class_list":{"0":"post-289315","1":"product","2":"type-product","3":"status-publish","4":"has-post-thumbnail","6":"product_cat-compound-fabrikssatser","7":"product_shipping_class-big-sv","9":"first","10":"instock","11":"taxable","12":"shipping-taxable","13":"purchasable","14":"product-type-variable","15":"has-default-attributes"},"composite_virtual":false,"composite_layout":"","composite_add_to_cart_form_location":"","composite_editable_in_cart":false,"composite_sold_individually_context":"","composite_shop_price_calc":"","composite_components":[],"composite_scenarios":[],"group_of_quantity":0,"min_quantity":0,"max_quantity":"","exclude_order_quantity_value_rules":"no","exclude_category_quantity_rules":"no","combine_variations":"no","exclude_global_add_ons":[],"addons":[],"_links":{"self":[{"href":"https:\/\/www.huntersfriend.eu\/sv\/wp-json\/wp\/v2\/product\/289315","targetHints":{"allow":["GET"]}}],"collection":[{"href":"https:\/\/www.huntersfriend.eu\/sv\/wp-json\/wp\/v2\/product"}],"about":[{"href":"https:\/\/www.huntersfriend.eu\/sv\/wp-json\/wp\/v2\/types\/product"}],"replies":[{"embeddable":true,"href":"https:\/\/www.huntersfriend.eu\/sv\/wp-json\/wp\/v2\/comments?post=289315"}],"wp:featuredmedia":[{"embeddable":true,"href":"https:\/\/www.huntersfriend.eu\/sv\/wp-json\/wp\/v2\/media\/201325"}],"wp:attachment":[{"href":"https:\/\/www.huntersfriend.eu\/sv\/wp-json\/wp\/v2\/media?parent=289315"}],"wp:term":[{"taxonomy":"product_brand","embeddable":true,"href":"https:\/\/www.huntersfriend.eu\/sv\/wp-json\/wp\/v2\/product_brand?post=289315"},{"taxonomy":"product_cat","embeddable":true,"href":"https:\/\/www.huntersfriend.eu\/sv\/wp-json\/wp\/v2\/product_cat?post=289315"},{"taxonomy":"product_tag","embeddable":true,"href":"https:\/\/www.huntersfriend.eu\/sv\/wp-json\/wp\/v2\/product_tag?post=289315"}],"curies":[{"name":"wp","href":"https:\/\/api.w.org\/{rel}","templated":true}]}}