{"id":289307,"date":"2019-03-03T11:43:04","date_gmt":"2019-03-03T09:43:04","guid":{"rendered":"https:\/\/www.huntersfriend.eu\/product\/vanetec-hp-hog-profil-2-fjader\/"},"modified":"2026-04-10T11:39:49","modified_gmt":"2026-04-10T09:39:49","slug":"vanetec-hp-hog-profil-2-fjader","status":"publish","type":"product","link":"https:\/\/www.huntersfriend.eu\/sv\/produkt\/vanetec-hp-hog-profil-2-fjader\/","title":{"rendered":"Vanetec HP (h\u00f6g profil) 2&#8243; fj\u00e4der"},"content":{"rendered":"<p>Vanetec HP-fj\u00e4drar \u00e4r de t\u00e5ligaste och l\u00e4ttaste h\u00f6gprofilfj\u00e4drarna p\u00e5 marknaden idag. N\u00e4r dessa f\u00e4sts med VaneTecs VT-1000-lim <strong>kommer de inte<\/strong> att lossna fr\u00e5n dina pilar. HP-fj\u00e4drar \u00f6kar styrf\u00f6rm\u00e5gan utan fladder.  <\/p>\n","protected":false},"excerpt":{"rendered":"<p>Mest popul\u00e4ra jaktfj\u00e4dern.<\/p>\n","protected":false},"featured_media":30959,"comment_status":"open","ping_status":"closed","template":"","meta":[],"product_brand":[],"product_cat":[2934,2765],"product_tag":[],"class_list":{"0":"post-289307","1":"product","2":"type-product","3":"status-publish","4":"has-post-thumbnail","6":"product_cat-fjadrar","7":"product_cat-fyndlada-slutrea","9":"first","10":"instock","11":"sale","12":"taxable","13":"shipping-taxable","14":"purchasable","15":"product-type-variable"},"composite_virtual":false,"composite_layout":"","composite_add_to_cart_form_location":"","composite_editable_in_cart":false,"composite_sold_individually_context":"","composite_shop_price_calc":"","composite_components":[],"composite_scenarios":[],"group_of_quantity":0,"min_quantity":0,"max_quantity":"","exclude_order_quantity_value_rules":"no","exclude_category_quantity_rules":"no","combine_variations":"no","exclude_global_add_ons":[],"addons":[],"_links":{"self":[{"href":"https:\/\/www.huntersfriend.eu\/sv\/wp-json\/wp\/v2\/product\/289307","targetHints":{"allow":["GET"]}}],"collection":[{"href":"https:\/\/www.huntersfriend.eu\/sv\/wp-json\/wp\/v2\/product"}],"about":[{"href":"https:\/\/www.huntersfriend.eu\/sv\/wp-json\/wp\/v2\/types\/product"}],"replies":[{"embeddable":true,"href":"https:\/\/www.huntersfriend.eu\/sv\/wp-json\/wp\/v2\/comments?post=289307"}],"wp:featuredmedia":[{"embeddable":true,"href":"https:\/\/www.huntersfriend.eu\/sv\/wp-json\/wp\/v2\/media\/30959"}],"wp:attachment":[{"href":"https:\/\/www.huntersfriend.eu\/sv\/wp-json\/wp\/v2\/media?parent=289307"}],"wp:term":[{"taxonomy":"product_brand","embeddable":true,"href":"https:\/\/www.huntersfriend.eu\/sv\/wp-json\/wp\/v2\/product_brand?post=289307"},{"taxonomy":"product_cat","embeddable":true,"href":"https:\/\/www.huntersfriend.eu\/sv\/wp-json\/wp\/v2\/product_cat?post=289307"},{"taxonomy":"product_tag","embeddable":true,"href":"https:\/\/www.huntersfriend.eu\/sv\/wp-json\/wp\/v2\/product_tag?post=289307"}],"curies":[{"name":"wp","href":"https:\/\/api.w.org\/{rel}","templated":true}]}}