{"id":289306,"date":"2019-02-20T10:18:02","date_gmt":"2019-02-20T10:18:02","guid":{"rendered":"https:\/\/www.huntersfriend.eu\/product\/dead-center-dead-steady-target-serien\/"},"modified":"2025-08-27T14:17:38","modified_gmt":"2025-08-27T12:17:38","slug":"dead-center-dead-steady-target-serien","status":"publish","type":"product","link":"https:\/\/www.huntersfriend.eu\/sv\/produkt\/dead-center-dead-steady-target-serien\/","title":{"rendered":"Dead Center dead steady Target-serien"},"content":{"rendered":"<p><b>Specifikationer f\u00f6r stabilisator \u2013 <\/b><\/p>\n<p>L\u00e4ngd \u2013 8&#8243; \u2013 vikt \u2013 3,8 oz<\/p>\n<p>L\u00e4ngd \u2013 10&#8243; \u2013 vikt \u2013 4,2 oz<\/p>\n<p>L\u00e4ngd \u2013 12&#8243; \u2013 vikt \u2013 4,5 oz<\/p>\n<p>L\u00e4ngd \u2013 15&#8243; \u2013 vikt \u2013 5,0 oz<\/p>\n<p>L\u00e4ngd \u2013 24&#8243; \u2013 vikt \u2013 6,6 oz<\/p>\n<p>L\u00e4ngd \u2013 28&#8243; \u2013 vikt \u2013 7,3 oz<\/p>\n<p>L\u00e4ngd \u2013 30&#8243; \u2013 vikt \u2013 7,7 oz<\/p>\n<p>Dead Steady Target-serien med stabilisatorer erbjuder den bepr\u00f6vade prestandan och stabiliteten som t\u00e4vlingsinriktade m\u00e5lskyttar kr\u00e4ver, utan den h\u00f6ga prislappen. Denna arbetsh\u00e4st \u00f6vertr\u00e4ffar konventionella f\u00f6rv\u00e4ntningar med sin ultrastarka och styva pultruderade kolkonstruktion och precisionsbearbetade sexkantiga \u00e4ndstycken i aluminium. Dead Steady-stabilisatorer har ett patentskyddat antivibrationsmaterial internt f\u00f6r att eliminera vibrationer skott efter skott. Dead Steady-stabilisatorer erbjuds i en m\u00e4ngd olika l\u00e4ngder f\u00f6r att passa alla skyttars behov och f\u00f6r att uppn\u00e5 optimal \u00f6nskad balans.   <\/p>\n<div class=\"cat_description\">\n<p><span style=\"color: #339966;\"><strong>F\u00f6r alla Dead Center-stabilisatorprodukter som inte visas p\u00e5 v\u00e5r webbplats, v\u00e4nligen kontakta oss direkt. Vi \u00e4r den europeiska distribut\u00f6ren f\u00f6r alla Dead Center-produkter och kan enkelt f\u00e5 den storlek och f\u00e4rg du beh\u00f6ver. <\/strong><\/span><\/p>\n<\/div>\n<div class=\"cat_description\">\n<p><strong>Utvald teknik \u2013<\/strong><\/p>\n<table class=\"mceItemTable\" style=\"width: 554px; height: 289px;\">\n<tbody>\n<tr>\n<td><img alt=\"\" width=\"108\" height=\"54\"><img decoding=\"async\" src=\"https:\/\/www.deadcenterarchery.com\/Pultruded-Carbon.png\" alt=\"\" width=\"108\" height=\"54\"><\/td>\n<td>Styvt pultruderat kolr\u00f6r med 3\/4&#8243; diameter ger en idealisk kombination av styvhet, stabilitet och styrka<\/p>\n<hr>\n<\/td>\n<\/tr>\n<tr>\n<td><img alt=\"\" width=\"108\" height=\"54\"><img decoding=\"async\" src=\"https:\/\/www.deadcenterarchery.com\/Aluminum-6061.png\" alt=\"\" width=\"108\" height=\"54\"><\/td>\n<td>Precisions-CNC-bearbetade sexkantiga \u00e4ndstycken tillverkade av 6061-T6 aluminium avslutar varje Dead Silent Carbon Hunting Series-stabilisator. \u00c4ndstycket \u00e4r g\u00e4ngat 1\/4-20 f\u00f6r att acceptera Custom Balance Weights och BowJax-tillbeh\u00f6r. Monterings\u00e4nden levereras komplett med standard 5\/16-24 g\u00e4ngad tapp f\u00f6r montering p\u00e5 en pilb\u00e5ge eller p\u00e5 monteringsdetaljer.  <\/p>\n<hr>\n<\/td>\n<\/tr>\n<tr>\n<td><img decoding=\"async\" src=\"https:\/\/www.deadcenterarchery.com\/Ful-Wrap-Icon.jpg\" alt=\"\" width=\"139\" height=\"39\"><\/td>\n<td>Dead Steady-stabilisatorer levereras med v\u00e5rt skyddande Stabilizer FullWrap som finns i 10 anpassade f\u00e4rger.<\/p>\n<hr>\n<\/td>\n<\/tr>\n<tr>\n<td><img alt=\"\" width=\"108\" height=\"54\"><img decoding=\"async\" src=\"https:\/\/www.deadcenterarchery.com\/Custom-Balance-Weights.png\" alt=\"\" width=\"108\" height=\"54\"><\/td>\n<td>Target Series-stabilisatorer accepterar Custom Balance Weights, vilket g\u00f6r att du kan skr\u00e4ddarsy din viktkonfiguration efter dina specifika behov. (s\u00e4ljs separat)<br \/>\nB\u00e4ttre balans = ett b\u00e4ttre skott och t\u00e4tare grupper. Punkt.  <\/td>\n<\/tr>\n<\/tbody>\n<\/table>\n<\/div>\n","protected":false},"excerpt":{"rendered":"<p>Svart \u2013 F\u00f6r andra f\u00e4rger, kontakta oss<\/p>\n","protected":false},"featured_media":23319,"comment_status":"open","ping_status":"closed","template":"","meta":[],"product_brand":[],"product_cat":[3026,3025],"product_tag":[],"class_list":{"0":"post-289306","1":"product","2":"type-product","3":"status-publish","4":"has-post-thumbnail","6":"product_cat-korta-malskyttestabilisatorer","7":"product_cat-langa-malskyttestabilisatorer","9":"first","10":"instock","11":"taxable","12":"shipping-taxable","13":"purchasable","14":"product-type-variable"},"composite_virtual":false,"composite_layout":"","composite_add_to_cart_form_location":"","composite_editable_in_cart":false,"composite_sold_individually_context":"","composite_shop_price_calc":"","composite_components":[],"composite_scenarios":[],"group_of_quantity":0,"min_quantity":0,"max_quantity":"","exclude_order_quantity_value_rules":"no","exclude_category_quantity_rules":"no","combine_variations":"no","exclude_global_add_ons":[],"addons":[],"_links":{"self":[{"href":"https:\/\/www.huntersfriend.eu\/sv\/wp-json\/wp\/v2\/product\/289306","targetHints":{"allow":["GET"]}}],"collection":[{"href":"https:\/\/www.huntersfriend.eu\/sv\/wp-json\/wp\/v2\/product"}],"about":[{"href":"https:\/\/www.huntersfriend.eu\/sv\/wp-json\/wp\/v2\/types\/product"}],"replies":[{"embeddable":true,"href":"https:\/\/www.huntersfriend.eu\/sv\/wp-json\/wp\/v2\/comments?post=289306"}],"wp:featuredmedia":[{"embeddable":true,"href":"https:\/\/www.huntersfriend.eu\/sv\/wp-json\/wp\/v2\/media\/23319"}],"wp:attachment":[{"href":"https:\/\/www.huntersfriend.eu\/sv\/wp-json\/wp\/v2\/media?parent=289306"}],"wp:term":[{"taxonomy":"product_brand","embeddable":true,"href":"https:\/\/www.huntersfriend.eu\/sv\/wp-json\/wp\/v2\/product_brand?post=289306"},{"taxonomy":"product_cat","embeddable":true,"href":"https:\/\/www.huntersfriend.eu\/sv\/wp-json\/wp\/v2\/product_cat?post=289306"},{"taxonomy":"product_tag","embeddable":true,"href":"https:\/\/www.huntersfriend.eu\/sv\/wp-json\/wp\/v2\/product_tag?post=289306"}],"curies":[{"name":"wp","href":"https:\/\/api.w.org\/{rel}","templated":true}]}}