{"id":289296,"date":"2019-02-20T10:05:17","date_gmt":"2019-02-20T10:05:17","guid":{"rendered":"https:\/\/www.huntersfriend.eu\/product\/dead-center-diamond-target-serien\/"},"modified":"2025-08-27T14:17:34","modified_gmt":"2025-08-27T12:17:34","slug":"dead-center-diamond-target-serien","status":"publish","type":"product","link":"https:\/\/www.huntersfriend.eu\/sv\/produkt\/dead-center-diamond-target-serien\/","title":{"rendered":"Dead Center Diamond Target-serien"},"content":{"rendered":"<div class=\"cat_description\"><b>Specifikationer f\u00f6r stabilisator &#8211;<br \/>\n<\/b><\/div>\n<div class=\"cat_description\">\n<div class=\"cat_description\">\n<p>L\u00e4ngd &#8211; 8&#8243; &#8211; vikt &#8211; 2,8 oz<\/p>\n<\/div>\n<div class=\"cat_description\">\n<p>L\u00e4ngd &#8211; 10&#8243; &#8211; Vikt &#8211; 3,0 oz<\/p>\n<p>L\u00e4ngd &#8211; 12&#8243; &#8211; Vikt &#8211; 3,2 oz<\/p>\n<p>L\u00e4ngd &#8211; 15&#8243; &#8211; Vikt &#8211; 3,6 oz<\/p>\n<p>L\u00e4ngd &#8211; 24&#8243; &#8211; Vikt &#8211; 4,6 oz<\/p>\n<p>L\u00e4ngd &#8211; 28&#8243; &#8211; Vikt &#8211; 4,9 oz<\/p>\n<\/div>\n<div class=\"cat_description\">\n<p>L\u00e4ngd &#8211; 30&#8243; &#8211; vikt &#8211; 5,3 oz<\/p>\n<p>L\u00e4ngd &#8211; 33&#8243; &#8211; vikt &#8211; 5,5 oz<\/p>\n<p><b>Diamond-seriens premium Target-stabilisator<\/b><\/p>\n<p><em>PRECISIONSKONSTRUERAD. STABIL SOM BERGET. PERFEKT BALANS.   <\/em><\/p>\n<p>Diamond-serien \u00e4r v\u00e5r mest tekniskt avancerade och precisionskonstruerade stabiliseringsl\u00f6sning hittills. Med 5\/8&#8243; Ultra High Modulus kolfiberr\u00f6r erbjuder Diamond-serien o\u00f6vertr\u00e4ffad balans och stabilitet, en stabil siktupplevelse och dramatiskt minskad vindp\u00e5verkan. Premium Ultra High Modulus kolfiberr\u00f6r minskar den totala massvikten avsev\u00e4rt samtidigt som stabilisatorns styvhet \u00f6kar, vilket resulterar i precisionsbalans f\u00f6r ultimat stabilitet och t\u00e4vlingskrossande precision. Nydesignade \u00e4ndstycken i aluminium har nu en dubbelg\u00e4ngad indexeringsbult med en st\u00e4llskruv f\u00f6r att korrekt justera det skyddande stabilisatoromslaget. \u00c4ndstyckena har 1\/4-20-g\u00e4nga f\u00f6r att acceptera Custom Balance-vikter och tillbeh\u00f6r. Det ultrastela kolmaterialet i kombination med v\u00e5rt interna vibrationsd\u00e4mpande material \u00e5terh\u00e4mtar sig snabbare efter skottet, vilket resulterar i mindre k\u00e4nd vibration.     <\/p>\n<p>ULTRASTEL. ULTRATUNN. ULTRAPRESTANDA.  <\/p>\n<p><span style=\"color: #339966;\"><strong>F\u00f6r alla Dead Center-stabilisatorprodukter som inte visas p\u00e5 v\u00e5r webbplats, v\u00e4nligen kontakta oss direkt. Vi \u00e4r den europeiska distribut\u00f6ren f\u00f6r alla Dead Center-produkter och kan enkelt f\u00e5 den storlek och f\u00e4rg du beh\u00f6ver. <\/strong><\/span><\/p>\n<\/div>\n<div class=\"cat_description\">\n<p><strong>Utvald teknik \u2013<\/strong><\/p>\n<table class=\"mceItemTable\" style=\"width: 554px; height: 289px;\">\n<tbody>\n<tr>\n<td><img decoding=\"async\" src=\"https:\/\/www.deadcenterarchery.com\/Ultra-High-Modulus.png\" width=\"108\" height=\"48\"><\/td>\n<td>Premium ultra High Modulus kolfiberr\u00f6r ger en ultrastel och l\u00e4tt stabilisator som \u00e5terh\u00e4mtar sig snabbare efter skottet med minimerad vibration. Ytterdiametern p\u00e5 endast 5\/8&#8243; minskar vindp\u00e5verkan och \u00e4r idealisk f\u00f6r utomhusprestanda. <\/p>\n<hr>\n<\/td>\n<\/tr>\n<tr>\n<td><img alt=\"\" width=\"108\" height=\"54\"><img decoding=\"async\" src=\"https:\/\/www.deadcenterarchery.com\/Aluminum-6061.png\" alt=\"\" width=\"108\" height=\"54\"><\/td>\n<td>Nydesignade, precisions-CNC-bearbetade sexkants\u00e4ndstycken tillverkade av 6061-T6 aluminium avslutar varje stabilisator. \u00c4ndstycket har 1\/4-20-g\u00e4nga f\u00f6r att acceptera Custom Balance-vikter och BowJax-tillbeh\u00f6r. Monterings\u00e4nden levereras komplett med standard 5\/16-24 g\u00e4ngad bult f\u00f6r montering p\u00e5 en pilb\u00e5ge eller p\u00e5 monteringsutrustning.  <\/p>\n<hr>\n<\/td>\n<\/tr>\n<tr>\n<td><img alt=\"\" width=\"108\" height=\"48\"><img decoding=\"async\" src=\"https:\/\/www.deadcenterarchery.com\/Indexing-Stud.png\" alt=\"\" width=\"108\" height=\"48\"><\/td>\n<td>Diamond-serien har en precisionsbearbetad Dual Thread Indexing Stud f\u00f6r korrekt justering av skyddsomslaget n\u00e4r stabilisatorn \u00e4r installerad.<\/p>\n<hr>\n<\/td>\n<\/tr>\n<tr>\n<td><img decoding=\"async\" src=\"https:\/\/www.deadcenterarchery.com\/Ful-Wrap-Icon.jpg\" width=\"139\" height=\"39\"><\/td>\n<td>Target Series-stabilisatorer levereras kompletta med v\u00e5rt specialanpassade vinylskyddande Stabilizer Full Wrap installerat.<\/p>\n<hr>\n<\/td>\n<\/tr>\n<tr>\n<td><img alt=\"\" width=\"108\" height=\"54\"><img decoding=\"async\" src=\"https:\/\/www.deadcenterarchery.com\/Custom-Balance-Weights.png\" alt=\"\" width=\"108\" height=\"54\"><\/td>\n<td>Target Series-stabilisatorer accepterar Custom Balance-vikter, vilket g\u00f6r att du kan skr\u00e4ddarsy din viktkonfiguration f\u00f6r att passa dina specifika behov. (s\u00e4ljs separat)<br \/>\nB\u00e4ttre balans = ett b\u00e4ttre skott och t\u00e4tare grupper. Punkt.  <\/td>\n<\/tr>\n<\/tbody>\n<\/table>\n<\/div>\n<\/div>\n<div class=\"cat_description\"><\/div>\n","protected":false},"excerpt":{"rendered":"<p>Svart<\/p>\n","protected":false},"featured_media":23297,"comment_status":"open","ping_status":"closed","template":"","meta":[],"product_brand":[],"product_cat":[3026,3025],"product_tag":[],"class_list":{"0":"post-289296","1":"product","2":"type-product","3":"status-publish","4":"has-post-thumbnail","6":"product_cat-korta-malskyttestabilisatorer","7":"product_cat-langa-malskyttestabilisatorer","9":"first","10":"instock","11":"taxable","12":"shipping-taxable","13":"purchasable","14":"product-type-variable"},"composite_virtual":false,"composite_layout":"","composite_add_to_cart_form_location":"","composite_editable_in_cart":false,"composite_sold_individually_context":"","composite_shop_price_calc":"","composite_components":[],"composite_scenarios":[],"group_of_quantity":0,"min_quantity":0,"max_quantity":"","exclude_order_quantity_value_rules":"no","exclude_category_quantity_rules":"no","combine_variations":"no","exclude_global_add_ons":[],"addons":[],"_links":{"self":[{"href":"https:\/\/www.huntersfriend.eu\/sv\/wp-json\/wp\/v2\/product\/289296","targetHints":{"allow":["GET"]}}],"collection":[{"href":"https:\/\/www.huntersfriend.eu\/sv\/wp-json\/wp\/v2\/product"}],"about":[{"href":"https:\/\/www.huntersfriend.eu\/sv\/wp-json\/wp\/v2\/types\/product"}],"replies":[{"embeddable":true,"href":"https:\/\/www.huntersfriend.eu\/sv\/wp-json\/wp\/v2\/comments?post=289296"}],"wp:featuredmedia":[{"embeddable":true,"href":"https:\/\/www.huntersfriend.eu\/sv\/wp-json\/wp\/v2\/media\/23297"}],"wp:attachment":[{"href":"https:\/\/www.huntersfriend.eu\/sv\/wp-json\/wp\/v2\/media?parent=289296"}],"wp:term":[{"taxonomy":"product_brand","embeddable":true,"href":"https:\/\/www.huntersfriend.eu\/sv\/wp-json\/wp\/v2\/product_brand?post=289296"},{"taxonomy":"product_cat","embeddable":true,"href":"https:\/\/www.huntersfriend.eu\/sv\/wp-json\/wp\/v2\/product_cat?post=289296"},{"taxonomy":"product_tag","embeddable":true,"href":"https:\/\/www.huntersfriend.eu\/sv\/wp-json\/wp\/v2\/product_tag?post=289296"}],"curies":[{"name":"wp","href":"https:\/\/api.w.org\/{rel}","templated":true}]}}