{"id":289293,"date":"2019-02-06T14:20:26","date_gmt":"2019-02-06T12:20:26","guid":{"rendered":"https:\/\/www.huntersfriend.eu\/product\/ams-ersattningslina\/"},"modified":"2026-04-27T09:27:14","modified_gmt":"2026-04-27T07:27:14","slug":"ams-ersattningslina","status":"publish","type":"product","link":"https:\/\/www.huntersfriend.eu\/sv\/produkt\/ams-ersattningslina\/","title":{"rendered":"AMS ers\u00e4ttningslina"},"content":{"rendered":"<p>25 yards 200# b\u00e5gfiskelina som kan anv\u00e4ndas i AMS Retrievers. Snabb, l\u00e4tt och vattenresistent. Tillverkad av fl\u00e4tad Dacron. Du b\u00f6r alltid ha extra lina redo f\u00f6r den d\u00e4r enorma fisken.   <\/p>\n<p>Den h\u00e4r spolen inneh\u00e5ller 25 yards lina, vilket \u00e4r en komplett p\u00e5fyllning f\u00f6r standardflaskan AMS Retriever!<\/p>\n","protected":false},"excerpt":{"rendered":"<p>25 yards orange 200#<\/p>\n","protected":false},"featured_media":210945,"comment_status":"open","ping_status":"closed","template":"","meta":[],"product_brand":[],"product_cat":[2910],"product_tag":[],"class_list":{"0":"post-289293","1":"product","2":"type-product","3":"status-publish","4":"has-post-thumbnail","6":"product_cat-delar-bagfiske","8":"first","9":"instock","10":"taxable","11":"shipping-taxable","12":"purchasable","13":"product-type-simple"},"composite_virtual":false,"composite_layout":"","composite_add_to_cart_form_location":"","composite_editable_in_cart":false,"composite_sold_individually_context":"","composite_shop_price_calc":"","composite_components":[],"composite_scenarios":[],"group_of_quantity":0,"min_quantity":0,"max_quantity":"","exclude_order_quantity_value_rules":"no","exclude_category_quantity_rules":"no","combine_variations":"no","exclude_global_add_ons":[],"addons":[],"_links":{"self":[{"href":"https:\/\/www.huntersfriend.eu\/sv\/wp-json\/wp\/v2\/product\/289293","targetHints":{"allow":["GET"]}}],"collection":[{"href":"https:\/\/www.huntersfriend.eu\/sv\/wp-json\/wp\/v2\/product"}],"about":[{"href":"https:\/\/www.huntersfriend.eu\/sv\/wp-json\/wp\/v2\/types\/product"}],"replies":[{"embeddable":true,"href":"https:\/\/www.huntersfriend.eu\/sv\/wp-json\/wp\/v2\/comments?post=289293"}],"wp:featuredmedia":[{"embeddable":true,"href":"https:\/\/www.huntersfriend.eu\/sv\/wp-json\/wp\/v2\/media\/210945"}],"wp:attachment":[{"href":"https:\/\/www.huntersfriend.eu\/sv\/wp-json\/wp\/v2\/media?parent=289293"}],"wp:term":[{"taxonomy":"product_brand","embeddable":true,"href":"https:\/\/www.huntersfriend.eu\/sv\/wp-json\/wp\/v2\/product_brand?post=289293"},{"taxonomy":"product_cat","embeddable":true,"href":"https:\/\/www.huntersfriend.eu\/sv\/wp-json\/wp\/v2\/product_cat?post=289293"},{"taxonomy":"product_tag","embeddable":true,"href":"https:\/\/www.huntersfriend.eu\/sv\/wp-json\/wp\/v2\/product_tag?post=289293"}],"curies":[{"name":"wp","href":"https:\/\/api.w.org\/{rel}","templated":true}]}}