{"id":289292,"date":"2019-02-06T17:20:15","date_gmt":"2019-02-06T15:20:15","guid":{"rendered":"https:\/\/www.huntersfriend.eu\/product\/dead-center-diam-combo-enkel-offset\/"},"modified":"2025-08-27T14:17:25","modified_gmt":"2025-08-27T12:17:25","slug":"dead-center-diam-combo-enkel-offset","status":"publish","type":"product","link":"https:\/\/www.huntersfriend.eu\/sv\/produkt\/dead-center-diam-combo-enkel-offset\/","title":{"rendered":"Dead Center diam. Combo enkel offset"},"content":{"rendered":"<p><b>Passar h\u00f6ger eller v\u00e4nster hand<\/p>\n<p><\/b><strong>vikt:<\/strong> 145 g<\/p>\n<p>The<em><strong> Diamond-serien \u2013 konstruerad f\u00f6r stens\u00e4ker prestanda och perfekt balans.<\/strong><\/em><\/p>\n<p>Diamond Series Combo Mount integrerar en rak Front Quick Disconnect med en Single Offset Mount f\u00f6r en stens\u00e4ker monteringsl\u00f6sning. Har den nya TaperLok-designen vid varje fog som m\u00f6jligg\u00f6r n\u00f6dv\u00e4ndig o\u00e4ndlig justering och kommer helt enkelt inte att lossna oavsett hur mycket vikt som anv\u00e4nds p\u00e5 stabilisatorn. Lasergraverade justeringsm\u00e4rken m\u00f6jligg\u00f6r exakt positionering. Tillverkad av precisions-CNC-bearbetad 6061-T6 aluminium. Levereras komplett med Diamond-seriens Quick Disconnect Adjusting Arm f\u00f6r \u00f6kad styvhet, styrka och ytkontakt f\u00f6r att minimera flex och r\u00f6relse skott efter skott.    <\/p>\n<p><b>F\u00f6r alla Dead Center-stabilisatorprodukter som inte visas p\u00e5 v\u00e5r webbplats, v\u00e4nligen kontakta oss direkt. Vi \u00e4r den europeiska distribut\u00f6ren f\u00f6r alla Dead Center-produkter och kan enkelt f\u00e5 den storlek och f\u00e4rg du beh\u00f6ver <\/b><\/p>\n","protected":false},"excerpt":{"rendered":"<p>Offset<\/p>\n","protected":false},"featured_media":210960,"comment_status":"open","ping_status":"closed","template":"","meta":[],"product_brand":[],"product_cat":[3049,2792],"product_tag":[],"class_list":{"0":"post-289292","1":"product","2":"type-product","3":"status-publish","4":"has-post-thumbnail","6":"product_cat-offset-och-sidofasten","7":"product_cat-vinkelmontering-och-snabbkoppling","9":"first","10":"instock","11":"taxable","12":"shipping-taxable","13":"purchasable","14":"product-type-simple"},"composite_virtual":false,"composite_layout":"","composite_add_to_cart_form_location":"","composite_editable_in_cart":false,"composite_sold_individually_context":"","composite_shop_price_calc":"","composite_components":[],"composite_scenarios":[],"group_of_quantity":0,"min_quantity":0,"max_quantity":"","exclude_order_quantity_value_rules":"no","exclude_category_quantity_rules":"no","combine_variations":"no","exclude_global_add_ons":[],"addons":[],"_links":{"self":[{"href":"https:\/\/www.huntersfriend.eu\/sv\/wp-json\/wp\/v2\/product\/289292","targetHints":{"allow":["GET"]}}],"collection":[{"href":"https:\/\/www.huntersfriend.eu\/sv\/wp-json\/wp\/v2\/product"}],"about":[{"href":"https:\/\/www.huntersfriend.eu\/sv\/wp-json\/wp\/v2\/types\/product"}],"replies":[{"embeddable":true,"href":"https:\/\/www.huntersfriend.eu\/sv\/wp-json\/wp\/v2\/comments?post=289292"}],"wp:featuredmedia":[{"embeddable":true,"href":"https:\/\/www.huntersfriend.eu\/sv\/wp-json\/wp\/v2\/media\/210960"}],"wp:attachment":[{"href":"https:\/\/www.huntersfriend.eu\/sv\/wp-json\/wp\/v2\/media?parent=289292"}],"wp:term":[{"taxonomy":"product_brand","embeddable":true,"href":"https:\/\/www.huntersfriend.eu\/sv\/wp-json\/wp\/v2\/product_brand?post=289292"},{"taxonomy":"product_cat","embeddable":true,"href":"https:\/\/www.huntersfriend.eu\/sv\/wp-json\/wp\/v2\/product_cat?post=289292"},{"taxonomy":"product_tag","embeddable":true,"href":"https:\/\/www.huntersfriend.eu\/sv\/wp-json\/wp\/v2\/product_tag?post=289292"}],"curies":[{"name":"wp","href":"https:\/\/api.w.org\/{rel}","templated":true}]}}