{"id":289291,"date":"2019-02-06T14:20:19","date_gmt":"2019-02-06T12:20:19","guid":{"rendered":"https:\/\/www.huntersfriend.eu\/product\/tightspot-faste-for-sikteomvandling\/"},"modified":"2026-04-08T11:03:24","modified_gmt":"2026-04-08T09:03:24","slug":"tightspot-faste-for-sikteomvandling","status":"publish","type":"product","link":"https:\/\/www.huntersfriend.eu\/sv\/produkt\/tightspot-faste-for-sikteomvandling\/","title":{"rendered":"Tightspot \u2013 f\u00e4ste f\u00f6r sikteomvandling"},"content":{"rendered":"<p><span style=\"display: inline !important; float: none; background-color: transparent; color: #222222; font-family: 'OpenSans',sans-serif; font-size: 12.93px; font-style: normal; font-variant: normal; font-weight: 400; letter-spacing: normal; line-height: 16.8px; orphans: 2; text-align: left; text-decoration: none; text-indent: 0px; text-shadow: none; text-transform: none; -webkit-text-stroke-width: 0px; white-space: normal; word-spacing: 0px;\">Det h\u00e4r nya f\u00e4stet \u00e4r 40 % l\u00e4ttare \u00e4n den tidigare versionen och har ytterligare 15 graders rotation f\u00f6r b\u00e4ttre frig\u00e5ng p\u00e5 olika b\u00e5ginst\u00e4llningar.<\/span><\/p>\n","protected":false},"excerpt":{"rendered":"<p>Det h\u00e4r nya f\u00e4stet \u00e4r 40 % l\u00e4ttare \u00e4n den tidigare versionen och har ytterligare 15 graders rotation f\u00f6r b\u00e4ttre frig\u00e5ng p\u00e5 olika b\u00e5ginst\u00e4llningar.<\/p>\n","protected":false},"featured_media":210884,"comment_status":"open","ping_status":"closed","template":"","meta":[],"product_brand":[],"product_cat":[878],"product_tag":[],"class_list":{"0":"post-289291","1":"product","2":"type-product","3":"status-publish","4":"has-post-thumbnail","6":"product_cat-uncategorized-sv","8":"first","9":"outofstock","10":"taxable","11":"shipping-taxable","12":"purchasable","13":"product-type-simple"},"composite_virtual":false,"composite_layout":"","composite_add_to_cart_form_location":"","composite_editable_in_cart":false,"composite_sold_individually_context":"","composite_shop_price_calc":"","composite_components":[],"composite_scenarios":[],"group_of_quantity":0,"min_quantity":0,"max_quantity":"","exclude_order_quantity_value_rules":"no","exclude_category_quantity_rules":"no","combine_variations":"no","exclude_global_add_ons":[],"addons":[],"_links":{"self":[{"href":"https:\/\/www.huntersfriend.eu\/sv\/wp-json\/wp\/v2\/product\/289291","targetHints":{"allow":["GET"]}}],"collection":[{"href":"https:\/\/www.huntersfriend.eu\/sv\/wp-json\/wp\/v2\/product"}],"about":[{"href":"https:\/\/www.huntersfriend.eu\/sv\/wp-json\/wp\/v2\/types\/product"}],"replies":[{"embeddable":true,"href":"https:\/\/www.huntersfriend.eu\/sv\/wp-json\/wp\/v2\/comments?post=289291"}],"wp:featuredmedia":[{"embeddable":true,"href":"https:\/\/www.huntersfriend.eu\/sv\/wp-json\/wp\/v2\/media\/210884"}],"wp:attachment":[{"href":"https:\/\/www.huntersfriend.eu\/sv\/wp-json\/wp\/v2\/media?parent=289291"}],"wp:term":[{"taxonomy":"product_brand","embeddable":true,"href":"https:\/\/www.huntersfriend.eu\/sv\/wp-json\/wp\/v2\/product_brand?post=289291"},{"taxonomy":"product_cat","embeddable":true,"href":"https:\/\/www.huntersfriend.eu\/sv\/wp-json\/wp\/v2\/product_cat?post=289291"},{"taxonomy":"product_tag","embeddable":true,"href":"https:\/\/www.huntersfriend.eu\/sv\/wp-json\/wp\/v2\/product_tag?post=289291"}],"curies":[{"name":"wp","href":"https:\/\/api.w.org\/{rel}","templated":true}]}}