{"id":289288,"date":"2019-02-06T17:20:14","date_gmt":"2019-02-06T15:20:14","guid":{"rendered":"https:\/\/www.huntersfriend.eu\/product\/dead-center-framre-snabbkoppling-rak\/"},"modified":"2025-08-27T14:17:21","modified_gmt":"2025-08-27T12:17:21","slug":"dead-center-framre-snabbkoppling-rak","status":"publish","type":"product","link":"https:\/\/www.huntersfriend.eu\/sv\/produkt\/dead-center-framre-snabbkoppling-rak\/","title":{"rendered":"Dead Center fr\u00e4mre snabbkoppling, rak"},"content":{"rendered":"<p><b>Vikt:<\/b> 1,6 oz.<\/p>\n<p>Den fr\u00e4mre snabbkopplingen \u00e4r ett enkelt s\u00e4tt att f\u00e4sta en stabilisator p\u00e5 framsidan av din pilb\u00e5ge. M\u00f6jligg\u00f6r snabb och enkel fasts\u00e4ttning och borttagning. <\/p>\n<p>Inkluderar 5\/16-24 g\u00e4ngad bult f\u00f6r fasts\u00e4ttning p\u00e5 valfri pilb\u00e5ge och g\u00e4ngad fastsp\u00e4nningsst\u00e5ng f\u00f6r fasts\u00e4ttning p\u00e5 stabilisatorn<\/p>\n","protected":false},"excerpt":{"rendered":"<p>Rak<\/p>\n","protected":false},"featured_media":210948,"comment_status":"open","ping_status":"closed","template":"","meta":[],"product_brand":[],"product_cat":[2792],"product_tag":[],"class_list":{"0":"post-289288","1":"product","2":"type-product","3":"status-publish","4":"has-post-thumbnail","6":"product_cat-vinkelmontering-och-snabbkoppling","8":"first","9":"instock","10":"taxable","11":"shipping-taxable","12":"purchasable","13":"product-type-simple"},"composite_virtual":false,"composite_layout":"","composite_add_to_cart_form_location":"","composite_editable_in_cart":false,"composite_sold_individually_context":"","composite_shop_price_calc":"","composite_components":[],"composite_scenarios":[],"group_of_quantity":0,"min_quantity":0,"max_quantity":"","exclude_order_quantity_value_rules":"no","exclude_category_quantity_rules":"no","combine_variations":"no","exclude_global_add_ons":[],"addons":[],"_links":{"self":[{"href":"https:\/\/www.huntersfriend.eu\/sv\/wp-json\/wp\/v2\/product\/289288","targetHints":{"allow":["GET"]}}],"collection":[{"href":"https:\/\/www.huntersfriend.eu\/sv\/wp-json\/wp\/v2\/product"}],"about":[{"href":"https:\/\/www.huntersfriend.eu\/sv\/wp-json\/wp\/v2\/types\/product"}],"replies":[{"embeddable":true,"href":"https:\/\/www.huntersfriend.eu\/sv\/wp-json\/wp\/v2\/comments?post=289288"}],"wp:featuredmedia":[{"embeddable":true,"href":"https:\/\/www.huntersfriend.eu\/sv\/wp-json\/wp\/v2\/media\/210948"}],"wp:attachment":[{"href":"https:\/\/www.huntersfriend.eu\/sv\/wp-json\/wp\/v2\/media?parent=289288"}],"wp:term":[{"taxonomy":"product_brand","embeddable":true,"href":"https:\/\/www.huntersfriend.eu\/sv\/wp-json\/wp\/v2\/product_brand?post=289288"},{"taxonomy":"product_cat","embeddable":true,"href":"https:\/\/www.huntersfriend.eu\/sv\/wp-json\/wp\/v2\/product_cat?post=289288"},{"taxonomy":"product_tag","embeddable":true,"href":"https:\/\/www.huntersfriend.eu\/sv\/wp-json\/wp\/v2\/product_tag?post=289288"}],"curies":[{"name":"wp","href":"https:\/\/api.w.org\/{rel}","templated":true}]}}