{"id":289282,"date":"2020-10-07T11:20:36","date_gmt":"2020-10-07T09:20:36","guid":{"rendered":"https:\/\/www.huntersfriend.eu\/product\/kraniekrok-benfaste\/"},"modified":"2025-12-22T12:18:26","modified_gmt":"2025-12-22T10:18:26","slug":"kraniekrok-benfaste","status":"publish","type":"product","link":"https:\/\/www.huntersfriend.eu\/sv\/produkt\/kraniekrok-benfaste\/","title":{"rendered":"Kraniekrok benf\u00e4ste"},"content":{"rendered":"<p>Nytt omdesignat benf\u00e4ste<sup>\u00ae<\/sup> erbjuder en starkare arm och platta f\u00f6r mindre trof\u00e9er med kranieplatta, som till exempel hjort- och antiloparter \u00f6ver hela v\u00e4rlden. Benf\u00e4ste<sup>\u00ae<\/sup> erbjuder rotationsjusteringar upp eller ner och vinkeljusteringar v\u00e4nster eller h\u00f6ger \u2013 vilket ger optimal visning av din trof\u00e9. Benf\u00e4ste<sup>\u00ae<\/sup> kan monteras och h\u00e4ngas upp p\u00e5 bara n\u00e5gra minuter. Montera helt enkelt v\u00e4ggplattan p\u00e5 en v\u00e4ggregel med de medf\u00f6ljande skruvarna, f\u00e4st kranieplattans justerare p\u00e5 armen, lokalisera och borra tv\u00e5 h\u00e5l i kranieplattan och installera tv\u00e5 skruvar f\u00f6r att f\u00e4sta kranieplattan p\u00e5 kranieplattans justerare. S\u00e4tt sedan bara in de avsmalnande armpinnarna i v\u00e4ggplattans beh\u00e5llare och g\u00f6r eventuella slutjusteringar av trof\u00e9ns positionering f\u00f6r den perfekta visningen.    <\/p>\n<p>Delar som ing\u00e5r: v\u00e4ggplatta (1), arm (1), kranieplattaadapter (1) och all n\u00f6dv\u00e4ndig h\u00e5rdvara<\/p>\n","protected":false},"excerpt":{"rendered":"<p>Tumma, kalloteline<\/p>\n","protected":false},"featured_media":209271,"comment_status":"open","ping_status":"closed","template":"","meta":[],"product_brand":[],"product_cat":[2847],"product_tag":[],"class_list":{"0":"post-289282","1":"product","2":"type-product","3":"status-publish","4":"has-post-thumbnail","6":"product_cat-taxidermi","8":"first","9":"outofstock","10":"taxable","11":"shipping-taxable","12":"purchasable","13":"product-type-simple"},"composite_virtual":false,"composite_layout":"","composite_add_to_cart_form_location":"","composite_editable_in_cart":false,"composite_sold_individually_context":"","composite_shop_price_calc":"","composite_components":[],"composite_scenarios":[],"group_of_quantity":0,"min_quantity":0,"max_quantity":"","exclude_order_quantity_value_rules":"no","exclude_category_quantity_rules":"no","combine_variations":"no","exclude_global_add_ons":[],"addons":[],"_links":{"self":[{"href":"https:\/\/www.huntersfriend.eu\/sv\/wp-json\/wp\/v2\/product\/289282","targetHints":{"allow":["GET"]}}],"collection":[{"href":"https:\/\/www.huntersfriend.eu\/sv\/wp-json\/wp\/v2\/product"}],"about":[{"href":"https:\/\/www.huntersfriend.eu\/sv\/wp-json\/wp\/v2\/types\/product"}],"replies":[{"embeddable":true,"href":"https:\/\/www.huntersfriend.eu\/sv\/wp-json\/wp\/v2\/comments?post=289282"}],"wp:featuredmedia":[{"embeddable":true,"href":"https:\/\/www.huntersfriend.eu\/sv\/wp-json\/wp\/v2\/media\/209271"}],"wp:attachment":[{"href":"https:\/\/www.huntersfriend.eu\/sv\/wp-json\/wp\/v2\/media?parent=289282"}],"wp:term":[{"taxonomy":"product_brand","embeddable":true,"href":"https:\/\/www.huntersfriend.eu\/sv\/wp-json\/wp\/v2\/product_brand?post=289282"},{"taxonomy":"product_cat","embeddable":true,"href":"https:\/\/www.huntersfriend.eu\/sv\/wp-json\/wp\/v2\/product_cat?post=289282"},{"taxonomy":"product_tag","embeddable":true,"href":"https:\/\/www.huntersfriend.eu\/sv\/wp-json\/wp\/v2\/product_tag?post=289282"}],"curies":[{"name":"wp","href":"https:\/\/api.w.org\/{rel}","templated":true}]}}