{"id":289281,"date":"2020-08-07T14:20:36","date_gmt":"2020-08-07T12:20:36","guid":{"rendered":"https:\/\/www.huntersfriend.eu\/product\/scentlok-radar-fleece-huvudbonad-mossy-oak\/"},"modified":"2025-08-27T14:16:56","modified_gmt":"2025-08-27T12:16:56","slug":"scentlok-radar-fleece-huvudbonad-mossy-oak","status":"publish","type":"product","link":"https:\/\/www.huntersfriend.eu\/sv\/produkt\/scentlok-radar-fleece-huvudbonad-mossy-oak\/","title":{"rendered":"Scentlok radar fleece huvudbonad &#8211; mossy oak"},"content":{"rendered":"<div class=\"product attribute overview\">\n<div class=\"value\">\n<p>Denna huvudbonad kombinerar den traditionella m\u00f6ssan f\u00f6r kallt v\u00e4der med det senaste inom doftkontrollteknologi.<\/p>\n<p><strong>\u2022 Carbon Alloy\u2122<\/strong> <strong>teknologi<\/strong><br \/>\nGer maximal luktabsorption<br \/>\n\u2022<strong> DWR-finish<br \/>\n<\/strong> St\u00f6ter bort l\u00e4tt fukt<br \/>\n<strong>\u2022 Fukttransporterande behandling<br \/>\n<\/strong> Transporterar bort svett och h\u00e5ller dig sval<br \/>\n<strong>\u2022 Varmt 180g fleece yttertyg &amp; 380g fleece innertyg<br \/>\n<\/strong> Hj\u00e4lper till att h\u00e5lla dig varm i de brutala f\u00f6rh\u00e5llandena sent p\u00e5 s\u00e4songen<br \/>\n<strong>\u2022 Akrylband som kan vikas ner<br \/>\n<\/strong> Extra v\u00e4rme f\u00f6r \u00f6ronen<br \/>\n<strong>\u2022 Tv\u00e5 justeringsanordningar baktill<\/strong><br \/>\nGer en s\u00e4ker passform<\/p>\n<p>&nbsp;<\/p>\n<\/div>\n<\/div>\n<div class=\"seasons\"><\/div>\n","protected":false},"excerpt":{"rendered":"<p>Radar-stil fleece huvudbonad. Mossy oak break up <\/p>\n","protected":false},"featured_media":210350,"comment_status":"open","ping_status":"closed","template":"","meta":[],"product_brand":[],"product_cat":[2765,2716],"product_tag":[],"class_list":{"0":"post-289281","1":"product","2":"type-product","3":"status-publish","4":"has-post-thumbnail","6":"product_cat-fyndlada-slutrea","7":"product_cat-hattar-och-huvudbonader","9":"first","10":"instock","11":"sale","12":"taxable","13":"shipping-taxable","14":"purchasable","15":"product-type-simple"},"composite_virtual":false,"composite_layout":"","composite_add_to_cart_form_location":"","composite_editable_in_cart":false,"composite_sold_individually_context":"","composite_shop_price_calc":"","composite_components":[],"composite_scenarios":[],"group_of_quantity":0,"min_quantity":0,"max_quantity":"","exclude_order_quantity_value_rules":"no","exclude_category_quantity_rules":"no","combine_variations":"no","exclude_global_add_ons":[],"addons":[],"_links":{"self":[{"href":"https:\/\/www.huntersfriend.eu\/sv\/wp-json\/wp\/v2\/product\/289281","targetHints":{"allow":["GET"]}}],"collection":[{"href":"https:\/\/www.huntersfriend.eu\/sv\/wp-json\/wp\/v2\/product"}],"about":[{"href":"https:\/\/www.huntersfriend.eu\/sv\/wp-json\/wp\/v2\/types\/product"}],"replies":[{"embeddable":true,"href":"https:\/\/www.huntersfriend.eu\/sv\/wp-json\/wp\/v2\/comments?post=289281"}],"wp:featuredmedia":[{"embeddable":true,"href":"https:\/\/www.huntersfriend.eu\/sv\/wp-json\/wp\/v2\/media\/210350"}],"wp:attachment":[{"href":"https:\/\/www.huntersfriend.eu\/sv\/wp-json\/wp\/v2\/media?parent=289281"}],"wp:term":[{"taxonomy":"product_brand","embeddable":true,"href":"https:\/\/www.huntersfriend.eu\/sv\/wp-json\/wp\/v2\/product_brand?post=289281"},{"taxonomy":"product_cat","embeddable":true,"href":"https:\/\/www.huntersfriend.eu\/sv\/wp-json\/wp\/v2\/product_cat?post=289281"},{"taxonomy":"product_tag","embeddable":true,"href":"https:\/\/www.huntersfriend.eu\/sv\/wp-json\/wp\/v2\/product_tag?post=289281"}],"curies":[{"name":"wp","href":"https:\/\/api.w.org\/{rel}","templated":true}]}}