{"id":289280,"date":"2020-10-08T11:20:33","date_gmt":"2020-10-08T09:20:33","guid":{"rendered":"https:\/\/www.huntersfriend.eu\/product\/truglo-glo-dot-universal-pro-rott-korn\/"},"modified":"2025-08-27T14:16:51","modified_gmt":"2025-08-27T12:16:51","slug":"truglo-glo-dot-universal-pro-rott-korn","status":"publish","type":"product","link":"https:\/\/www.huntersfriend.eu\/sv\/produkt\/truglo-glo-dot-universal-pro-rott-korn\/","title":{"rendered":"Truglo GLO DOT\u2122 universal pro \u2013 r\u00f6tt korn"},"content":{"rendered":"<p>Viktigaste egenskaper:<\/p>\n<p>Original sikte f\u00f6r trap och sporting<br \/>Passar alla ventilerade hagelgev\u00e4r, oavsett bredd och avsmalning<br \/>Extremt l\u00e5g profil<br \/>Fiberf\u00e4rg r\u00f6d<br \/>Fiberdiameter 1,98 mm<\/p>\n","protected":false},"excerpt":{"rendered":"<p>Viktigaste egenskaper: Original sikte f\u00f6r trap och sportingPassar alla ventilerade hagelgev\u00e4r, oavsett bredd och avsmalningExtremt l\u00e5g profilFiberf\u00e4rg r\u00f6dFiberdiameter 1,98 mm<\/p>\n","protected":false},"featured_media":209307,"comment_status":"open","ping_status":"closed","template":"","meta":[],"product_brand":[],"product_cat":[2564],"product_tag":[],"class_list":{"0":"post-289280","1":"product","2":"type-product","3":"status-publish","4":"has-post-thumbnail","6":"product_cat-remmar-tillbehor","8":"first","9":"instock","10":"taxable","11":"shipping-taxable","12":"purchasable","13":"product-type-simple"},"composite_virtual":false,"composite_layout":"","composite_add_to_cart_form_location":"","composite_editable_in_cart":false,"composite_sold_individually_context":"","composite_shop_price_calc":"","composite_components":[],"composite_scenarios":[],"group_of_quantity":0,"min_quantity":0,"max_quantity":"","exclude_order_quantity_value_rules":"no","exclude_category_quantity_rules":"no","combine_variations":"no","exclude_global_add_ons":[],"addons":[],"_links":{"self":[{"href":"https:\/\/www.huntersfriend.eu\/sv\/wp-json\/wp\/v2\/product\/289280","targetHints":{"allow":["GET"]}}],"collection":[{"href":"https:\/\/www.huntersfriend.eu\/sv\/wp-json\/wp\/v2\/product"}],"about":[{"href":"https:\/\/www.huntersfriend.eu\/sv\/wp-json\/wp\/v2\/types\/product"}],"replies":[{"embeddable":true,"href":"https:\/\/www.huntersfriend.eu\/sv\/wp-json\/wp\/v2\/comments?post=289280"}],"wp:featuredmedia":[{"embeddable":true,"href":"https:\/\/www.huntersfriend.eu\/sv\/wp-json\/wp\/v2\/media\/209307"}],"wp:attachment":[{"href":"https:\/\/www.huntersfriend.eu\/sv\/wp-json\/wp\/v2\/media?parent=289280"}],"wp:term":[{"taxonomy":"product_brand","embeddable":true,"href":"https:\/\/www.huntersfriend.eu\/sv\/wp-json\/wp\/v2\/product_brand?post=289280"},{"taxonomy":"product_cat","embeddable":true,"href":"https:\/\/www.huntersfriend.eu\/sv\/wp-json\/wp\/v2\/product_cat?post=289280"},{"taxonomy":"product_tag","embeddable":true,"href":"https:\/\/www.huntersfriend.eu\/sv\/wp-json\/wp\/v2\/product_tag?post=289280"}],"curies":[{"name":"wp","href":"https:\/\/api.w.org\/{rel}","templated":true}]}}