{"id":289269,"date":"2020-05-13T13:41:02","date_gmt":"2020-05-13T11:41:02","guid":{"rendered":"https:\/\/www.huntersfriend.eu\/product\/pard-nv007-48-mm-adapter\/"},"modified":"2025-11-07T09:34:24","modified_gmt":"2025-11-07T07:34:24","slug":"pard-nv007-48-mm-adapter","status":"publish","type":"product","link":"https:\/\/www.huntersfriend.eu\/sv\/produkt\/pard-nv007-48-mm-adapter\/","title":{"rendered":"Pard NV007 48 mm adapter"},"content":{"rendered":"<p>F\u00f6r anv\u00e4ndning p\u00e5 48 mm kikarsiktesringar och mindre \u2013 tillsammans med Pard NV007 m\u00f6rkerkikare<\/p>\n","protected":false},"excerpt":{"rendered":"<p>F\u00f6r anv\u00e4ndning p\u00e5 48 mm kikarsiktesringar och mindre \u2013 tillsammans med Pard NV007 m\u00f6rkerkikare<\/p>\n","protected":false},"featured_media":208891,"comment_status":"open","ping_status":"closed","template":"","meta":[],"product_brand":[],"product_cat":[2756],"product_tag":[],"class_list":{"0":"post-289269","1":"product","2":"type-product","3":"status-publish","4":"has-post-thumbnail","6":"product_cat-morkerseende","8":"first","9":"instock","10":"sale","11":"taxable","12":"shipping-taxable","13":"purchasable","14":"product-type-simple"},"composite_virtual":false,"composite_layout":"","composite_add_to_cart_form_location":"","composite_editable_in_cart":false,"composite_sold_individually_context":"","composite_shop_price_calc":"","composite_components":[],"composite_scenarios":[],"group_of_quantity":0,"min_quantity":0,"max_quantity":"","exclude_order_quantity_value_rules":"no","exclude_category_quantity_rules":"no","combine_variations":"no","exclude_global_add_ons":[],"addons":[],"_links":{"self":[{"href":"https:\/\/www.huntersfriend.eu\/sv\/wp-json\/wp\/v2\/product\/289269","targetHints":{"allow":["GET"]}}],"collection":[{"href":"https:\/\/www.huntersfriend.eu\/sv\/wp-json\/wp\/v2\/product"}],"about":[{"href":"https:\/\/www.huntersfriend.eu\/sv\/wp-json\/wp\/v2\/types\/product"}],"replies":[{"embeddable":true,"href":"https:\/\/www.huntersfriend.eu\/sv\/wp-json\/wp\/v2\/comments?post=289269"}],"wp:featuredmedia":[{"embeddable":true,"href":"https:\/\/www.huntersfriend.eu\/sv\/wp-json\/wp\/v2\/media\/208891"}],"wp:attachment":[{"href":"https:\/\/www.huntersfriend.eu\/sv\/wp-json\/wp\/v2\/media?parent=289269"}],"wp:term":[{"taxonomy":"product_brand","embeddable":true,"href":"https:\/\/www.huntersfriend.eu\/sv\/wp-json\/wp\/v2\/product_brand?post=289269"},{"taxonomy":"product_cat","embeddable":true,"href":"https:\/\/www.huntersfriend.eu\/sv\/wp-json\/wp\/v2\/product_cat?post=289269"},{"taxonomy":"product_tag","embeddable":true,"href":"https:\/\/www.huntersfriend.eu\/sv\/wp-json\/wp\/v2\/product_tag?post=289269"}],"curies":[{"name":"wp","href":"https:\/\/api.w.org\/{rel}","templated":true}]}}