{"id":289268,"date":"2020-10-07T14:20:56","date_gmt":"2020-10-07T12:20:56","guid":{"rendered":"https:\/\/www.huntersfriend.eu\/product\/carlson-sporting-clays-choke-tuber\/"},"modified":"2026-03-11T14:36:10","modified_gmt":"2026-03-11T12:36:10","slug":"carlson-sporting-clays-choke-tuber","status":"publish","type":"product","link":"https:\/\/www.huntersfriend.eu\/sv\/produkt\/carlson-sporting-clays-choke-tuber\/","title":{"rendered":"Carlson sporting clays choke tuber"},"content":{"rendered":"<p>Carlson&#8217;s Sporting Clays choke tuber \u00e4r tillverkade av 17-4 rostfritt st\u00e5l och precisionsbearbetade. Sporting Clays ger b\u00e4ttre tr\u00e4ffbilder \u00e4n standard choke tuber. Dessa choke tuber har en 25 % st\u00f6rre parallell sektion i choken. Tack vare den st\u00f6rre parallella sektionen ger Sporting Clays chokes j\u00e4mnare tr\u00e4ffbilder \u00e4n konventionella choke tuber. Varje choke tube \u00e4r r\u00e4fflad i \u00e4nden f\u00f6r snabb och enkel borttagning. Varje choke tube har strypningen laserm\u00e4rkt p\u00e5 \u00e4nden f\u00f6r enkel referens.     <\/p>\n<p>Du kan anv\u00e4nda bly, st\u00e5l, nickel, kopparpl\u00e4terade, Hevi-Shotshells\u2122 och hagel n\u00e4r du anv\u00e4nder Carlson\u00b4s Sporting Clays chokes. St\u00e5lhagel st\u00f6rre \u00e4n BB b\u00f6r inte anv\u00e4ndas i n\u00e5gon Sporting Clays Choke som \u00e4r tightare \u00e4n full constriction. <\/p>\n<p>Invector-g\u00e4ngan passar med Winchester (Shadow etc.), Browning Invector, Mossberg, Ruger (Pre-1993), Savage Arms och Weatherby hagelgev\u00e4r.<\/p>\n<p><strong>OBS!<\/strong> Winchester SX-2, SX-3, SX-4 &amp; SXP anv\u00e4nder Browning <strong>Invector Plus<\/strong> choke tuber.<\/p>\n","protected":false},"excerpt":{"rendered":"<p>12 cal.<\/p>\n","protected":false},"featured_media":202856,"comment_status":"open","ping_status":"closed","template":"","meta":[],"product_brand":[],"product_cat":[2762],"product_tag":[],"class_list":{"0":"post-289268","1":"product","2":"type-product","3":"status-publish","4":"has-post-thumbnail","6":"product_cat-choker","8":"first","9":"instock","10":"taxable","11":"shipping-taxable","12":"purchasable","13":"product-type-variable"},"composite_virtual":false,"composite_layout":"","composite_add_to_cart_form_location":"","composite_editable_in_cart":false,"composite_sold_individually_context":"","composite_shop_price_calc":"","composite_components":[],"composite_scenarios":[],"group_of_quantity":0,"min_quantity":0,"max_quantity":"","exclude_order_quantity_value_rules":"no","exclude_category_quantity_rules":"no","combine_variations":"no","exclude_global_add_ons":[],"addons":[],"_links":{"self":[{"href":"https:\/\/www.huntersfriend.eu\/sv\/wp-json\/wp\/v2\/product\/289268","targetHints":{"allow":["GET"]}}],"collection":[{"href":"https:\/\/www.huntersfriend.eu\/sv\/wp-json\/wp\/v2\/product"}],"about":[{"href":"https:\/\/www.huntersfriend.eu\/sv\/wp-json\/wp\/v2\/types\/product"}],"replies":[{"embeddable":true,"href":"https:\/\/www.huntersfriend.eu\/sv\/wp-json\/wp\/v2\/comments?post=289268"}],"wp:featuredmedia":[{"embeddable":true,"href":"https:\/\/www.huntersfriend.eu\/sv\/wp-json\/wp\/v2\/media\/202856"}],"wp:attachment":[{"href":"https:\/\/www.huntersfriend.eu\/sv\/wp-json\/wp\/v2\/media?parent=289268"}],"wp:term":[{"taxonomy":"product_brand","embeddable":true,"href":"https:\/\/www.huntersfriend.eu\/sv\/wp-json\/wp\/v2\/product_brand?post=289268"},{"taxonomy":"product_cat","embeddable":true,"href":"https:\/\/www.huntersfriend.eu\/sv\/wp-json\/wp\/v2\/product_cat?post=289268"},{"taxonomy":"product_tag","embeddable":true,"href":"https:\/\/www.huntersfriend.eu\/sv\/wp-json\/wp\/v2\/product_tag?post=289268"}],"curies":[{"name":"wp","href":"https:\/\/api.w.org\/{rel}","templated":true}]}}