{"id":289261,"date":"2020-03-06T12:23:46","date_gmt":"2020-03-06T10:23:46","guid":{"rendered":"https:\/\/www.huntersfriend.eu\/product\/skylon-carbon-edge-6-2-pilbagsaxel\/"},"modified":"2026-03-05T12:42:25","modified_gmt":"2026-03-05T10:42:25","slug":"skylon-carbon-edge-6-2-pilbagsaxel","status":"publish","type":"product","link":"https:\/\/www.huntersfriend.eu\/sv\/produkt\/skylon-carbon-edge-6-2-pilbagsaxel\/","title":{"rendered":"Skylon carbon edge 6.2 pilb\u00e5gsaxel"},"content":{"rendered":"<p>Endast pilb\u00e5gsaxel &#8211; inte inklusive befj\u00e4dring<\/p>\n<p>Material: 24-TON kol<br \/>\nInnerdiameter: 6,2 mm \/ .244&#8243;<br \/>\nRakhetstolerans: <span class=\"st\">\u00b1<\/span>.005&#8243;<\/p>\n<table class=\"uk-table uk-table-striped uk-table-condensed uk-table-hover\">\n<thead>\n<tr>\n<th>SPINE<\/th>\n<th>YTTERDIAMETER<\/th>\n<th>VIKT PER TUM<\/th>\n<th>L\u00c4NGD<\/th>\n<\/tr>\n<\/thead>\n<tbody>\n<tr>\n<td>0.800&#8243;<\/td>\n<td>6.85mm<\/td>\n<td>4.20<\/td>\n<td>33&#8243;<\/td>\n<\/tr>\n<tr>\n<td>0.700&#8243;<\/td>\n<td>7.00mm<\/td>\n<td>5.12<\/td>\n<td>33&#8243;<\/td>\n<\/tr>\n<tr>\n<td>0.600&#8243;<\/td>\n<td>7.05mm<\/td>\n<td>5.58<\/td>\n<td>33&#8243;<\/td>\n<\/tr>\n<tr>\n<td>0.500&#8243;<\/td>\n<td>7.12mm<\/td>\n<td>5.80<\/td>\n<td>33&#8243;<\/td>\n<\/tr>\n<tr>\n<td>0.400&#8243;<\/td>\n<td>7.35mm<\/td>\n<td>7.33<\/td>\n<td>33&#8243;<\/td>\n<\/tr>\n<tr>\n<td>0.350&#8243;<\/td>\n<td>7.39mm<\/td>\n<td>7.61<\/td>\n<td>33&#8243;<\/td>\n<\/tr>\n<tr>\n<td>0.300&#8243;<\/td>\n<td>7.55mm<\/td>\n<td>8.50<\/td>\n<td>33&#8243;<\/td>\n<\/tr>\n<\/tbody>\n<\/table>\n","protected":false},"excerpt":{"rendered":"<p>Spine 300, 400, 350 och 500 med insatser och nockar<\/p>\n","protected":false},"featured_media":214260,"comment_status":"open","ping_status":"closed","template":"","meta":[],"product_brand":[],"product_cat":[2550],"product_tag":[],"class_list":{"0":"post-289261","1":"product","2":"type-product","3":"status-publish","4":"has-post-thumbnail","6":"product_cat-koljaktskaft","8":"first","9":"outofstock","10":"taxable","11":"shipping-taxable","12":"purchasable","13":"product-type-variable"},"composite_virtual":false,"composite_layout":"","composite_add_to_cart_form_location":"","composite_editable_in_cart":false,"composite_sold_individually_context":"","composite_shop_price_calc":"","composite_components":[],"composite_scenarios":[],"group_of_quantity":0,"min_quantity":0,"max_quantity":"","exclude_order_quantity_value_rules":"no","exclude_category_quantity_rules":"no","combine_variations":"no","exclude_global_add_ons":false,"addons":[{"name":"Klipp till l\u00e4ngd","type":"multiple_choice","position":0,"required":true,"title_format":"label","default":"","description_enable":false,"description":null,"placeholder_enable":false,"placeholder":null,"display":"select","restrictions_type":"any_text","adjust_price":false,"price":"","price_type":"flat_fee","restrictions":false,"min":"0","max":"0","options":[{"label":"Klipp inte","price":"","price_type":"flat_fee","image":0,"visibility":true},{"label":"V\u00e4nligen klipp - l\u00e4gg till \u00f6nskad l\u00e4ngd i infof\u00e4ltet vid utcheckningen","price":"","price_type":"flat_fee","image":0,"visibility":true}]},{"name":"Insatser","type":"multiple_choice","position":1,"required":true,"title_format":"label","default":"","description_enable":false,"description":null,"placeholder_enable":false,"placeholder":null,"display":"select","restrictions_type":"any_text","adjust_price":false,"price":"","price_type":"flat_fee","restrictions":false,"min":"0","max":"0","options":[{"label":"Installera insatser (detta \u00e4r permanent!)","price":"","price_type":"flat_fee","image":0,"visibility":true},{"label":"Installera inte insatser (inkludera l\u00f6sa)","price":"","price_type":"flat_fee","image":0,"visibility":true}]}],"_links":{"self":[{"href":"https:\/\/www.huntersfriend.eu\/sv\/wp-json\/wp\/v2\/product\/289261","targetHints":{"allow":["GET"]}}],"collection":[{"href":"https:\/\/www.huntersfriend.eu\/sv\/wp-json\/wp\/v2\/product"}],"about":[{"href":"https:\/\/www.huntersfriend.eu\/sv\/wp-json\/wp\/v2\/types\/product"}],"replies":[{"embeddable":true,"href":"https:\/\/www.huntersfriend.eu\/sv\/wp-json\/wp\/v2\/comments?post=289261"}],"wp:featuredmedia":[{"embeddable":true,"href":"https:\/\/www.huntersfriend.eu\/sv\/wp-json\/wp\/v2\/media\/214260"}],"wp:attachment":[{"href":"https:\/\/www.huntersfriend.eu\/sv\/wp-json\/wp\/v2\/media?parent=289261"}],"wp:term":[{"taxonomy":"product_brand","embeddable":true,"href":"https:\/\/www.huntersfriend.eu\/sv\/wp-json\/wp\/v2\/product_brand?post=289261"},{"taxonomy":"product_cat","embeddable":true,"href":"https:\/\/www.huntersfriend.eu\/sv\/wp-json\/wp\/v2\/product_cat?post=289261"},{"taxonomy":"product_tag","embeddable":true,"href":"https:\/\/www.huntersfriend.eu\/sv\/wp-json\/wp\/v2\/product_tag?post=289261"}],"curies":[{"name":"wp","href":"https:\/\/api.w.org\/{rel}","templated":true}]}}