{"id":289256,"date":"2020-03-13T12:20:16","date_gmt":"2020-03-13T10:20:16","guid":{"rendered":"https:\/\/www.huntersfriend.eu\/product\/natur-foam-3d-target-reparationskit\/"},"modified":"2025-08-27T14:16:25","modified_gmt":"2025-08-27T12:16:25","slug":"natur-foam-3d-target-reparationskit","status":"publish","type":"product","link":"https:\/\/www.huntersfriend.eu\/sv\/produkt\/natur-foam-3d-target-reparationskit\/","title":{"rendered":"Natur foam 3D Target reparationskit"},"content":{"rendered":"<p><span style=\"display: inline !important; float: none; background-color: #f5f5f5; color: rgba(0, 0, 0, 0.87); font-family: 'Roboto',arial,sans-serif; font-size: 18px; font-style: normal; font-variant: normal; font-weight: 400; letter-spacing: normal; line-height: 28px; orphans: 2; text-align: left; text-decoration: none; text-indent: 0px; text-transform: none; -webkit-text-stroke-width: 0px; white-space: pre-wrap; word-spacing: 0px;\">Anv\u00e4nds f\u00f6r att fylla igen h\u00e5l som orsakats av pilskador p\u00e5 3D-m\u00e5l.<\/span><\/p>\n<p><span style=\"display: inline !important; float: none; background-color: #f5f5f5; color: rgba(0, 0, 0, 0.87); font-family: 'Roboto',arial,sans-serif; font-size: 18px; font-style: normal; font-variant: normal; font-weight: 400; letter-spacing: normal; line-height: 28px; orphans: 2; text-align: left; text-decoration: none; text-indent: 0px; text-transform: none; -webkit-text-stroke-width: 0px; white-space: pre-wrap; word-spacing: 0px;\">Dessa tv\u00e5 ingredienser \u00e4r mycket k\u00e4nsliga f\u00f6r kyla och fukt och b\u00f6r endast f\u00f6rvaras och bearbetas i v\u00e4lventilerade rum. Den idealiska temperaturen f\u00f6r bearbetning \u00e4r 18\u201320 \u00b0C.<br \/>\n<\/span><br \/>\n<span style=\"display: inline !important; float: none; background-color: #f5f5f5; color: rgba(0, 0, 0, 0.87); font-family: 'Roboto',arial,sans-serif; font-size: 18px; font-style: normal; font-variant: normal; font-weight: 400; letter-spacing: normal; line-height: 28px; orphans: 2; text-align: left; text-decoration: none; text-indent: 0px; text-transform: none; -webkit-text-stroke-width: 0px; white-space: pre-wrap; word-spacing: 0px;\">Bearbeta endast produkterna i en ren, torr blandningsbeh\u00e5llare med tillr\u00e4cklig volym.<br \/>\n<\/span><br \/>\n<span style=\"display: inline !important; float: none; background-color: #f5f5f5; color: rgba(0, 0, 0, 0.87); font-family: 'Roboto',arial,sans-serif; font-size: 18px; font-style: normal; font-variant: normal; font-weight: 400; letter-spacing: normal; line-height: 28px; orphans: 2; text-align: left; text-decoration: none; text-indent: 0px; text-transform: none; -webkit-text-stroke-width: 0px; white-space: pre-wrap; word-spacing: 0px;\">Skydda hud och \u00f6gon med l\u00e4mpliga kl\u00e4der. Anv\u00e4ndning av andningsmask rekommenderas. <\/span><br \/>\n<span style=\"display: inline !important; float: none; background-color: #f5f5f5; color: rgba(0, 0, 0, 0.87); font-family: 'Roboto',arial,sans-serif; font-size: 18px; font-style: normal; font-variant: normal; font-weight: 400; letter-spacing: normal; line-height: 28px; orphans: 2; text-align: left; text-decoration: none; text-indent: 0px; text-transform: none; -webkit-text-stroke-width: 0px; white-space: pre-wrap; word-spacing: 0px;\"><br \/>\nV\u00e4tskorna blandas i f\u00f6rh\u00e5llandet 2 (A): 1 (B).<br \/>\n<\/span><br \/>\n<span style=\"display: inline !important; float: none; background-color: #f5f5f5; color: rgba(0, 0, 0, 0.87); font-family: 'Roboto',arial,sans-serif; font-size: 18px; font-style: normal; font-variant: normal; font-weight: 400; letter-spacing: normal; line-height: 28px; orphans: 2; text-align: left; text-decoration: none; text-indent: 0px; text-transform: none; -webkit-text-stroke-width: 0px; white-space: pre-wrap; word-spacing: 0px;\">Blanda de tv\u00e5 delarna kraftigt manuellt eller elektriskt i 20\u201330 sekunder.<br \/>\n<\/span><br \/>\n<span style=\"display: inline !important; float: none; background-color: #f5f5f5; color: rgba(0, 0, 0, 0.87); font-family: 'Roboto',arial,sans-serif; font-size: 18px; font-style: normal; font-variant: normal; font-weight: 400; letter-spacing: normal; line-height: 28px; orphans: 2; text-align: left; text-decoration: none; text-indent: 0px; text-transform: none; -webkit-text-stroke-width: 0px; white-space: pre-wrap; word-spacing: 0px;\">H\u00e4ll f\u00f6rsiktigt materialet i h\u00e5len och h\u00e5ligheterna som ska repareras. Du kan beh\u00f6va vidga h\u00e5len och h\u00e5ligheterna lite s\u00e5 att v\u00e4tskan kan fl\u00f6da in och inte l\u00e4mna n\u00e5gra tomrum. Produkten expanderar n\u00e4r den h\u00e4rdas med cirka 1\/3.<br \/>\n<\/span><br \/>\n<span style=\"display: inline !important; float: none; background-color: #f5f5f5; color: rgba(0, 0, 0, 0.87); font-family: 'Roboto',arial,sans-serif; font-size: 18px; font-style: normal; font-variant: normal; font-weight: 400; letter-spacing: normal; line-height: 28px; orphans: 2; text-align: left; text-decoration: none; text-indent: 0px; text-transform: none; -webkit-text-stroke-width: 0px; white-space: pre-wrap; word-spacing: 0px;\">Efter cirka 12 minuter \u00e4r reaktionen mellan de tv\u00e5 \u00e4mnena klar och du kan ta bort \u00f6verfl\u00f6diga rester fr\u00e5n ditt 3D-m\u00e5l.<\/span><\/p>\n<p>Efter 24\u201336 timmar har materialet uppn\u00e5tt sin fulla h\u00e5rdhet.<\/p>\n<div class=\"row attr-weight\">\n<div class=\"col-xs-6 col-sm-3 attr-label word-break\">Fraktvikt f\u00f6r litet kit: 2,00 kg<\/div>\n<\/div>\n<div class=\"row attr-weight\">\n<div class=\"col-xs-6 col-sm-3 attr-label word-break\">Produktvikt: 1,50 kg<\/div>\n<\/div>\n<div class=\"row attr-contents\">\n<div class=\"col-xs-6 col-sm-3 attr-label word-break\">\n<p>Inneh\u00e5ll: 1,35 liter<\/p>\n<\/div>\n<\/div>\n<div>\n<div class=\"row attr-weight\">\n<div class=\"col-xs-6 col-sm-3 attr-label word-break\">Fraktvikt f\u00f6r stort kit: 3,50 kg<\/div>\n<\/div>\n<div class=\"row attr-weight\">\n<div class=\"col-xs-6 col-sm-3 attr-label word-break\">Produktvikt: 3,00 kg<\/div>\n<\/div>\n<div class=\"row attr-contents\">\n<div class=\"col-xs-6 col-sm-3 attr-label word-break\">Inneh\u00e5ll: 2,85 l<\/div>\n<\/div>\n<\/div>\n","protected":false},"excerpt":{"rendered":"<p>Anv\u00e4nds f\u00f6r att fylla igen h\u00e5l som orsakats av pilskador p\u00e5 3D-m\u00e5l. Dessa tv\u00e5 ingredienser \u00e4r mycket k\u00e4nsliga f\u00f6r kyla och fukt och b\u00f6r endast f\u00f6rvaras och bearbetas i v\u00e4lventilerade rum. Den idealiska temperaturen f\u00f6r bearbetning \u00e4r 18\u201320 \u00b0C. Bearbeta endast produkterna i en ren, torr blandningsbeh\u00e5llare med tillr\u00e4cklig volym. Skydda hud och \u00f6gon med [&#8230;]\n","protected":false},"featured_media":185863,"comment_status":"open","ping_status":"closed","template":"","meta":[],"product_brand":[],"product_cat":[3041],"product_tag":[],"class_list":{"0":"post-289256","1":"product","2":"type-product","3":"status-publish","4":"has-post-thumbnail","6":"product_cat-ersattningskarnor-och-reparationskit","8":"first","9":"instock","10":"featured","11":"taxable","12":"shipping-taxable","13":"purchasable","14":"product-type-variable"},"composite_virtual":false,"composite_layout":"","composite_add_to_cart_form_location":"","composite_editable_in_cart":false,"composite_sold_individually_context":"","composite_shop_price_calc":"","composite_components":[],"composite_scenarios":[],"group_of_quantity":0,"min_quantity":0,"max_quantity":"","exclude_order_quantity_value_rules":"no","exclude_category_quantity_rules":"no","combine_variations":"no","exclude_global_add_ons":[],"addons":[],"_links":{"self":[{"href":"https:\/\/www.huntersfriend.eu\/sv\/wp-json\/wp\/v2\/product\/289256","targetHints":{"allow":["GET"]}}],"collection":[{"href":"https:\/\/www.huntersfriend.eu\/sv\/wp-json\/wp\/v2\/product"}],"about":[{"href":"https:\/\/www.huntersfriend.eu\/sv\/wp-json\/wp\/v2\/types\/product"}],"replies":[{"embeddable":true,"href":"https:\/\/www.huntersfriend.eu\/sv\/wp-json\/wp\/v2\/comments?post=289256"}],"wp:featuredmedia":[{"embeddable":true,"href":"https:\/\/www.huntersfriend.eu\/sv\/wp-json\/wp\/v2\/media\/185863"}],"wp:attachment":[{"href":"https:\/\/www.huntersfriend.eu\/sv\/wp-json\/wp\/v2\/media?parent=289256"}],"wp:term":[{"taxonomy":"product_brand","embeddable":true,"href":"https:\/\/www.huntersfriend.eu\/sv\/wp-json\/wp\/v2\/product_brand?post=289256"},{"taxonomy":"product_cat","embeddable":true,"href":"https:\/\/www.huntersfriend.eu\/sv\/wp-json\/wp\/v2\/product_cat?post=289256"},{"taxonomy":"product_tag","embeddable":true,"href":"https:\/\/www.huntersfriend.eu\/sv\/wp-json\/wp\/v2\/product_tag?post=289256"}],"curies":[{"name":"wp","href":"https:\/\/api.w.org\/{rel}","templated":true}]}}