{"id":289253,"date":"2020-02-18T16:01:22","date_gmt":"2020-02-18T14:01:22","guid":{"rendered":"https:\/\/www.huntersfriend.eu\/product\/buck-gardner-green-wing-teal-lockpipa\/"},"modified":"2025-11-10T13:21:24","modified_gmt":"2025-11-10T11:21:24","slug":"buck-gardner-green-wing-teal-lockpipa","status":"publish","type":"product","link":"https:\/\/www.huntersfriend.eu\/sv\/produkt\/buck-gardner-green-wing-teal-lockpipa\/","title":{"rendered":"Buck Gardner Green Wing Teal-lockpipa"},"content":{"rendered":"<p>Buck Gardner Teal-lockpipan \u00e4r enkel att anv\u00e4nda och har visat sig locka till sig olika arter av kricka. Tillverkad av extra t\u00e5lig polykarbonat och f\u00f6rsedd med ett gunmetal-band. <\/p>\n<p>Effektiv s\u00e5 l\u00e4nge krickorna flyger under s\u00e4songen.<\/p>\n<p><strong>F\u00e4rg:<\/strong> transparent\/bl\u00e5<\/p>\n","protected":false},"excerpt":{"rendered":"<p>Buck Gardner Teal-lockpipan \u00e4r enkel att anv\u00e4nda och har visat sig locka till sig olika arter av kricka. Tillverkad av extra t\u00e5lig polykarbonat och f\u00f6rsedd med ett gunmetal-band. Effektiv s\u00e5 l\u00e4nge krickorna flyger under s\u00e4songen. F\u00e4rg: transparent\/bl\u00e5<\/p>\n","protected":false},"featured_media":246932,"comment_status":"open","ping_status":"closed","template":"","meta":[],"product_brand":[],"product_cat":[2804],"product_tag":[],"class_list":{"0":"post-289253","1":"product","2":"type-product","3":"status-publish","4":"has-post-thumbnail","6":"product_cat-andlockbeten","8":"first","9":"outofstock","10":"taxable","11":"shipping-taxable","12":"purchasable","13":"product-type-simple"},"composite_virtual":false,"composite_layout":"","composite_add_to_cart_form_location":"","composite_editable_in_cart":false,"composite_sold_individually_context":"","composite_shop_price_calc":"","composite_components":[],"composite_scenarios":[],"group_of_quantity":0,"min_quantity":0,"max_quantity":"","exclude_order_quantity_value_rules":"no","exclude_category_quantity_rules":"no","combine_variations":"no","exclude_global_add_ons":[],"addons":[],"_links":{"self":[{"href":"https:\/\/www.huntersfriend.eu\/sv\/wp-json\/wp\/v2\/product\/289253","targetHints":{"allow":["GET"]}}],"collection":[{"href":"https:\/\/www.huntersfriend.eu\/sv\/wp-json\/wp\/v2\/product"}],"about":[{"href":"https:\/\/www.huntersfriend.eu\/sv\/wp-json\/wp\/v2\/types\/product"}],"replies":[{"embeddable":true,"href":"https:\/\/www.huntersfriend.eu\/sv\/wp-json\/wp\/v2\/comments?post=289253"}],"wp:featuredmedia":[{"embeddable":true,"href":"https:\/\/www.huntersfriend.eu\/sv\/wp-json\/wp\/v2\/media\/246932"}],"wp:attachment":[{"href":"https:\/\/www.huntersfriend.eu\/sv\/wp-json\/wp\/v2\/media?parent=289253"}],"wp:term":[{"taxonomy":"product_brand","embeddable":true,"href":"https:\/\/www.huntersfriend.eu\/sv\/wp-json\/wp\/v2\/product_brand?post=289253"},{"taxonomy":"product_cat","embeddable":true,"href":"https:\/\/www.huntersfriend.eu\/sv\/wp-json\/wp\/v2\/product_cat?post=289253"},{"taxonomy":"product_tag","embeddable":true,"href":"https:\/\/www.huntersfriend.eu\/sv\/wp-json\/wp\/v2\/product_tag?post=289253"}],"curies":[{"name":"wp","href":"https:\/\/api.w.org\/{rel}","templated":true}]}}