{"id":289251,"date":"2020-02-18T16:01:22","date_gmt":"2020-02-18T14:01:22","guid":{"rendered":"https:\/\/www.huntersfriend.eu\/product\/buck-gardner-6-i-1-visselpipa\/"},"modified":"2025-08-27T14:16:23","modified_gmt":"2025-08-27T12:16:23","slug":"buck-gardner-6-i-1-visselpipa","status":"publish","type":"product","link":"https:\/\/www.huntersfriend.eu\/sv\/produkt\/buck-gardner-6-i-1-visselpipa\/","title":{"rendered":"Buck Gardner 6-i-1 visselpipa"},"content":{"rendered":"<p>Med Buck Gardner 6-i-1 visselpipa kan du l\u00e4gga till m\u00e5ngsidighet och realism till dina lockrop genom att blanda in kvack fr\u00e5n gr\u00e4sandsdrakar, stj\u00e4rtandvisslingar och mer. Denna lockpipa \u00e4r enkel att anv\u00e4nda och ett m\u00e5ste f\u00f6r varje andj\u00e4gare, och den har en st\u00f6rre klockformad \u00e4nde f\u00f6r att ge st\u00f6rre volym \u00e4n m\u00e5nga visselpipor p\u00e5 marknaden. Det \u00e4r ocks\u00e5 ett bra lockbete att ge till barn eller jaktg\u00e4ster som inte bl\u00e5ser i en andpipa f\u00f6r att g\u00f6ra dem delaktiga i jakten.  <\/p>\n<p>Buck Gardner 6-i-1 visselpipa replikerar gr\u00e4sandsdrakar, stj\u00e4rtand, bl\u00e4sand, kricka och till och med f\u00e5glars n\u00f6dljud f\u00f6r r\u00f6dr\u00e4v. Den har \u00e4ven anv\u00e4nts som hundvisselpipa. <\/p>\n","protected":false},"excerpt":{"rendered":"<p>Med Buck Gardner 6-i-1 visselpipa kan du l\u00e4gga till m\u00e5ngsidighet och realism till dina lockrop genom att blanda in kvack fr\u00e5n gr\u00e4sandsdrakar, stj\u00e4rtandvisslingar och mer. Denna lockpipa \u00e4r enkel att anv\u00e4nda och ett m\u00e5ste f\u00f6r varje andj\u00e4gare, och den har en st\u00f6rre klockformad \u00e4nde f\u00f6r att ge st\u00f6rre volym \u00e4n m\u00e5nga visselpipor p\u00e5 marknaden. Det [&#8230;]\n","protected":false},"featured_media":213849,"comment_status":"open","ping_status":"closed","template":"","meta":[],"product_brand":[],"product_cat":[2804],"product_tag":[],"class_list":{"0":"post-289251","1":"product","2":"type-product","3":"status-publish","4":"has-post-thumbnail","6":"product_cat-andlockbeten","8":"first","9":"instock","10":"taxable","11":"shipping-taxable","12":"purchasable","13":"product-type-simple"},"composite_virtual":false,"composite_layout":"","composite_add_to_cart_form_location":"","composite_editable_in_cart":false,"composite_sold_individually_context":"","composite_shop_price_calc":"","composite_components":[],"composite_scenarios":[],"group_of_quantity":0,"min_quantity":0,"max_quantity":"","exclude_order_quantity_value_rules":"no","exclude_category_quantity_rules":"no","combine_variations":"no","exclude_global_add_ons":[],"addons":[],"_links":{"self":[{"href":"https:\/\/www.huntersfriend.eu\/sv\/wp-json\/wp\/v2\/product\/289251","targetHints":{"allow":["GET"]}}],"collection":[{"href":"https:\/\/www.huntersfriend.eu\/sv\/wp-json\/wp\/v2\/product"}],"about":[{"href":"https:\/\/www.huntersfriend.eu\/sv\/wp-json\/wp\/v2\/types\/product"}],"replies":[{"embeddable":true,"href":"https:\/\/www.huntersfriend.eu\/sv\/wp-json\/wp\/v2\/comments?post=289251"}],"wp:featuredmedia":[{"embeddable":true,"href":"https:\/\/www.huntersfriend.eu\/sv\/wp-json\/wp\/v2\/media\/213849"}],"wp:attachment":[{"href":"https:\/\/www.huntersfriend.eu\/sv\/wp-json\/wp\/v2\/media?parent=289251"}],"wp:term":[{"taxonomy":"product_brand","embeddable":true,"href":"https:\/\/www.huntersfriend.eu\/sv\/wp-json\/wp\/v2\/product_brand?post=289251"},{"taxonomy":"product_cat","embeddable":true,"href":"https:\/\/www.huntersfriend.eu\/sv\/wp-json\/wp\/v2\/product_cat?post=289251"},{"taxonomy":"product_tag","embeddable":true,"href":"https:\/\/www.huntersfriend.eu\/sv\/wp-json\/wp\/v2\/product_tag?post=289251"}],"curies":[{"name":"wp","href":"https:\/\/api.w.org\/{rel}","templated":true}]}}