{"id":289249,"date":"2020-02-18T16:01:22","date_gmt":"2020-02-18T14:01:22","guid":{"rendered":"https:\/\/www.huntersfriend.eu\/product\/buck-gardner-lockpipa-for-dykander\/"},"modified":"2026-03-25T09:45:50","modified_gmt":"2026-03-25T07:45:50","slug":"buck-gardner-lockpipa-for-dykander","status":"publish","type":"product","link":"https:\/\/www.huntersfriend.eu\/sv\/produkt\/buck-gardner-lockpipa-for-dykander\/","title":{"rendered":"Buck Gardner lockpipa f\u00f6r dyk\u00e4nder"},"content":{"rendered":"<p>Buck Gardner lockpipa f\u00f6r dyk\u00e4nder \u00e4r speciellt utformad f\u00f6r jakt p\u00e5 ringand, bl\u00e5and, amerikansk knipa, r\u00f6dhuvad dykand och buffelhuvudand. Den \u00e4r l\u00e4tt att l\u00e4ra sig och anv\u00e4nda, vilket ger dig ytterligare ett verktyg i din arsenal f\u00f6r att jaga dyk\u00e4nder. Dykandspipan \u00e4r tillverkad av n\u00e4stan of\u00f6rst\u00f6rbar polykarbonat f\u00f6r att klara ett h\u00e5rt liv p\u00e5 b\u00e5tar och runt saltvatten.  <\/p>\n<p><strong>F\u00e4rg:<\/strong> svart\/r\u00f6k<\/p>\n","protected":false},"excerpt":{"rendered":"<p>Gr\u00e4sand, bl\u00e4sand m.fl.<\/p>\n","protected":false},"featured_media":246933,"comment_status":"open","ping_status":"closed","template":"","meta":[],"product_brand":[],"product_cat":[2804],"product_tag":[],"class_list":{"0":"post-289249","1":"product","2":"type-product","3":"status-publish","4":"has-post-thumbnail","6":"product_cat-andlockbeten","8":"first","9":"instock","10":"taxable","11":"shipping-taxable","12":"purchasable","13":"product-type-simple"},"composite_virtual":false,"composite_layout":"","composite_add_to_cart_form_location":"","composite_editable_in_cart":false,"composite_sold_individually_context":"","composite_shop_price_calc":"","composite_components":[],"composite_scenarios":[],"group_of_quantity":0,"min_quantity":0,"max_quantity":"","exclude_order_quantity_value_rules":"no","exclude_category_quantity_rules":"no","combine_variations":"no","exclude_global_add_ons":[],"addons":[],"_links":{"self":[{"href":"https:\/\/www.huntersfriend.eu\/sv\/wp-json\/wp\/v2\/product\/289249","targetHints":{"allow":["GET"]}}],"collection":[{"href":"https:\/\/www.huntersfriend.eu\/sv\/wp-json\/wp\/v2\/product"}],"about":[{"href":"https:\/\/www.huntersfriend.eu\/sv\/wp-json\/wp\/v2\/types\/product"}],"replies":[{"embeddable":true,"href":"https:\/\/www.huntersfriend.eu\/sv\/wp-json\/wp\/v2\/comments?post=289249"}],"wp:featuredmedia":[{"embeddable":true,"href":"https:\/\/www.huntersfriend.eu\/sv\/wp-json\/wp\/v2\/media\/246933"}],"wp:attachment":[{"href":"https:\/\/www.huntersfriend.eu\/sv\/wp-json\/wp\/v2\/media?parent=289249"}],"wp:term":[{"taxonomy":"product_brand","embeddable":true,"href":"https:\/\/www.huntersfriend.eu\/sv\/wp-json\/wp\/v2\/product_brand?post=289249"},{"taxonomy":"product_cat","embeddable":true,"href":"https:\/\/www.huntersfriend.eu\/sv\/wp-json\/wp\/v2\/product_cat?post=289249"},{"taxonomy":"product_tag","embeddable":true,"href":"https:\/\/www.huntersfriend.eu\/sv\/wp-json\/wp\/v2\/product_tag?post=289249"}],"curies":[{"name":"wp","href":"https:\/\/api.w.org\/{rel}","templated":true}]}}