{"id":289248,"date":"2020-02-18T16:01:21","date_gmt":"2020-02-18T14:01:21","guid":{"rendered":"https:\/\/www.huntersfriend.eu\/product\/sista-inflygningen-sista-pass-duvattrapp-2\/"},"modified":"2025-08-28T09:42:56","modified_gmt":"2025-08-28T07:42:56","slug":"sista-inflygningen-sista-pass-duvattrapp-2","status":"publish","type":"product","link":"https:\/\/www.huntersfriend.eu\/sv\/produkt\/sista-inflygningen-sista-pass-duvattrapp-2\/","title":{"rendered":"Sista inflygningen sista pass duvattrapp"},"content":{"rendered":"<p>Sex av de mest naturtrogna helflockade skogsduveattrapperna p\u00e5 marknaden. Skapa din egen flock och locka dem n\u00e4rmare. \u00d6verdimensionerade f\u00f6r att synas p\u00e5 l\u00e5nga avst\u00e5nd. Design i ett stycke med f\u00e4ltpinne.   <\/p>\n<p>Flockad, 6 st\/f\u00f6rpackning<\/p>\n<p><strong>Obs: Onlinebest\u00e4llningar \u00e4r begr\u00e4nsade till en l\u00e5da per best\u00e4llning. F\u00f6r st\u00f6rre m\u00e4ngder, v\u00e4nligen kontakta kundtj\u00e4nst direkt f\u00f6r att se \u00f6ver leveranskostnaderna <\/strong><\/p>\n","protected":false},"excerpt":{"rendered":"<p><strong>Obs: Onlinebest\u00e4llningar \u00e4r begr\u00e4nsade till en l\u00e5da per best\u00e4llning. F\u00f6r st\u00f6rre m\u00e4ngder, v\u00e4nligen kontakta kundtj\u00e4nst direkt f\u00f6r att se \u00f6ver leveranskostnaderna <\/strong><\/p>\n","protected":false},"featured_media":208935,"comment_status":"open","ping_status":"closed","template":"","meta":[],"product_brand":[],"product_cat":[3039],"product_tag":[],"class_list":{"0":"post-289248","1":"product","2":"type-product","3":"status-publish","4":"has-post-thumbnail","6":"product_cat-smaviltattrapper","7":"product_shipping_class-big-sv","9":"first","10":"instock","11":"sale","12":"taxable","13":"shipping-taxable","14":"purchasable","15":"product-type-simple"},"composite_virtual":false,"composite_layout":"","composite_add_to_cart_form_location":"","composite_editable_in_cart":false,"composite_sold_individually_context":"","composite_shop_price_calc":"","composite_components":[],"composite_scenarios":[],"group_of_quantity":0,"min_quantity":0,"max_quantity":"","exclude_order_quantity_value_rules":"no","exclude_category_quantity_rules":"no","combine_variations":"no","exclude_global_add_ons":[],"addons":[],"_links":{"self":[{"href":"https:\/\/www.huntersfriend.eu\/sv\/wp-json\/wp\/v2\/product\/289248","targetHints":{"allow":["GET"]}}],"collection":[{"href":"https:\/\/www.huntersfriend.eu\/sv\/wp-json\/wp\/v2\/product"}],"about":[{"href":"https:\/\/www.huntersfriend.eu\/sv\/wp-json\/wp\/v2\/types\/product"}],"replies":[{"embeddable":true,"href":"https:\/\/www.huntersfriend.eu\/sv\/wp-json\/wp\/v2\/comments?post=289248"}],"wp:featuredmedia":[{"embeddable":true,"href":"https:\/\/www.huntersfriend.eu\/sv\/wp-json\/wp\/v2\/media\/208935"}],"wp:attachment":[{"href":"https:\/\/www.huntersfriend.eu\/sv\/wp-json\/wp\/v2\/media?parent=289248"}],"wp:term":[{"taxonomy":"product_brand","embeddable":true,"href":"https:\/\/www.huntersfriend.eu\/sv\/wp-json\/wp\/v2\/product_brand?post=289248"},{"taxonomy":"product_cat","embeddable":true,"href":"https:\/\/www.huntersfriend.eu\/sv\/wp-json\/wp\/v2\/product_cat?post=289248"},{"taxonomy":"product_tag","embeddable":true,"href":"https:\/\/www.huntersfriend.eu\/sv\/wp-json\/wp\/v2\/product_tag?post=289248"}],"curies":[{"name":"wp","href":"https:\/\/api.w.org\/{rel}","templated":true}]}}