{"id":289245,"date":"2020-02-17T15:20:22","date_gmt":"2020-02-17T13:20:22","guid":{"rendered":"https:\/\/www.huntersfriend.eu\/product\/rage-trypan-nc-hypodermic-100-gr\/"},"modified":"2025-08-27T14:16:13","modified_gmt":"2025-08-27T12:16:13","slug":"rage-trypan-nc-hypodermic-100-gr","status":"publish","type":"product","link":"https:\/\/www.huntersfriend.eu\/sv\/produkt\/rage-trypan-nc-hypodermic-100-gr\/","title":{"rendered":"Rage trypan NC hypodermic 100 gr"},"content":{"rendered":"<h2><strong>Rage trypan NC hypodermic<\/strong><\/h2>\n<h3><strong>FUNKTIONER:<\/strong><\/h3>\n<ul>\n<li>2-bladig jaktspets<\/li>\n<li>100 grain<\/li>\n<li>Hybridspets<\/li>\n<li>Str\u00f6mlinjeformat hylsa i titan<\/li>\n<li>0,039 blad tjocklek<\/li>\n<li>2 &#8221; sk\u00e4rdiameter<\/li>\n<li>Trypan-specifik SHOCK-krage<\/li>\n<li>2 jaktspetsar per f\u00f6rpackning<\/li>\n<li>Super svept bak\u00e5t bladdesign<\/li>\n<li>Ers\u00e4ttningsblad tillg\u00e4ngliga (R35105)<\/li>\n<\/ul>\n<p>Trypanofobi \u00e4r r\u00e4dslan f\u00f6r injektionsn\u00e5lar, och 100 grain <strong>Hypodermic Trypan<\/strong> \u00e4r ungef\u00e4r den l\u00e4skigaste jaktspetsen Rage n\u00e5gonsin har introducerat i jaktmarkerna. Med sin n\u00e5lliknande, str\u00f6mlinjeformade hylsa i titan och 2-tums sk\u00e4rdiameter skapar Trypan ett ing\u00e5ngsh\u00e5l som \u00e4r drygt 2,5 tum stort. Efter\u00e5t l\u00e4gger sig Trypans 0,039 tum tjocka, rakbladsvassa blad i rostfritt st\u00e5l i en bak\u00e5tsvept blad-vinkelkonfiguration. Det h\u00e4r \u00e4r de tjockaste bladen Rage n\u00e5gonsin har anv\u00e4nt i en jaktspets! \u00c4ven om bladen \u00e4r monstru\u00f6sa n\u00e4r de v\u00e4l \u00e4r utf\u00e4llda skapar de bara en 3\/4-diameter i flyktprofilen.    <\/p>\n<p>Den gr\u00e5 polymera Trypan-specifika SHOCK Collar\u2122 ger exceptionell bladretention och konsekvent tillf\u00f6rlitlig bladf\u00e4llning. SHOCK-kragarna f\u00f6r eng\u00e5ngsbruk \u00e4r anpassade till sk\u00e5ror i Trypans titanhylsa, s\u00e5 de kan aldrig s\u00e4ttas p\u00e5 felaktigt. <\/p>\n","protected":false},"excerpt":{"rendered":"<p>Titanium 2-blad<\/p>\n","protected":false},"featured_media":210218,"comment_status":"open","ping_status":"closed","template":"","meta":[],"product_brand":[],"product_cat":[878],"product_tag":[],"class_list":{"0":"post-289245","1":"product","2":"type-product","3":"status-publish","4":"has-post-thumbnail","6":"product_cat-uncategorized-sv","8":"first","9":"instock","10":"taxable","11":"shipping-taxable","12":"purchasable","13":"product-type-simple"},"composite_virtual":false,"composite_layout":"","composite_add_to_cart_form_location":"","composite_editable_in_cart":false,"composite_sold_individually_context":"","composite_shop_price_calc":"","composite_components":[],"composite_scenarios":[],"group_of_quantity":0,"min_quantity":0,"max_quantity":"","exclude_order_quantity_value_rules":"no","exclude_category_quantity_rules":"no","combine_variations":"no","exclude_global_add_ons":[],"addons":[],"_links":{"self":[{"href":"https:\/\/www.huntersfriend.eu\/sv\/wp-json\/wp\/v2\/product\/289245","targetHints":{"allow":["GET"]}}],"collection":[{"href":"https:\/\/www.huntersfriend.eu\/sv\/wp-json\/wp\/v2\/product"}],"about":[{"href":"https:\/\/www.huntersfriend.eu\/sv\/wp-json\/wp\/v2\/types\/product"}],"replies":[{"embeddable":true,"href":"https:\/\/www.huntersfriend.eu\/sv\/wp-json\/wp\/v2\/comments?post=289245"}],"wp:featuredmedia":[{"embeddable":true,"href":"https:\/\/www.huntersfriend.eu\/sv\/wp-json\/wp\/v2\/media\/210218"}],"wp:attachment":[{"href":"https:\/\/www.huntersfriend.eu\/sv\/wp-json\/wp\/v2\/media?parent=289245"}],"wp:term":[{"taxonomy":"product_brand","embeddable":true,"href":"https:\/\/www.huntersfriend.eu\/sv\/wp-json\/wp\/v2\/product_brand?post=289245"},{"taxonomy":"product_cat","embeddable":true,"href":"https:\/\/www.huntersfriend.eu\/sv\/wp-json\/wp\/v2\/product_cat?post=289245"},{"taxonomy":"product_tag","embeddable":true,"href":"https:\/\/www.huntersfriend.eu\/sv\/wp-json\/wp\/v2\/product_tag?post=289245"}],"curies":[{"name":"wp","href":"https:\/\/api.w.org\/{rel}","templated":true}]}}