{"id":289240,"date":"2020-02-18T16:01:20","date_gmt":"2020-02-18T14:01:20","guid":{"rendered":"https:\/\/www.huntersfriend.eu\/product\/final-approach-last-pass-hooded-crow-decoy-flocked\/"},"modified":"2025-08-27T14:16:11","modified_gmt":"2025-08-27T12:16:11","slug":"final-approach-last-pass-hooded-crow-decoy-flocked","status":"publish","type":"product","link":"https:\/\/www.huntersfriend.eu\/sv\/produkt\/final-approach-last-pass-hooded-crow-decoy-flocked\/","title":{"rendered":"Final Approach Last Pass hooded Crow decoy -flocked"},"content":{"rendered":"<p>Final Approach Last Pass Hooded Crow Decoy -Flocked \u00e4r realistiska lockf\u00e5glar. S\u00e4ljs i f\u00f6rpackningar om tre (3). Dessa lockf\u00e5glar v\u00e4lter inte i soligt v\u00e4der och skr\u00e4mmer bort inflygande f\u00e5glar.  <\/p>\n<p><strong>Obs! Onlinebest\u00e4llningar \u00e4r begr\u00e4nsade till tv\u00e5 l\u00e5dor per best\u00e4llning. F\u00f6r st\u00f6rre m\u00e4ngder, v\u00e4nligen kontakta kundtj\u00e4nst direkt f\u00f6r att se \u00f6ver leveranskostnaderna <\/strong><\/p>\n","protected":false},"excerpt":{"rendered":"<p><strong>Obs! Onlinebest\u00e4llningar \u00e4r begr\u00e4nsade till tv\u00e5 l\u00e5dor per best\u00e4llning. F\u00f6r st\u00f6rre m\u00e4ngder, v\u00e4nligen kontakta kundtj\u00e4nst direkt f\u00f6r att se \u00f6ver leveranskostnaderna <\/strong><\/p>\n","protected":false},"featured_media":212657,"comment_status":"open","ping_status":"closed","template":"","meta":[],"product_brand":[],"product_cat":[3039],"product_tag":[],"class_list":{"0":"post-289240","1":"product","2":"type-product","3":"status-publish","4":"has-post-thumbnail","6":"product_cat-smaviltattrapper","7":"product_shipping_class-big-sv","9":"first","10":"instock","11":"sale","12":"taxable","13":"shipping-taxable","14":"purchasable","15":"product-type-simple"},"composite_virtual":false,"composite_layout":"","composite_add_to_cart_form_location":"","composite_editable_in_cart":false,"composite_sold_individually_context":"","composite_shop_price_calc":"","composite_components":[],"composite_scenarios":[],"group_of_quantity":0,"min_quantity":0,"max_quantity":"","exclude_order_quantity_value_rules":"no","exclude_category_quantity_rules":"no","combine_variations":"no","exclude_global_add_ons":[],"addons":[],"_links":{"self":[{"href":"https:\/\/www.huntersfriend.eu\/sv\/wp-json\/wp\/v2\/product\/289240","targetHints":{"allow":["GET"]}}],"collection":[{"href":"https:\/\/www.huntersfriend.eu\/sv\/wp-json\/wp\/v2\/product"}],"about":[{"href":"https:\/\/www.huntersfriend.eu\/sv\/wp-json\/wp\/v2\/types\/product"}],"replies":[{"embeddable":true,"href":"https:\/\/www.huntersfriend.eu\/sv\/wp-json\/wp\/v2\/comments?post=289240"}],"wp:featuredmedia":[{"embeddable":true,"href":"https:\/\/www.huntersfriend.eu\/sv\/wp-json\/wp\/v2\/media\/212657"}],"wp:attachment":[{"href":"https:\/\/www.huntersfriend.eu\/sv\/wp-json\/wp\/v2\/media?parent=289240"}],"wp:term":[{"taxonomy":"product_brand","embeddable":true,"href":"https:\/\/www.huntersfriend.eu\/sv\/wp-json\/wp\/v2\/product_brand?post=289240"},{"taxonomy":"product_cat","embeddable":true,"href":"https:\/\/www.huntersfriend.eu\/sv\/wp-json\/wp\/v2\/product_cat?post=289240"},{"taxonomy":"product_tag","embeddable":true,"href":"https:\/\/www.huntersfriend.eu\/sv\/wp-json\/wp\/v2\/product_tag?post=289240"}],"curies":[{"name":"wp","href":"https:\/\/api.w.org\/{rel}","templated":true}]}}