{"id":289237,"date":"2020-02-10T12:20:25","date_gmt":"2020-02-10T10:20:25","guid":{"rendered":"https:\/\/www.huntersfriend.eu\/product\/hamskea-insight-standard-peep-kit\/"},"modified":"2026-03-26T13:44:20","modified_gmt":"2026-03-26T11:44:20","slug":"hamskea-insight-standard-peep-kit","status":"publish","type":"product","link":"https:\/\/www.huntersfriend.eu\/sv\/produkt\/hamskea-insight-standard-peep-kit\/","title":{"rendered":"Hamskea Insight Standard Peep-kit"},"content":{"rendered":"<p>Detta kit ger dig 6 olika \u00f6ppningsstorlekar s\u00e5 att du kan finjustera och f\u00e5 optimal prestanda i alla ljusf\u00f6rh\u00e5llanden. Skruva enkelt i och ur f\u00f6r att hitta den storlek som passar din skjutstil. <\/p>\n<p>Detta kit inneh\u00e5ller 6 \u00f6ppningar (1\/32\u2033, 3\/64\u2033, 1\/16\u2033, 3\/32\u2033, 1\/8\u2033, 5\/32\u2033), installationsverktyg f\u00f6r \u00f6ppning, skyddsfodral.<\/p>\n","protected":false},"excerpt":{"rendered":"<p>6 \u00f6ppningar\/verktyg, fodral<\/p>\n","protected":false},"featured_media":228857,"comment_status":"open","ping_status":"closed","template":"","meta":[],"product_brand":[],"product_cat":[878],"product_tag":[],"class_list":{"0":"post-289237","1":"product","2":"type-product","3":"status-publish","4":"has-post-thumbnail","6":"product_cat-uncategorized-sv","8":"first","9":"outofstock","10":"sale","11":"taxable","12":"shipping-taxable","13":"purchasable","14":"product-type-simple"},"composite_virtual":false,"composite_layout":"","composite_add_to_cart_form_location":"","composite_editable_in_cart":false,"composite_sold_individually_context":"","composite_shop_price_calc":"","composite_components":[],"composite_scenarios":[],"group_of_quantity":0,"min_quantity":0,"max_quantity":"","exclude_order_quantity_value_rules":"no","exclude_category_quantity_rules":"no","combine_variations":"no","exclude_global_add_ons":[],"addons":[],"_links":{"self":[{"href":"https:\/\/www.huntersfriend.eu\/sv\/wp-json\/wp\/v2\/product\/289237","targetHints":{"allow":["GET"]}}],"collection":[{"href":"https:\/\/www.huntersfriend.eu\/sv\/wp-json\/wp\/v2\/product"}],"about":[{"href":"https:\/\/www.huntersfriend.eu\/sv\/wp-json\/wp\/v2\/types\/product"}],"replies":[{"embeddable":true,"href":"https:\/\/www.huntersfriend.eu\/sv\/wp-json\/wp\/v2\/comments?post=289237"}],"wp:featuredmedia":[{"embeddable":true,"href":"https:\/\/www.huntersfriend.eu\/sv\/wp-json\/wp\/v2\/media\/228857"}],"wp:attachment":[{"href":"https:\/\/www.huntersfriend.eu\/sv\/wp-json\/wp\/v2\/media?parent=289237"}],"wp:term":[{"taxonomy":"product_brand","embeddable":true,"href":"https:\/\/www.huntersfriend.eu\/sv\/wp-json\/wp\/v2\/product_brand?post=289237"},{"taxonomy":"product_cat","embeddable":true,"href":"https:\/\/www.huntersfriend.eu\/sv\/wp-json\/wp\/v2\/product_cat?post=289237"},{"taxonomy":"product_tag","embeddable":true,"href":"https:\/\/www.huntersfriend.eu\/sv\/wp-json\/wp\/v2\/product_tag?post=289237"}],"curies":[{"name":"wp","href":"https:\/\/api.w.org\/{rel}","templated":true}]}}