{"id":289236,"date":"2020-02-05T12:20:35","date_gmt":"2020-02-05T10:20:35","guid":{"rendered":"https:\/\/www.huntersfriend.eu\/product\/dead-center-frontmonterad-frankopplingsbrytare-kit\/"},"modified":"2025-08-27T14:15:55","modified_gmt":"2025-08-27T12:15:55","slug":"dead-center-frontmonterad-frankopplingsbrytare-kit","status":"publish","type":"product","link":"https:\/\/www.huntersfriend.eu\/sv\/produkt\/dead-center-frontmonterad-frankopplingsbrytare-kit\/","title":{"rendered":"Dead Center frontmonterad fr\u00e5nkopplingsbrytare \u2013 kit"},"content":{"rendered":"<p>Vi presenterar den f\u00f6rsta i sitt slag, den revolutionerande designen av Front Quick Disconnect SWITCH.<\/p>\n<p>FQD-omkopplaren har utbytbara frontplattor i 0, 5, 10 och 15 grader f\u00f6r att justera den ned\u00e5tg\u00e5ende vinkeln p\u00e5 din fr\u00e4mre stabilisator f\u00f6r ultimat m\u00e5ngsidighet och anpassning<\/p>\n<p>Inkluderar:<br \/>\n1 &#8211; Kropp<br \/>\n1 &#8211; 0-gradig platta<br \/>\n1 &#8211; 5-gradig platta<br \/>\n1 &#8211; 10-gradig platta<br \/>\n1 &#8211; 15-gradig platta<br \/>\n4 &#8211; skruvar f\u00f6r frontplatta<br \/>\n1 &#8211; monteringsbult<br \/>\n1 &#8211; stabilisator-kl\u00e4mst\u00e5ng<\/p>\n<p>Vikt: 48 g<\/p>\n","protected":false},"excerpt":{"rendered":"<p>Switch-kit med 5-, 10- och 15-gradiga plattor<\/p>\n","protected":false},"featured_media":186014,"comment_status":"open","ping_status":"closed","template":"","meta":[],"product_brand":[],"product_cat":[2792],"product_tag":[],"class_list":{"0":"post-289236","1":"product","2":"type-product","3":"status-publish","4":"has-post-thumbnail","6":"product_cat-vinkelmontering-och-snabbkoppling","8":"first","9":"instock","10":"taxable","11":"shipping-taxable","12":"purchasable","13":"product-type-simple"},"composite_virtual":false,"composite_layout":"","composite_add_to_cart_form_location":"","composite_editable_in_cart":false,"composite_sold_individually_context":"","composite_shop_price_calc":"","composite_components":[],"composite_scenarios":[],"group_of_quantity":0,"min_quantity":0,"max_quantity":"","exclude_order_quantity_value_rules":"no","exclude_category_quantity_rules":"no","combine_variations":"no","exclude_global_add_ons":[],"addons":[],"_links":{"self":[{"href":"https:\/\/www.huntersfriend.eu\/sv\/wp-json\/wp\/v2\/product\/289236","targetHints":{"allow":["GET"]}}],"collection":[{"href":"https:\/\/www.huntersfriend.eu\/sv\/wp-json\/wp\/v2\/product"}],"about":[{"href":"https:\/\/www.huntersfriend.eu\/sv\/wp-json\/wp\/v2\/types\/product"}],"replies":[{"embeddable":true,"href":"https:\/\/www.huntersfriend.eu\/sv\/wp-json\/wp\/v2\/comments?post=289236"}],"wp:featuredmedia":[{"embeddable":true,"href":"https:\/\/www.huntersfriend.eu\/sv\/wp-json\/wp\/v2\/media\/186014"}],"wp:attachment":[{"href":"https:\/\/www.huntersfriend.eu\/sv\/wp-json\/wp\/v2\/media?parent=289236"}],"wp:term":[{"taxonomy":"product_brand","embeddable":true,"href":"https:\/\/www.huntersfriend.eu\/sv\/wp-json\/wp\/v2\/product_brand?post=289236"},{"taxonomy":"product_cat","embeddable":true,"href":"https:\/\/www.huntersfriend.eu\/sv\/wp-json\/wp\/v2\/product_cat?post=289236"},{"taxonomy":"product_tag","embeddable":true,"href":"https:\/\/www.huntersfriend.eu\/sv\/wp-json\/wp\/v2\/product_tag?post=289236"}],"curies":[{"name":"wp","href":"https:\/\/api.w.org\/{rel}","templated":true}]}}