{"id":289235,"date":"2020-01-31T20:20:30","date_gmt":"2020-01-31T18:20:30","guid":{"rendered":"https:\/\/www.huntersfriend.eu\/product\/b3-king-flex-slapp\/"},"modified":"2026-01-02T08:25:16","modified_gmt":"2026-01-02T06:25:16","slug":"b3-king-flex-slapp","status":"publish","type":"product","link":"https:\/\/www.huntersfriend.eu\/sv\/produkt\/b3-king-flex-slapp\/","title":{"rendered":"B3 King Flex-sl\u00e4pp"},"content":{"rendered":"<p><img decoding=\"async\" class=\"alignnone size-full wp-image-386\" src=\"https:\/\/b3archery.com\/app\/uploads\/2018\/11\/king-logo.jpg\" alt=\"\" width=\"125\" height=\"50\"><\/p>\n<div class=\"page\" title=\"Sida 4\">\n<div class=\"section\">\n<div class=\"layoutArea\">\n<div class=\"column\">\n<p><b>B3:s SENASTE ENKELT M\u00c5TTSTOCKS-MODELL.<\/b><\/p>\n<p><strong>The King<\/strong> erbjuder innovativa funktioner som en helradierad, svartoxiderad k\u00e4ke i rostfritt st\u00e5l, vinklat r\u00e4fflat avtryck och justerbar rullsp\u00e4rrsdesign. Sp\u00e4nn fast dig med King s\u00e5 kommer du att uppskatta dess komfort, stil och m\u00e5ngsidighet. King levereras med handledsrem i standardstorlek och en bl\u00e5 vridbar stam. Om du vill ha en handledsrem i en annan storlek med ditt sl\u00e4pp, kontakta oss g\u00e4rna.   <\/p>\n<p><strong>Tillg\u00e4ngliga anslutningar:<\/strong><br \/>\nFlex Connector System \u2013 O\u00e4ndlig l\u00e4ngdjustering<br \/>\nPatenterad Tab Lock-vridstam<br \/>\nPatenterad Flex Connector<\/p>\n<\/div>\n<\/div>\n<\/div>\n<\/div>\n","protected":false},"excerpt":{"rendered":"<p>Flex-kontakt \u2013 \u00f6kenbrun<\/p>\n","protected":false},"featured_media":210182,"comment_status":"open","ping_status":"closed","template":"","meta":[],"product_brand":[],"product_cat":[2680],"product_tag":[],"class_list":{"0":"post-289235","1":"product","2":"type-product","3":"status-publish","4":"has-post-thumbnail","6":"product_cat-handledsutlosare","8":"first","9":"instock","10":"taxable","11":"shipping-taxable","12":"purchasable","13":"product-type-simple"},"composite_virtual":false,"composite_layout":"","composite_add_to_cart_form_location":"","composite_editable_in_cart":false,"composite_sold_individually_context":"","composite_shop_price_calc":"","composite_components":[],"composite_scenarios":[],"group_of_quantity":0,"min_quantity":0,"max_quantity":"","exclude_order_quantity_value_rules":"no","exclude_category_quantity_rules":"no","combine_variations":"no","exclude_global_add_ons":[],"addons":[],"_links":{"self":[{"href":"https:\/\/www.huntersfriend.eu\/sv\/wp-json\/wp\/v2\/product\/289235","targetHints":{"allow":["GET"]}}],"collection":[{"href":"https:\/\/www.huntersfriend.eu\/sv\/wp-json\/wp\/v2\/product"}],"about":[{"href":"https:\/\/www.huntersfriend.eu\/sv\/wp-json\/wp\/v2\/types\/product"}],"replies":[{"embeddable":true,"href":"https:\/\/www.huntersfriend.eu\/sv\/wp-json\/wp\/v2\/comments?post=289235"}],"wp:featuredmedia":[{"embeddable":true,"href":"https:\/\/www.huntersfriend.eu\/sv\/wp-json\/wp\/v2\/media\/210182"}],"wp:attachment":[{"href":"https:\/\/www.huntersfriend.eu\/sv\/wp-json\/wp\/v2\/media?parent=289235"}],"wp:term":[{"taxonomy":"product_brand","embeddable":true,"href":"https:\/\/www.huntersfriend.eu\/sv\/wp-json\/wp\/v2\/product_brand?post=289235"},{"taxonomy":"product_cat","embeddable":true,"href":"https:\/\/www.huntersfriend.eu\/sv\/wp-json\/wp\/v2\/product_cat?post=289235"},{"taxonomy":"product_tag","embeddable":true,"href":"https:\/\/www.huntersfriend.eu\/sv\/wp-json\/wp\/v2\/product_tag?post=289235"}],"curies":[{"name":"wp","href":"https:\/\/api.w.org\/{rel}","templated":true}]}}