{"id":289234,"date":"2020-01-31T20:20:31","date_gmt":"2020-01-31T18:20:31","guid":{"rendered":"https:\/\/www.huntersfriend.eu\/product\/b3-nemesis-vridbar-stamutlosare\/"},"modified":"2026-01-02T13:26:34","modified_gmt":"2026-01-02T11:26:34","slug":"b3-nemesis-vridbar-stamutlosare","status":"publish","type":"product","link":"https:\/\/www.huntersfriend.eu\/sv\/produkt\/b3-nemesis-vridbar-stamutlosare\/","title":{"rendered":"B3 Nemesis vridbar stamutl\u00f6sare"},"content":{"rendered":"<p><a href=\"https:\/\/b3archery.com\/app\/uploads\/2020\/01\/NemesisWeb.png\"><img decoding=\"async\" class=\"alignnone size-full wp-image-1767\" src=\"https:\/\/b3archery.com\/app\/uploads\/2020\/01\/NemesisWeb.png\" alt=\"\" width=\"125\" height=\"50\"><\/a><\/p>\n<p><strong>B3:s NYASTE UTL\u00d6SARE MED ENKELT OK OCH EXKLUSIVA TRIGGER GREPPBAND.<br \/>\n<\/strong><br \/>\n <strong>Nemesis<\/strong> \u00e4r en rullsp\u00e4rrsdesign med enkel k\u00e4ke och v\u00e5ra exklusiva triggergreppband. Med en k\u00e4ke i rostfritt st\u00e5l och v\u00e5r patenterade Tab Lock-teknik. <\/p>\n<p><strong>Tillg\u00e4ngliga anslutningar:<br \/>\n<\/strong> Vridbar stam \u2013 7 l\u00e4ngdinst\u00e4llningar<br \/>\n Patenterad Tab Lock vridbar stam<\/p>\n","protected":false},"excerpt":{"rendered":"<p>Flex-kontakt svart<\/p>\n","protected":false},"featured_media":210200,"comment_status":"open","ping_status":"closed","template":"","meta":[],"product_brand":[],"product_cat":[2680],"product_tag":[],"class_list":{"0":"post-289234","1":"product","2":"type-product","3":"status-publish","4":"has-post-thumbnail","6":"product_cat-handledsutlosare","8":"first","9":"instock","10":"taxable","11":"shipping-taxable","12":"purchasable","13":"product-type-simple"},"composite_virtual":false,"composite_layout":"","composite_add_to_cart_form_location":"","composite_editable_in_cart":false,"composite_sold_individually_context":"","composite_shop_price_calc":"","composite_components":[],"composite_scenarios":[],"group_of_quantity":0,"min_quantity":0,"max_quantity":"","exclude_order_quantity_value_rules":"no","exclude_category_quantity_rules":"no","combine_variations":"no","exclude_global_add_ons":[],"addons":[],"_links":{"self":[{"href":"https:\/\/www.huntersfriend.eu\/sv\/wp-json\/wp\/v2\/product\/289234","targetHints":{"allow":["GET"]}}],"collection":[{"href":"https:\/\/www.huntersfriend.eu\/sv\/wp-json\/wp\/v2\/product"}],"about":[{"href":"https:\/\/www.huntersfriend.eu\/sv\/wp-json\/wp\/v2\/types\/product"}],"replies":[{"embeddable":true,"href":"https:\/\/www.huntersfriend.eu\/sv\/wp-json\/wp\/v2\/comments?post=289234"}],"wp:featuredmedia":[{"embeddable":true,"href":"https:\/\/www.huntersfriend.eu\/sv\/wp-json\/wp\/v2\/media\/210200"}],"wp:attachment":[{"href":"https:\/\/www.huntersfriend.eu\/sv\/wp-json\/wp\/v2\/media?parent=289234"}],"wp:term":[{"taxonomy":"product_brand","embeddable":true,"href":"https:\/\/www.huntersfriend.eu\/sv\/wp-json\/wp\/v2\/product_brand?post=289234"},{"taxonomy":"product_cat","embeddable":true,"href":"https:\/\/www.huntersfriend.eu\/sv\/wp-json\/wp\/v2\/product_cat?post=289234"},{"taxonomy":"product_tag","embeddable":true,"href":"https:\/\/www.huntersfriend.eu\/sv\/wp-json\/wp\/v2\/product_tag?post=289234"}],"curies":[{"name":"wp","href":"https:\/\/api.w.org\/{rel}","templated":true}]}}