{"id":289233,"date":"2020-01-31T20:20:30","date_gmt":"2020-01-31T18:20:30","guid":{"rendered":"https:\/\/www.huntersfriend.eu\/product\/b3-rival-flex-release\/"},"modified":"2025-08-27T14:15:50","modified_gmt":"2025-08-27T12:15:50","slug":"b3-rival-flex-release","status":"publish","type":"product","link":"https:\/\/www.huntersfriend.eu\/sv\/produkt\/b3-rival-flex-release\/","title":{"rendered":"B3 Rival Flex-release"},"content":{"rendered":"<p><img decoding=\"async\" class=\"alignnone size-full wp-image-485\" src=\"https:\/\/b3archery.com\/app\/uploads\/2019\/01\/rival-logo.jpg\" alt=\"\" width=\"200\" height=\"50\"><\/p>\n<p><b>B3:s SENASTE DUBBELOK-RELEASE.<\/b><\/p>\n<p><strong>The Rival<\/strong> har svarta aluminiumk\u00e4kar och v\u00e5ra exklusiva triggergreppband. Den finns i svart, bl\u00e5tt eller gr\u00f6nt \u2013 med ett f\u00e4rgkoordinerande anslutningsf\u00e4ste p\u00e5 Flex Connector System. Rival \u00e4r en snygg release av h\u00f6gsta kvalitet som presterar bra utan att spr\u00e4cka budgeten. V\u00e4lj Rival. Om du vill ha en handledsrem i en annan storlek eller f\u00e4rg med din release \u00e4r du v\u00e4lkommen att kontakta oss.    <\/p>\n<div class=\"page\" title=\"Sida 7\">\n<div class=\"section\">\n<div class=\"layoutArea\">\n<div class=\"column\">\n<p><strong>Tillg\u00e4ngliga anslutningar:<\/strong><br \/>\nPatenterat Flex Connector System \u2013 O\u00e4ndlig l\u00e4ngdjustering<\/p>\n<\/div>\n<\/div>\n<\/div>\n<\/div>\n","protected":false},"excerpt":{"rendered":"<p>Flex-kontakt svart<\/p>\n","protected":false},"featured_media":210191,"comment_status":"open","ping_status":"closed","template":"","meta":[],"product_brand":[],"product_cat":[2680],"product_tag":[],"class_list":{"0":"post-289233","1":"product","2":"type-product","3":"status-publish","4":"has-post-thumbnail","6":"product_cat-handledsutlosare","8":"first","9":"instock","10":"taxable","11":"shipping-taxable","12":"purchasable","13":"product-type-simple"},"composite_virtual":false,"composite_layout":"","composite_add_to_cart_form_location":"","composite_editable_in_cart":false,"composite_sold_individually_context":"","composite_shop_price_calc":"","composite_components":[],"composite_scenarios":[],"group_of_quantity":0,"min_quantity":0,"max_quantity":"","exclude_order_quantity_value_rules":"no","exclude_category_quantity_rules":"no","combine_variations":"no","exclude_global_add_ons":[],"addons":[],"_links":{"self":[{"href":"https:\/\/www.huntersfriend.eu\/sv\/wp-json\/wp\/v2\/product\/289233","targetHints":{"allow":["GET"]}}],"collection":[{"href":"https:\/\/www.huntersfriend.eu\/sv\/wp-json\/wp\/v2\/product"}],"about":[{"href":"https:\/\/www.huntersfriend.eu\/sv\/wp-json\/wp\/v2\/types\/product"}],"replies":[{"embeddable":true,"href":"https:\/\/www.huntersfriend.eu\/sv\/wp-json\/wp\/v2\/comments?post=289233"}],"wp:featuredmedia":[{"embeddable":true,"href":"https:\/\/www.huntersfriend.eu\/sv\/wp-json\/wp\/v2\/media\/210191"}],"wp:attachment":[{"href":"https:\/\/www.huntersfriend.eu\/sv\/wp-json\/wp\/v2\/media?parent=289233"}],"wp:term":[{"taxonomy":"product_brand","embeddable":true,"href":"https:\/\/www.huntersfriend.eu\/sv\/wp-json\/wp\/v2\/product_brand?post=289233"},{"taxonomy":"product_cat","embeddable":true,"href":"https:\/\/www.huntersfriend.eu\/sv\/wp-json\/wp\/v2\/product_cat?post=289233"},{"taxonomy":"product_tag","embeddable":true,"href":"https:\/\/www.huntersfriend.eu\/sv\/wp-json\/wp\/v2\/product_tag?post=289233"}],"curies":[{"name":"wp","href":"https:\/\/api.w.org\/{rel}","templated":true}]}}