{"id":289230,"date":"2020-01-31T20:20:30","date_gmt":"2020-01-31T18:20:30","guid":{"rendered":"https:\/\/www.huntersfriend.eu\/product\/b3-alpha-flex-lansering\/"},"modified":"2025-08-27T14:15:49","modified_gmt":"2025-08-27T12:15:49","slug":"b3-alpha-flex-lansering","status":"publish","type":"product","link":"https:\/\/www.huntersfriend.eu\/sv\/produkt\/b3-alpha-flex-lansering\/","title":{"rendered":"B3 Alpha Flex-lansering"},"content":{"rendered":"<p><img decoding=\"async\" class=\"alignnone size-full wp-image-380\" src=\"https:\/\/b3archery.com\/app\/uploads\/2018\/11\/alpha-logo.jpg\" alt=\"\" width=\"167\" height=\"50\"><\/p>\n<p><b>B3:s SENASTE RELEASE MED DUBBELT OK.<\/b><\/p>\n<p><strong>Alpha<\/strong> har en rull-sear-design och ett justerbart avtryck. De sv\u00e4rtade k\u00e4ftarna i rostfritt st\u00e5l \u00e4r helt rundade och Alpha kan anv\u00e4ndas utanf\u00f6r b\u00e5gstr\u00e4ngen eller med en str\u00e4ng\u00f6gla. Den s\u00e4tter nya standarder i v\u00e4rlden av dubbla kaliber-releaser. Alpha levereras med handledsrem i standardstorlek och en bl\u00e5 vridbar stam. Om du vill ha en handledsrem i en annan storlek med din release \u00e4r du v\u00e4lkommen att kontakta oss.    <\/p>\n<div class=\"page\" title=\"Sida 4\">\n<div class=\"section\">\n<div class=\"layoutArea\">\n<div class=\"column\">\n<p><strong>Tillg\u00e4ngliga anslutningar:<\/strong><br \/>\nFlex Connector System \u2013 O\u00e4ndlig l\u00e4ngdjustering<br \/>\nPatenterad Tab Lock-vridstam<br \/>\nPatenterad Flex Connector<\/p>\n<\/div>\n<\/div>\n<\/div>\n<\/div>\n","protected":false},"excerpt":{"rendered":"<p>Flex Connector System \u2013 o\u00e4ndlig l\u00e4ngdjustering i Desert Brown<\/p>\n","protected":false},"featured_media":210167,"comment_status":"open","ping_status":"closed","template":"","meta":[],"product_brand":[],"product_cat":[2680],"product_tag":[],"class_list":{"0":"post-289230","1":"product","2":"type-product","3":"status-publish","4":"has-post-thumbnail","6":"product_cat-handledsutlosare","8":"first","9":"instock","10":"taxable","11":"shipping-taxable","12":"purchasable","13":"product-type-simple"},"composite_virtual":false,"composite_layout":"","composite_add_to_cart_form_location":"","composite_editable_in_cart":false,"composite_sold_individually_context":"","composite_shop_price_calc":"","composite_components":[],"composite_scenarios":[],"group_of_quantity":0,"min_quantity":0,"max_quantity":"","exclude_order_quantity_value_rules":"no","exclude_category_quantity_rules":"no","combine_variations":"no","exclude_global_add_ons":[],"addons":[],"_links":{"self":[{"href":"https:\/\/www.huntersfriend.eu\/sv\/wp-json\/wp\/v2\/product\/289230","targetHints":{"allow":["GET"]}}],"collection":[{"href":"https:\/\/www.huntersfriend.eu\/sv\/wp-json\/wp\/v2\/product"}],"about":[{"href":"https:\/\/www.huntersfriend.eu\/sv\/wp-json\/wp\/v2\/types\/product"}],"replies":[{"embeddable":true,"href":"https:\/\/www.huntersfriend.eu\/sv\/wp-json\/wp\/v2\/comments?post=289230"}],"wp:featuredmedia":[{"embeddable":true,"href":"https:\/\/www.huntersfriend.eu\/sv\/wp-json\/wp\/v2\/media\/210167"}],"wp:attachment":[{"href":"https:\/\/www.huntersfriend.eu\/sv\/wp-json\/wp\/v2\/media?parent=289230"}],"wp:term":[{"taxonomy":"product_brand","embeddable":true,"href":"https:\/\/www.huntersfriend.eu\/sv\/wp-json\/wp\/v2\/product_brand?post=289230"},{"taxonomy":"product_cat","embeddable":true,"href":"https:\/\/www.huntersfriend.eu\/sv\/wp-json\/wp\/v2\/product_cat?post=289230"},{"taxonomy":"product_tag","embeddable":true,"href":"https:\/\/www.huntersfriend.eu\/sv\/wp-json\/wp\/v2\/product_tag?post=289230"}],"curies":[{"name":"wp","href":"https:\/\/api.w.org\/{rel}","templated":true}]}}