{"id":289228,"date":"2019-12-21T15:20:21","date_gmt":"2019-12-21T13:20:21","guid":{"rendered":"https:\/\/www.huntersfriend.eu\/product\/skorpiongift\/"},"modified":"2026-04-15T15:00:26","modified_gmt":"2026-04-15T13:00:26","slug":"skorpiongift","status":"publish","type":"product","link":"https:\/\/www.huntersfriend.eu\/sv\/produkt\/skorpiongift\/","title":{"rendered":"Skorpiongift"},"content":{"rendered":"<p>Det \u00e4r m\u00f6jligen det smidigaste materialet som finns tillg\u00e4ngligt f\u00f6r att ta bort pilar fr\u00e5n m\u00e5l. Borttagning av pilar fr\u00e5n t\u00e4ta m\u00e5l \u00e4r enkelt utan att beh\u00f6va ta i. Dina morf\u00f6r\u00e4ldrar kommer inte att l\u00e4gga ifr\u00e5n sig pilb\u00e5gen.  <\/p>\n<p>Applicera en liten m\u00e4ngd endast p\u00e5 pilspetsen, och lite r\u00e4cker l\u00e5ngt.<\/p>\n<ul>\n<li>Luktfri<\/li>\n<li>Vattent\u00e4t<\/li>\n<\/ul>\n","protected":false},"excerpt":{"rendered":"<p>Sm\u00f6rjmedel f\u00f6r pilb\u00e5ge<\/p>\n","protected":false},"featured_media":210155,"comment_status":"open","ping_status":"closed","template":"","meta":[],"product_brand":[],"product_cat":[2883],"product_tag":[],"class_list":{"0":"post-289228","1":"product","2":"type-product","3":"status-publish","4":"has-post-thumbnail","6":"product_cat-pilutdragare-och-smorjmedel","8":"first","9":"onbackorder","10":"taxable","11":"shipping-taxable","12":"purchasable","13":"product-type-simple"},"composite_virtual":false,"composite_layout":"","composite_add_to_cart_form_location":"","composite_editable_in_cart":false,"composite_sold_individually_context":"","composite_shop_price_calc":"","composite_components":[],"composite_scenarios":[],"group_of_quantity":0,"min_quantity":0,"max_quantity":"","exclude_order_quantity_value_rules":"no","exclude_category_quantity_rules":"no","combine_variations":"no","exclude_global_add_ons":[],"addons":[],"_links":{"self":[{"href":"https:\/\/www.huntersfriend.eu\/sv\/wp-json\/wp\/v2\/product\/289228","targetHints":{"allow":["GET"]}}],"collection":[{"href":"https:\/\/www.huntersfriend.eu\/sv\/wp-json\/wp\/v2\/product"}],"about":[{"href":"https:\/\/www.huntersfriend.eu\/sv\/wp-json\/wp\/v2\/types\/product"}],"replies":[{"embeddable":true,"href":"https:\/\/www.huntersfriend.eu\/sv\/wp-json\/wp\/v2\/comments?post=289228"}],"wp:featuredmedia":[{"embeddable":true,"href":"https:\/\/www.huntersfriend.eu\/sv\/wp-json\/wp\/v2\/media\/210155"}],"wp:attachment":[{"href":"https:\/\/www.huntersfriend.eu\/sv\/wp-json\/wp\/v2\/media?parent=289228"}],"wp:term":[{"taxonomy":"product_brand","embeddable":true,"href":"https:\/\/www.huntersfriend.eu\/sv\/wp-json\/wp\/v2\/product_brand?post=289228"},{"taxonomy":"product_cat","embeddable":true,"href":"https:\/\/www.huntersfriend.eu\/sv\/wp-json\/wp\/v2\/product_cat?post=289228"},{"taxonomy":"product_tag","embeddable":true,"href":"https:\/\/www.huntersfriend.eu\/sv\/wp-json\/wp\/v2\/product_tag?post=289228"}],"curies":[{"name":"wp","href":"https:\/\/api.w.org\/{rel}","templated":true}]}}