{"id":289225,"date":"2020-10-08T11:20:29","date_gmt":"2020-10-08T09:20:29","guid":{"rendered":"https:\/\/www.huntersfriend.eu\/product\/hha-tetra-1-pin-sikte\/"},"modified":"2025-10-30T11:51:28","modified_gmt":"2025-10-30T09:51:28","slug":"hha-tetra-1-pin-sikte","status":"publish","type":"product","link":"https:\/\/www.huntersfriend.eu\/sv\/produkt\/hha-tetra-1-pin-sikte\/","title":{"rendered":"HHA Tetra 1-pin \u2013 sikte"},"content":{"rendered":"<h2 class=\"suma-woo-product-tagline \">N\u00e4sta generations optimerare<\/h2>\n<div class=\"vc_row wpb_row vc_inner vc_row-fluid\">\n<div class=\"wpb_column vc_column_container vc_col-sm-6 vc_col-xs-12\">\n<div class=\"vc_column-inner\">\n<div class=\"wpb_wrapper\">\n<div class=\"text-standout-white\">\n<p>1 5\/8&#8243; sikte<\/p>\n<p>\u00d6ver tv\u00e5 decennier av teknologi samlas f\u00f6r att erbjuda ett av de mest m\u00e5ngsidiga, l\u00e4ttviktiga och robusta siktena som finns. Tetra levererar en silkeslen 2,1&#8243; f\u00f6rflyttning p\u00e5 ditt val av en fast ram eller laxstj\u00e4rtst\u00e5ng. Precision ner till varje yard med v\u00e5ra patenterade R.D.S.-sikttejper och precisionsjustering av vindavdrift ger d\u00f6dlig noggrannhet i f\u00e4lt och p\u00e5 skjutbanan. De koger-v\u00e4nliga, hjulf\u00f6rsedda designerna g\u00f6r dessa sikten idealiska f\u00f6r b\u00e5de b\u00e5gskyttar och 3D-skyttar. Med 2:a och 3:e axeljustering och en komplett serie tillbeh\u00f6r \u00e4r Tetra avsedd att ta \u00f6ver som det nya #1-glidsiktet p\u00e5 marknaden idag.    <\/p>\n<p>En tv\u00e5stegsjustering av vindavdrift g\u00f6r inskjutningen enkel och exakt. Helt utan verktyg \u2013 n\u00e4r Tetra v\u00e4l \u00e4r monterad p\u00e5 din b\u00e5ge kan du l\u00e4gga undan verktygssatsen och g\u00f6ra mindre justeringar i f\u00e4lt. Med laseretsade m\u00e4rken och anv\u00e4ndarv\u00e4nliga justeringsrattar \u00e4r det enklare \u00e4n n\u00e5gonsin att st\u00e4lla in.  <\/p>\n<ul>\n<li>Mekanisk reostat f\u00f6r fiberoptisk ljusstyrkekontroll<\/li>\n<li>Maskinbearbetad aluminiumstiftb\u00e4rare erbjuder o\u00f6vertr\u00e4ffat fiberskydd<\/li>\n<li>Nivelleringsbubbla<\/li>\n<li>L\u00e4ttgreppad ratt f\u00f6r snabb r\u00e4ckviddsjustering fr\u00e5n 20\u2013100 yards<\/li>\n<li>Vattent\u00e5liga avst\u00e5ndstejper<\/li>\n<li>M\u00e4ssingsn\u00e5l f\u00f6r avst\u00e5ndsmarkering<\/li>\n<li>M\u00e4t avst\u00e5ndet. St\u00e4ll in. Skjut.  <\/li>\n<li>100 % livstidsgaranti<\/li>\n<li>Fullst\u00e4ndigt skyddad fiber<\/li>\n<li>Inga verktyg kr\u00e4vs<\/li>\n<\/ul>\n<\/div>\n<\/div>\n<\/div>\n<\/div>\n<\/div>\n","protected":false},"excerpt":{"rendered":"<p>1-pin, 1 5\/8&#8243; sikte, med reostat<\/p>\n","protected":false},"featured_media":190721,"comment_status":"open","ping_status":"closed","template":"","meta":[],"product_brand":[],"product_cat":[2690,2765],"product_tag":[],"class_list":{"0":"post-289225","1":"product","2":"type-product","3":"status-publish","4":"has-post-thumbnail","6":"product_cat-bagjaktsikten","7":"product_cat-fyndlada-slutrea","9":"first","10":"instock","11":"sale","12":"taxable","13":"shipping-taxable","14":"purchasable","15":"product-type-variable","16":"has-default-attributes"},"composite_virtual":false,"composite_layout":"","composite_add_to_cart_form_location":"","composite_editable_in_cart":false,"composite_sold_individually_context":"","composite_shop_price_calc":"","composite_components":[],"composite_scenarios":[],"group_of_quantity":0,"min_quantity":0,"max_quantity":"","exclude_order_quantity_value_rules":"no","exclude_category_quantity_rules":"no","combine_variations":"no","exclude_global_add_ons":[],"addons":[],"_links":{"self":[{"href":"https:\/\/www.huntersfriend.eu\/sv\/wp-json\/wp\/v2\/product\/289225","targetHints":{"allow":["GET"]}}],"collection":[{"href":"https:\/\/www.huntersfriend.eu\/sv\/wp-json\/wp\/v2\/product"}],"about":[{"href":"https:\/\/www.huntersfriend.eu\/sv\/wp-json\/wp\/v2\/types\/product"}],"replies":[{"embeddable":true,"href":"https:\/\/www.huntersfriend.eu\/sv\/wp-json\/wp\/v2\/comments?post=289225"}],"wp:featuredmedia":[{"embeddable":true,"href":"https:\/\/www.huntersfriend.eu\/sv\/wp-json\/wp\/v2\/media\/190721"}],"wp:attachment":[{"href":"https:\/\/www.huntersfriend.eu\/sv\/wp-json\/wp\/v2\/media?parent=289225"}],"wp:term":[{"taxonomy":"product_brand","embeddable":true,"href":"https:\/\/www.huntersfriend.eu\/sv\/wp-json\/wp\/v2\/product_brand?post=289225"},{"taxonomy":"product_cat","embeddable":true,"href":"https:\/\/www.huntersfriend.eu\/sv\/wp-json\/wp\/v2\/product_cat?post=289225"},{"taxonomy":"product_tag","embeddable":true,"href":"https:\/\/www.huntersfriend.eu\/sv\/wp-json\/wp\/v2\/product_tag?post=289225"}],"curies":[{"name":"wp","href":"https:\/\/api.w.org\/{rel}","templated":true}]}}