{"id":289224,"date":"2019-12-17T15:40:48","date_gmt":"2019-12-17T13:40:48","guid":{"rendered":"https:\/\/www.huntersfriend.eu\/product\/nap-thunderhead-nitro-100gr\/"},"modified":"2025-08-27T14:15:42","modified_gmt":"2025-08-27T12:15:42","slug":"nap-thunderhead-nitro-100gr","status":"publish","type":"product","link":"https:\/\/www.huntersfriend.eu\/sv\/produkt\/nap-thunderhead-nitro-100gr\/","title":{"rendered":"NAP thunderhead nitro 100gr"},"content":{"rendered":"<p><span style=\"display: inline !important; float: none; background-color: #ffffff; color: #212529; font-family: 'Unicod Sans',serif; font-size: 20px; font-style: normal; font-variant: normal; font-weight: 300; letter-spacing: normal; orphans: 2; text-align: left; text-decoration: none; text-indent: 0px; text-transform: none; -webkit-text-stroke-width: 0px; white-space: normal; word-spacing: 0px;\">Thunderhead Nitro \u00e4r det perfekta jaktspetsen f\u00f6r skyttar som anv\u00e4nder jaktspetsar med fasta blad och som kr\u00e4ver extrem precision och robusthet. Med en konstruktion helt i st\u00e5l och 1-1\/16 tums ultraskarpa blad \u00e4r den utformad f\u00f6r att f\u00e4lla de st\u00f6rsta vilt djuren. Tillverkad i USA f\u00f6r de snabbaste och mest kraftfulla pilb\u00e5gar och armborst som finns.  <\/span><\/p>\n","protected":false},"excerpt":{"rendered":"<p>3 st\/f\u00f6rpackning, 100 grain<\/p>\n","protected":false},"featured_media":211185,"comment_status":"open","ping_status":"closed","template":"","meta":[],"product_brand":[],"product_cat":[2647],"product_tag":[],"class_list":{"0":"post-289224","1":"product","2":"type-product","3":"status-publish","4":"has-post-thumbnail","6":"product_cat-broadheads-jakt","8":"first","9":"instock","10":"taxable","11":"shipping-taxable","12":"purchasable","13":"product-type-simple"},"composite_virtual":false,"composite_layout":"","composite_add_to_cart_form_location":"","composite_editable_in_cart":false,"composite_sold_individually_context":"","composite_shop_price_calc":"","composite_components":[],"composite_scenarios":[],"group_of_quantity":0,"min_quantity":0,"max_quantity":"","exclude_order_quantity_value_rules":"no","exclude_category_quantity_rules":"no","combine_variations":"no","exclude_global_add_ons":[],"addons":[],"_links":{"self":[{"href":"https:\/\/www.huntersfriend.eu\/sv\/wp-json\/wp\/v2\/product\/289224","targetHints":{"allow":["GET"]}}],"collection":[{"href":"https:\/\/www.huntersfriend.eu\/sv\/wp-json\/wp\/v2\/product"}],"about":[{"href":"https:\/\/www.huntersfriend.eu\/sv\/wp-json\/wp\/v2\/types\/product"}],"replies":[{"embeddable":true,"href":"https:\/\/www.huntersfriend.eu\/sv\/wp-json\/wp\/v2\/comments?post=289224"}],"wp:featuredmedia":[{"embeddable":true,"href":"https:\/\/www.huntersfriend.eu\/sv\/wp-json\/wp\/v2\/media\/211185"}],"wp:attachment":[{"href":"https:\/\/www.huntersfriend.eu\/sv\/wp-json\/wp\/v2\/media?parent=289224"}],"wp:term":[{"taxonomy":"product_brand","embeddable":true,"href":"https:\/\/www.huntersfriend.eu\/sv\/wp-json\/wp\/v2\/product_brand?post=289224"},{"taxonomy":"product_cat","embeddable":true,"href":"https:\/\/www.huntersfriend.eu\/sv\/wp-json\/wp\/v2\/product_cat?post=289224"},{"taxonomy":"product_tag","embeddable":true,"href":"https:\/\/www.huntersfriend.eu\/sv\/wp-json\/wp\/v2\/product_tag?post=289224"}],"curies":[{"name":"wp","href":"https:\/\/api.w.org\/{rel}","templated":true}]}}