{"id":289217,"date":"2019-12-04T11:49:48","date_gmt":"2019-12-04T09:49:48","guid":{"rendered":"https:\/\/www.huntersfriend.eu\/product\/gateway-parabolisk-fjader-4\/"},"modified":"2025-08-27T14:15:23","modified_gmt":"2025-08-27T12:15:23","slug":"gateway-parabolisk-fjader-4","status":"publish","type":"product","link":"https:\/\/www.huntersfriend.eu\/sv\/produkt\/gateway-parabolisk-fjader-4\/","title":{"rendered":"Gateway parabolisk fj\u00e4der 4&#8243;"},"content":{"rendered":"<p>4&#8243; h\u00f6gerfj\u00e4drar fr\u00e5n Gateway<\/p>\n<p><strong>Viktiga funktioner:<\/strong><\/p>\n<ul>\n<li>Precisionsskurna, naturliga fj\u00e4drar f\u00f6r snabb och f\u00f6rl\u00e5tande pilflykt<\/li>\n<li>Sk\u00f6ldskuren form<\/li>\n<li>L\u00e4mplig f\u00f6r anv\u00e4ndning p\u00e5 alla typer av pilskaft<\/li>\n<li>Popul\u00e4r storlek som normalt f\u00f6redras f\u00f6r anv\u00e4ndning p\u00e5 pilskaft med st\u00f6rre diameter<\/li>\n<li>H\u00f6gerfj\u00e4der vald f\u00f6r pilrotation medurs<\/li>\n<li>Brett utbud av attraktiva f\u00e4rger tillg\u00e4ngliga<\/li>\n<\/ul>\n<p><strong>Specifikationer:<\/strong> <strong>Vikt<\/strong>: 2,95 grains <strong>H\u00f6jd<\/strong>: 0,610&#8243; (15,5 mm)<\/p>\n","protected":false},"excerpt":{"rendered":"<p>S\u00e4ljs i satser om 12 st<\/p>\n","protected":false},"featured_media":182011,"comment_status":"open","ping_status":"closed","template":"","meta":[],"product_brand":[],"product_cat":[2934],"product_tag":[],"class_list":{"0":"post-289217","1":"product","2":"type-product","3":"status-publish","4":"has-post-thumbnail","6":"product_cat-fjadrar","8":"first","9":"instock","10":"taxable","11":"shipping-taxable","12":"purchasable","13":"product-type-variable"},"composite_virtual":false,"composite_layout":"","composite_add_to_cart_form_location":"","composite_editable_in_cart":false,"composite_sold_individually_context":"","composite_shop_price_calc":"","composite_components":[],"composite_scenarios":[],"group_of_quantity":0,"min_quantity":0,"max_quantity":"","exclude_order_quantity_value_rules":"no","exclude_category_quantity_rules":"no","combine_variations":"no","exclude_global_add_ons":[],"addons":[],"_links":{"self":[{"href":"https:\/\/www.huntersfriend.eu\/sv\/wp-json\/wp\/v2\/product\/289217","targetHints":{"allow":["GET"]}}],"collection":[{"href":"https:\/\/www.huntersfriend.eu\/sv\/wp-json\/wp\/v2\/product"}],"about":[{"href":"https:\/\/www.huntersfriend.eu\/sv\/wp-json\/wp\/v2\/types\/product"}],"replies":[{"embeddable":true,"href":"https:\/\/www.huntersfriend.eu\/sv\/wp-json\/wp\/v2\/comments?post=289217"}],"wp:featuredmedia":[{"embeddable":true,"href":"https:\/\/www.huntersfriend.eu\/sv\/wp-json\/wp\/v2\/media\/182011"}],"wp:attachment":[{"href":"https:\/\/www.huntersfriend.eu\/sv\/wp-json\/wp\/v2\/media?parent=289217"}],"wp:term":[{"taxonomy":"product_brand","embeddable":true,"href":"https:\/\/www.huntersfriend.eu\/sv\/wp-json\/wp\/v2\/product_brand?post=289217"},{"taxonomy":"product_cat","embeddable":true,"href":"https:\/\/www.huntersfriend.eu\/sv\/wp-json\/wp\/v2\/product_cat?post=289217"},{"taxonomy":"product_tag","embeddable":true,"href":"https:\/\/www.huntersfriend.eu\/sv\/wp-json\/wp\/v2\/product_tag?post=289217"}],"curies":[{"name":"wp","href":"https:\/\/api.w.org\/{rel}","templated":true}]}}