{"id":289213,"date":"2019-11-04T15:20:33","date_gmt":"2019-11-04T13:20:33","guid":{"rendered":"https:\/\/www.huntersfriend.eu\/product\/hamskea-arojac-2-0-piltang\/"},"modified":"2026-01-07T14:32:05","modified_gmt":"2026-01-07T12:32:05","slug":"hamskea-arojac-2-0-piltang","status":"publish","type":"product","link":"https:\/\/www.huntersfriend.eu\/sv\/produkt\/hamskea-arojac-2-0-piltang\/","title":{"rendered":"Hamskea arojac 2.0 Pilt\u00e5ng"},"content":{"rendered":"<p>Ny och f\u00f6rb\u00e4ttrad design. AroJac \u00e4r nu mindre, mer kompakt och l\u00e4ttare \u00e4n den tidigare designen. Den inkluderar nu TPV-greppbackar och huvudet kan vridas f\u00f6r att dra pilar som sitter vinklade i m\u00e5ltavlor.  <\/p>\n<p>Spara din energi till att skjuta pilar, inte dra dem! Denna unika enhet l\u00e5ter dig s\u00e4kert dra vilken pil som helst, n\u00e4r som helst, var som helst med liten anstr\u00e4ngning! AroJac \u00e4r utformad f\u00f6r att dra pilar fr\u00e5n envisa, kalla, h\u00e5rda 3D-m\u00e5ltavlor. Men AroJac drar pilar ur styva komprimerade FITA-butt, gummimattor eller till och med tr\u00e4d &amp; tr\u00e4. Den \u00e4r perfekt f\u00f6r att dra ut armborstspilar ur skumtavlor med h\u00f6g densitet! AroJac griper tag i pilens skaft med sina sj\u00e4lvgripande backar, medan spakhandtaget roteras bak\u00e5t vilket g\u00f6r att backarna r\u00f6r sig bort fr\u00e5n m\u00e5let och d\u00e4rmed drar ut pilen ur m\u00e5let med varje drag i handtaget. Detta \u00e4r ett perfekt verktyg f\u00f6r alla inomhus- eller utomhusbanor.      <\/p>\n<p>*L\u00e4tt att dra ur nya m\u00e5l eller kalla 3D-m\u00e5l.<br \/>\n*Perfekt f\u00f6r barn och kvinnor. Nu kan de s\u00e4kert och enkelt dra sina egna pilar.<br \/>\n*AROJAC eliminerar behovet av att vrida pilar f\u00f6r hand f\u00f6r att bryta bindningen fr\u00e5n m\u00e5let, vilket minskar belastningen p\u00e5 kolfiberskaft.<br \/>\n*Kan till och med dra pilar ur tr\u00e4. (V\u00e4nligen skjut inte avsiktligt en pil in i ett tr\u00e4d, st\u00f6ten kommer sannolikt att skada pilen.) <\/p>\n<p>Pilar kan skadas p\u00e5 m\u00e5nga s\u00e4tt \u2013 fr\u00e5n att tr\u00e4ffa andra pilar eller h\u00e5rda ytor i ett m\u00e5l, till att komponenter lossnar vid skjutning eller vid utdragning.<\/p>\n<p>SKJUT ALDRIG EN PIL SOM KAN VARA SKADAD ELLER HAR SAKNADE ELLER SKADADE DELAR!<\/p>\n","protected":false},"excerpt":{"rendered":"<p>Ny och f\u00f6rb\u00e4ttrad design. AroJac \u00e4r nu mindre, mer kompakt och l\u00e4ttare \u00e4n den tidigare designen. Den inkluderar nu TPV-greppbackar och huvudet kan vridas f\u00f6r att dra pilar som sitter vinklade i m\u00e5ltavlor. Spara din energi till att skjuta pilar, inte dra dem! Denna unika enhet l\u00e5ter dig s\u00e4kert dra vilken pil som helst, n\u00e4r [&#8230;]\n","protected":false},"featured_media":211176,"comment_status":"open","ping_status":"closed","template":"","meta":[],"product_brand":[],"product_cat":[878],"product_tag":[],"class_list":{"0":"post-289213","1":"product","2":"type-product","3":"status-publish","4":"has-post-thumbnail","6":"product_cat-uncategorized-sv","8":"first","9":"outofstock","10":"taxable","11":"shipping-taxable","12":"purchasable","13":"product-type-simple"},"composite_virtual":false,"composite_layout":"","composite_add_to_cart_form_location":"","composite_editable_in_cart":false,"composite_sold_individually_context":"","composite_shop_price_calc":"","composite_components":[],"composite_scenarios":[],"group_of_quantity":0,"min_quantity":0,"max_quantity":"","exclude_order_quantity_value_rules":"no","exclude_category_quantity_rules":"no","combine_variations":"no","exclude_global_add_ons":[],"addons":[],"_links":{"self":[{"href":"https:\/\/www.huntersfriend.eu\/sv\/wp-json\/wp\/v2\/product\/289213","targetHints":{"allow":["GET"]}}],"collection":[{"href":"https:\/\/www.huntersfriend.eu\/sv\/wp-json\/wp\/v2\/product"}],"about":[{"href":"https:\/\/www.huntersfriend.eu\/sv\/wp-json\/wp\/v2\/types\/product"}],"replies":[{"embeddable":true,"href":"https:\/\/www.huntersfriend.eu\/sv\/wp-json\/wp\/v2\/comments?post=289213"}],"wp:featuredmedia":[{"embeddable":true,"href":"https:\/\/www.huntersfriend.eu\/sv\/wp-json\/wp\/v2\/media\/211176"}],"wp:attachment":[{"href":"https:\/\/www.huntersfriend.eu\/sv\/wp-json\/wp\/v2\/media?parent=289213"}],"wp:term":[{"taxonomy":"product_brand","embeddable":true,"href":"https:\/\/www.huntersfriend.eu\/sv\/wp-json\/wp\/v2\/product_brand?post=289213"},{"taxonomy":"product_cat","embeddable":true,"href":"https:\/\/www.huntersfriend.eu\/sv\/wp-json\/wp\/v2\/product_cat?post=289213"},{"taxonomy":"product_tag","embeddable":true,"href":"https:\/\/www.huntersfriend.eu\/sv\/wp-json\/wp\/v2\/product_tag?post=289213"}],"curies":[{"name":"wp","href":"https:\/\/api.w.org\/{rel}","templated":true}]}}