{"id":289212,"date":"2019-12-03T15:11:49","date_gmt":"2019-12-03T13:11:49","guid":{"rendered":"https:\/\/www.huntersfriend.eu\/product\/gateway-feather-10-spiral\/"},"modified":"2025-08-27T14:15:20","modified_gmt":"2025-08-27T12:15:20","slug":"gateway-feather-10-spiral","status":"publish","type":"product","link":"https:\/\/www.huntersfriend.eu\/sv\/produkt\/gateway-feather-10-spiral\/","title":{"rendered":"Gateway Feather 10&#8243; spiral"},"content":{"rendered":"<p>Spiral 10&#8243;-fj\u00e4drar anv\u00e4nds b\u00e4st f\u00f6r att g\u00f6ra de popul\u00e4ra spiralflu flu-lindningspilarna som visas p\u00e5 bilden.<\/p>\n<p>Full\u00e4ngds h\u00f6gerfj\u00e4drar har sina spolar skurna men har ingen form. Det kommer att finnas 8&#8243; av bra sk\u00e4rbar spole och fj\u00e4der. Du kan sedan anv\u00e4nda din egen sk\u00e4rare eller br\u00e4nnare f\u00f6r att sk\u00e4ra den form och storlek du vill ha. Kvantiteten \u00e4r ett paket med 100 stycken &#8211; Denna fj\u00e4der kommer att vara i genomsnitt 35 millimeter h\u00f6g \u00f6ver sin l\u00e4ngd. Denna fj\u00e4der anv\u00e4nds f\u00f6r b\u00e5de jaktpilar och m\u00e5lskyttepilar och kan anv\u00e4ndas p\u00e5 alla typer av pilmaterial. Appliceras b\u00e4st med Fast Fletch Glue och kan anv\u00e4ndas av antingen en h\u00f6ger- eller v\u00e4nsterh\u00e4nt b\u00e5gskytt.     <\/p>\n<p><strong>Viktiga funktioner:<\/strong><\/p>\n<ul>\n<li>L\u00e4mplig f\u00f6r flu flu \/ Ja<\/li>\n<li>L\u00e4mplig f\u00f6r m\u00e5l \/ 3D: Ja<\/li>\n<li>L\u00e4mplig f\u00f6r jakt: Ja<\/li>\n<li>Anm\u00e4rkning: designa din egen form och storlek<\/li>\n<li>H\u00f6jd: 35 mm \/ 1,38 tum<\/li>\n<\/ul>\n","protected":false},"excerpt":{"rendered":"<p>Spiral 10&#8243;-fj\u00e4drar anv\u00e4nds b\u00e4st f\u00f6r att g\u00f6ra de popul\u00e4ra spiralflu flu-lindningspilarna som visas p\u00e5 bilden. Full\u00e4ngds h\u00f6gerfj\u00e4drar har sina spolar skurna men har ingen form. Det kommer att finnas 8&#8243; av bra sk\u00e4rbar spole och fj\u00e4der. Du kan sedan anv\u00e4nda din egen sk\u00e4rare eller br\u00e4nnare f\u00f6r att sk\u00e4ra den form och storlek du vill ha. [&#8230;]\n","protected":false},"featured_media":181837,"comment_status":"open","ping_status":"closed","template":"","meta":[],"product_brand":[],"product_cat":[2934],"product_tag":[],"class_list":{"0":"post-289212","1":"product","2":"type-product","3":"status-publish","4":"has-post-thumbnail","6":"product_cat-fjadrar","8":"first","9":"instock","10":"taxable","11":"shipping-taxable","12":"purchasable","13":"product-type-variable"},"composite_virtual":false,"composite_layout":"","composite_add_to_cart_form_location":"","composite_editable_in_cart":false,"composite_sold_individually_context":"","composite_shop_price_calc":"","composite_components":[],"composite_scenarios":[],"group_of_quantity":0,"min_quantity":0,"max_quantity":"","exclude_order_quantity_value_rules":"no","exclude_category_quantity_rules":"no","combine_variations":"no","exclude_global_add_ons":[],"addons":[],"_links":{"self":[{"href":"https:\/\/www.huntersfriend.eu\/sv\/wp-json\/wp\/v2\/product\/289212","targetHints":{"allow":["GET"]}}],"collection":[{"href":"https:\/\/www.huntersfriend.eu\/sv\/wp-json\/wp\/v2\/product"}],"about":[{"href":"https:\/\/www.huntersfriend.eu\/sv\/wp-json\/wp\/v2\/types\/product"}],"replies":[{"embeddable":true,"href":"https:\/\/www.huntersfriend.eu\/sv\/wp-json\/wp\/v2\/comments?post=289212"}],"wp:featuredmedia":[{"embeddable":true,"href":"https:\/\/www.huntersfriend.eu\/sv\/wp-json\/wp\/v2\/media\/181837"}],"wp:attachment":[{"href":"https:\/\/www.huntersfriend.eu\/sv\/wp-json\/wp\/v2\/media?parent=289212"}],"wp:term":[{"taxonomy":"product_brand","embeddable":true,"href":"https:\/\/www.huntersfriend.eu\/sv\/wp-json\/wp\/v2\/product_brand?post=289212"},{"taxonomy":"product_cat","embeddable":true,"href":"https:\/\/www.huntersfriend.eu\/sv\/wp-json\/wp\/v2\/product_cat?post=289212"},{"taxonomy":"product_tag","embeddable":true,"href":"https:\/\/www.huntersfriend.eu\/sv\/wp-json\/wp\/v2\/product_tag?post=289212"}],"curies":[{"name":"wp","href":"https:\/\/api.w.org\/{rel}","templated":true}]}}