{"id":289209,"date":"2019-11-04T15:20:33","date_gmt":"2019-11-04T13:20:33","guid":{"rendered":"https:\/\/www.huntersfriend.eu\/product\/hamskea-arojac-holster\/"},"modified":"2025-08-27T14:15:16","modified_gmt":"2025-08-27T12:15:16","slug":"hamskea-arojac-holster","status":"publish","type":"product","link":"https:\/\/www.huntersfriend.eu\/sv\/produkt\/hamskea-arojac-holster\/","title":{"rendered":"Hamskea arojac h\u00f6lster"},"content":{"rendered":"<p>Skydda och b\u00e4r din AROJAC bekv\u00e4mt med detta vadderade h\u00f6lster. H\u00f6lstret \u00e4r utrustat med en kraftig b\u00e4ltes\u00f6gla p\u00e5 varje sida f\u00f6r att f\u00e4stas p\u00e5 n\u00e4stan vilken kogerb\u00e4ltesplats som helst och ger dig st\u00f6rre flexibilitet. Kardborrebandet s\u00e4kerst\u00e4ller att den inte faller ut.  <\/p>\n<p>Skydda din investering med AROJAC-h\u00f6lstret!<\/p>\n","protected":false},"excerpt":{"rendered":"<p>Skydda och b\u00e4r din AROJAC bekv\u00e4mt med detta vadderade h\u00f6lster. H\u00f6lstret \u00e4r utrustat med en kraftig b\u00e4ltes\u00f6gla p\u00e5 varje sida f\u00f6r att f\u00e4stas p\u00e5 n\u00e4stan vilken kogerb\u00e4ltesplats som helst och ger dig st\u00f6rre flexibilitet. Kardborrebandet s\u00e4kerst\u00e4ller att den inte faller ut. Skydda din investering med AROJAC-h\u00f6lstret!<\/p>\n","protected":false},"featured_media":211179,"comment_status":"open","ping_status":"closed","template":"","meta":[],"product_brand":[],"product_cat":[878],"product_tag":[],"class_list":{"0":"post-289209","1":"product","2":"type-product","3":"status-publish","4":"has-post-thumbnail","6":"product_cat-uncategorized-sv","8":"first","9":"outofstock","10":"taxable","11":"shipping-taxable","12":"purchasable","13":"product-type-simple"},"composite_virtual":false,"composite_layout":"","composite_add_to_cart_form_location":"","composite_editable_in_cart":false,"composite_sold_individually_context":"","composite_shop_price_calc":"","composite_components":[],"composite_scenarios":[],"group_of_quantity":0,"min_quantity":0,"max_quantity":"","exclude_order_quantity_value_rules":"no","exclude_category_quantity_rules":"no","combine_variations":"no","exclude_global_add_ons":[],"addons":[],"_links":{"self":[{"href":"https:\/\/www.huntersfriend.eu\/sv\/wp-json\/wp\/v2\/product\/289209","targetHints":{"allow":["GET"]}}],"collection":[{"href":"https:\/\/www.huntersfriend.eu\/sv\/wp-json\/wp\/v2\/product"}],"about":[{"href":"https:\/\/www.huntersfriend.eu\/sv\/wp-json\/wp\/v2\/types\/product"}],"replies":[{"embeddable":true,"href":"https:\/\/www.huntersfriend.eu\/sv\/wp-json\/wp\/v2\/comments?post=289209"}],"wp:featuredmedia":[{"embeddable":true,"href":"https:\/\/www.huntersfriend.eu\/sv\/wp-json\/wp\/v2\/media\/211179"}],"wp:attachment":[{"href":"https:\/\/www.huntersfriend.eu\/sv\/wp-json\/wp\/v2\/media?parent=289209"}],"wp:term":[{"taxonomy":"product_brand","embeddable":true,"href":"https:\/\/www.huntersfriend.eu\/sv\/wp-json\/wp\/v2\/product_brand?post=289209"},{"taxonomy":"product_cat","embeddable":true,"href":"https:\/\/www.huntersfriend.eu\/sv\/wp-json\/wp\/v2\/product_cat?post=289209"},{"taxonomy":"product_tag","embeddable":true,"href":"https:\/\/www.huntersfriend.eu\/sv\/wp-json\/wp\/v2\/product_tag?post=289209"}],"curies":[{"name":"wp","href":"https:\/\/api.w.org\/{rel}","templated":true}]}}