{"id":289205,"date":"2019-12-03T14:49:36","date_gmt":"2019-12-03T12:49:36","guid":{"rendered":"https:\/\/www.huntersfriend.eu\/product\/bohning-air-vane\/"},"modified":"2025-08-27T14:15:14","modified_gmt":"2025-08-27T12:15:14","slug":"bohning-air-vane","status":"publish","type":"product","link":"https:\/\/www.huntersfriend.eu\/sv\/produkt\/bohning-air-vane\/","title":{"rendered":"Bohning Air Vane"},"content":{"rendered":"<p>Air Vane \u00e4r designad f\u00f6r pilar med liten diameter som skjuts p\u00e5 l\u00e5nga avst\u00e5nd och har snabbt blivit Bohnings mest s\u00e5lda fj\u00e4der f\u00f6r Fita och Field Archery. Vi rekommenderar den ocks\u00e5 f\u00f6r 3D-skytte med pilar med liten diameter. Det \u00e4r ett utm\u00e4rkt val f\u00f6r b\u00e5de compound- och recurveskyttar eftersom dess l\u00e5ga profil minimerar kontakten med pilhyllan och dess lilla yta minskar effekterna av sidvind. Air Vane m\u00e4ter 2&#8243; (50,8 mm) i l\u00e4ngd, 0,3&#8243; (7,6 mm) i h\u00f6jd och v\u00e4ger 4,5 grains. Liksom alla Bohning-fj\u00e4drar \u00e4r basen p\u00e5 Air Vane f\u00f6rbehandlad f\u00f6r optimal vidh\u00e4ftning. Lite historik om utvecklingen av Air Vane: Under 2015 samarbetade Bohning med v\u00e4rldsklass-b\u00e5gskyttarna Pierre-Julien Deloche och Dominique Genet i utvecklingen av en ny utomhusfj\u00e4der f\u00f6r l\u00e4ngre avst\u00e5nd och varierande v\u00e4derf\u00f6rh\u00e5llanden. Genet ville specifikt ha samma l\u00e5ga profil som Ice Vane men med en X-Vane-inspirerad stj\u00e4rt eftersom det \u00e4r de tv\u00e5 fj\u00e4drarna han hade uppn\u00e5tt de b\u00e4sta resultaten med. Under sommaren 2015 skapades prototypen och skickades till Genet och Deloche. De f\u00e4ste fj\u00e4drarna i 2 till 3 graders vinkel och anv\u00e4nde dem under tr\u00e4ning och turneringar under resten av utomhuss\u00e4songen. Resultaten blev vad alla hade hoppats p\u00e5 och Bohning beslutade att l\u00e4gga till Air Vane i sitt sortiment av m\u00e5lskyttefj\u00e4drar.         <\/p>\n","protected":false},"excerpt":{"rendered":"<p>Air Vane \u00e4r designad f\u00f6r pilar med liten diameter som skjuts p\u00e5 l\u00e5nga avst\u00e5nd och har snabbt blivit Bohnings mest s\u00e5lda fj\u00e4der f\u00f6r Fita och Field Archery. Vi rekommenderar den ocks\u00e5 f\u00f6r 3D-skytte med pilar med liten diameter. Det \u00e4r ett utm\u00e4rkt val f\u00f6r b\u00e5de compound- och recurveskyttar eftersom dess l\u00e5ga profil minimerar kontakten med [&#8230;]\n","protected":false},"featured_media":181818,"comment_status":"open","ping_status":"closed","template":"","meta":[],"product_brand":[],"product_cat":[2934],"product_tag":[],"class_list":{"0":"post-289205","1":"product","2":"type-product","3":"status-publish","4":"has-post-thumbnail","6":"product_cat-fjadrar","8":"first","9":"instock","10":"taxable","11":"shipping-taxable","12":"purchasable","13":"product-type-variable"},"composite_virtual":false,"composite_layout":"","composite_add_to_cart_form_location":"","composite_editable_in_cart":false,"composite_sold_individually_context":"","composite_shop_price_calc":"","composite_components":[],"composite_scenarios":[],"group_of_quantity":0,"min_quantity":0,"max_quantity":"","exclude_order_quantity_value_rules":"no","exclude_category_quantity_rules":"no","combine_variations":"no","exclude_global_add_ons":[],"addons":[],"_links":{"self":[{"href":"https:\/\/www.huntersfriend.eu\/sv\/wp-json\/wp\/v2\/product\/289205","targetHints":{"allow":["GET"]}}],"collection":[{"href":"https:\/\/www.huntersfriend.eu\/sv\/wp-json\/wp\/v2\/product"}],"about":[{"href":"https:\/\/www.huntersfriend.eu\/sv\/wp-json\/wp\/v2\/types\/product"}],"replies":[{"embeddable":true,"href":"https:\/\/www.huntersfriend.eu\/sv\/wp-json\/wp\/v2\/comments?post=289205"}],"wp:featuredmedia":[{"embeddable":true,"href":"https:\/\/www.huntersfriend.eu\/sv\/wp-json\/wp\/v2\/media\/181818"}],"wp:attachment":[{"href":"https:\/\/www.huntersfriend.eu\/sv\/wp-json\/wp\/v2\/media?parent=289205"}],"wp:term":[{"taxonomy":"product_brand","embeddable":true,"href":"https:\/\/www.huntersfriend.eu\/sv\/wp-json\/wp\/v2\/product_brand?post=289205"},{"taxonomy":"product_cat","embeddable":true,"href":"https:\/\/www.huntersfriend.eu\/sv\/wp-json\/wp\/v2\/product_cat?post=289205"},{"taxonomy":"product_tag","embeddable":true,"href":"https:\/\/www.huntersfriend.eu\/sv\/wp-json\/wp\/v2\/product_tag?post=289205"}],"curies":[{"name":"wp","href":"https:\/\/api.w.org\/{rel}","templated":true}]}}