{"id":289198,"date":"2019-10-30T12:20:45","date_gmt":"2019-10-30T10:20:45","guid":{"rendered":"https:\/\/www.huntersfriend.eu\/product\/bondhus-nyckel-torx-bagenyckel\/"},"modified":"2025-08-27T14:15:15","modified_gmt":"2025-08-27T12:15:15","slug":"bondhus-nyckel-torx-bagenyckel","status":"publish","type":"product","link":"https:\/\/www.huntersfriend.eu\/sv\/produkt\/bondhus-nyckel-torx-bagenyckel\/","title":{"rendered":"Bondhus-nyckel, torx-b\u00e5genyckel"},"content":{"rendered":"<p><span style=\"display: inline !important; float: none; background-color: #ffffff; color: #000000; font-family: 'Roboto',Arial,Helvetica,sans-serif; font-size: 16px; font-style: normal; font-variant: normal; font-weight: 400; letter-spacing: normal; orphans: 2; text-align: left; text-decoration: none; text-indent: 0px; text-transform: none; -webkit-text-stroke-width: 0px; white-space: normal; word-spacing: 0px;\">M\u00e5nga nya b\u00e5gar kr\u00e4ver den h\u00e4r typen av verktyg f\u00f6r moduler och justering av str\u00e4ngstopp.<\/span><\/p>\n<p><span style=\"display: inline !important; float: none; background-color: #ffffff; color: #000000; font-family: 'Roboto',Arial,Helvetica,sans-serif; font-size: 16px; font-style: normal; font-variant: normal; font-weight: 400; letter-spacing: normal; orphans: 2; text-align: left; text-decoration: none; text-indent: 0px; text-transform: none; -webkit-text-stroke-width: 0px; white-space: normal; word-spacing: 0px;\">Bondhus 12632 GorillaGrip Star Tip hopf\u00e4llbart verktyg med 8 delar. F\u00e4rgkodat. Med ProGuard-finish. Inkluderar storlekar: T6\u2013T25   <\/span><\/p>\n","protected":false},"excerpt":{"rendered":"<p>TORX T6\u2013T25<\/p>\n","protected":false},"featured_media":211173,"comment_status":"open","ping_status":"closed","template":"","meta":[],"product_brand":[],"product_cat":[2633,2631],"product_tag":[],"class_list":{"0":"post-289198","1":"product","2":"type-product","3":"status-publish","4":"has-post-thumbnail","6":"product_cat-diverse-bagskytte","7":"product_cat-trimningsverktyg-bagskytte","9":"first","10":"instock","11":"taxable","12":"shipping-taxable","13":"purchasable","14":"product-type-simple"},"composite_virtual":false,"composite_layout":"","composite_add_to_cart_form_location":"","composite_editable_in_cart":false,"composite_sold_individually_context":"","composite_shop_price_calc":"","composite_components":[],"composite_scenarios":[],"group_of_quantity":0,"min_quantity":0,"max_quantity":"","exclude_order_quantity_value_rules":"no","exclude_category_quantity_rules":"no","combine_variations":"no","exclude_global_add_ons":[],"addons":[],"_links":{"self":[{"href":"https:\/\/www.huntersfriend.eu\/sv\/wp-json\/wp\/v2\/product\/289198","targetHints":{"allow":["GET"]}}],"collection":[{"href":"https:\/\/www.huntersfriend.eu\/sv\/wp-json\/wp\/v2\/product"}],"about":[{"href":"https:\/\/www.huntersfriend.eu\/sv\/wp-json\/wp\/v2\/types\/product"}],"replies":[{"embeddable":true,"href":"https:\/\/www.huntersfriend.eu\/sv\/wp-json\/wp\/v2\/comments?post=289198"}],"wp:featuredmedia":[{"embeddable":true,"href":"https:\/\/www.huntersfriend.eu\/sv\/wp-json\/wp\/v2\/media\/211173"}],"wp:attachment":[{"href":"https:\/\/www.huntersfriend.eu\/sv\/wp-json\/wp\/v2\/media?parent=289198"}],"wp:term":[{"taxonomy":"product_brand","embeddable":true,"href":"https:\/\/www.huntersfriend.eu\/sv\/wp-json\/wp\/v2\/product_brand?post=289198"},{"taxonomy":"product_cat","embeddable":true,"href":"https:\/\/www.huntersfriend.eu\/sv\/wp-json\/wp\/v2\/product_cat?post=289198"},{"taxonomy":"product_tag","embeddable":true,"href":"https:\/\/www.huntersfriend.eu\/sv\/wp-json\/wp\/v2\/product_tag?post=289198"}],"curies":[{"name":"wp","href":"https:\/\/api.w.org\/{rel}","templated":true}]}}