{"id":289194,"date":"2019-10-28T15:20:21","date_gmt":"2019-10-28T13:20:21","guid":{"rendered":"https:\/\/www.huntersfriend.eu\/product\/bohning-triple-tower-fletching-jig\/"},"modified":"2026-04-08T14:11:39","modified_gmt":"2026-04-08T12:11:39","slug":"bohning-triple-tower-fletching-jig","status":"publish","type":"product","link":"https:\/\/www.huntersfriend.eu\/sv\/produkt\/bohning-triple-tower-fletching-jig\/","title":{"rendered":"Bohning triple tower fletching jig"},"content":{"rendered":"<p>F\u00e4st tre fanor eller fj\u00e4drar samtidigt med Bohning\u2019s Tower Jig.<span class=\"Apple-converted-space\">  <\/span>Denna revolutionerande fletching jig ger en exceptionell vidh\u00e4ftningskraft som \u00e4r j\u00e4mnt f\u00f6rdelad l\u00e4ngs basen av fanan eller fj\u00e4dern.<span class=\"Apple-converted-space\">  <\/span>Du f\u00e5r konsekventa vinklar och perfekt 120\u00b0 avst\u00e5nd. Det slitstarka kompositmaterialet av teknisk kvalitet kan reng\u00f6ras med aceton f\u00f6r att avl\u00e4gsna limrester. <\/p>\n<p>Denna trippelkonfigurationsversion har:<\/p>\n<ul>\n<li>Mycket justerbar f\u00f6r att m\u00f6jligg\u00f6ra fletching i tre olika vinklar; rak, 1\u00b0 h\u00f6ger offset och 3\u00b0 h\u00f6ger spiral<\/li>\n<li>Tidsbesparande design m\u00f6jligg\u00f6r placering av tre fletches samtidigt, med perfekt 120\u00b0 avst\u00e5nd varje g\u00e5ng<\/li>\n<li>Inkluderar flera mittstolpar f\u00f6r att passa n\u00e4stan alla pilar: standard, pin nock, F nock, H.E nock och A nock eller till och med armborstskaft<\/li>\n<li>Fletches med upp till 4&#8243; l\u00e5nga fletches rakt eller med 1\u00b0 offset (max 2,25&#8243; f\u00f6r spiral)<\/li>\n<li>Universalbasen kan ta alternativa armar f\u00f6r den fletching du vill ha utan att beh\u00f6va k\u00f6pa en helt ny jig<\/li>\n<\/ul>\n<p>Alla konfigurationer inkluderar en bas, tre storlekar av tryckringar f\u00f6r att rymma alla pildiametrar, en upps\u00e4ttning av 3 distansplattor f\u00f6r extra 0,025 tum (6 mm) utrymme mellan nocken och fanan, och Clamp Release Tape.<\/p>\n","protected":false},"excerpt":{"rendered":"<p>F\u00e4st tre fanor eller fj\u00e4drar samtidigt med Bohning\u2019s Tower Jig. Denna revolutionerande fletching jig ger en exceptionell vidh\u00e4ftningskraft som \u00e4r j\u00e4mnt f\u00f6rdelad l\u00e4ngs basen av fanan eller fj\u00e4dern. Du f\u00e5r konsekventa vinklar och perfekt 120\u00b0 avst\u00e5nd. Det slitstarka kompositmaterialet av teknisk kvalitet kan reng\u00f6ras med aceton f\u00f6r att avl\u00e4gsna limrester. Denna trippelkonfigurationsversion har: Mycket justerbar [&#8230;]\n","protected":false},"featured_media":210981,"comment_status":"open","ping_status":"closed","template":"","meta":[],"product_brand":[],"product_cat":[2990],"product_tag":[],"class_list":{"0":"post-289194","1":"product","2":"type-product","3":"status-publish","4":"has-post-thumbnail","6":"product_cat-fjaderfastningsjiggar","8":"first","9":"onbackorder","10":"taxable","11":"shipping-taxable","12":"purchasable","13":"product-type-simple"},"composite_virtual":false,"composite_layout":"","composite_add_to_cart_form_location":"","composite_editable_in_cart":false,"composite_sold_individually_context":"","composite_shop_price_calc":"","composite_components":[],"composite_scenarios":[],"group_of_quantity":0,"min_quantity":0,"max_quantity":"","exclude_order_quantity_value_rules":"no","exclude_category_quantity_rules":"no","combine_variations":"no","exclude_global_add_ons":[],"addons":[],"_links":{"self":[{"href":"https:\/\/www.huntersfriend.eu\/sv\/wp-json\/wp\/v2\/product\/289194","targetHints":{"allow":["GET"]}}],"collection":[{"href":"https:\/\/www.huntersfriend.eu\/sv\/wp-json\/wp\/v2\/product"}],"about":[{"href":"https:\/\/www.huntersfriend.eu\/sv\/wp-json\/wp\/v2\/types\/product"}],"replies":[{"embeddable":true,"href":"https:\/\/www.huntersfriend.eu\/sv\/wp-json\/wp\/v2\/comments?post=289194"}],"wp:featuredmedia":[{"embeddable":true,"href":"https:\/\/www.huntersfriend.eu\/sv\/wp-json\/wp\/v2\/media\/210981"}],"wp:attachment":[{"href":"https:\/\/www.huntersfriend.eu\/sv\/wp-json\/wp\/v2\/media?parent=289194"}],"wp:term":[{"taxonomy":"product_brand","embeddable":true,"href":"https:\/\/www.huntersfriend.eu\/sv\/wp-json\/wp\/v2\/product_brand?post=289194"},{"taxonomy":"product_cat","embeddable":true,"href":"https:\/\/www.huntersfriend.eu\/sv\/wp-json\/wp\/v2\/product_cat?post=289194"},{"taxonomy":"product_tag","embeddable":true,"href":"https:\/\/www.huntersfriend.eu\/sv\/wp-json\/wp\/v2\/product_tag?post=289194"}],"curies":[{"name":"wp","href":"https:\/\/api.w.org\/{rel}","templated":true}]}}