{"id":289193,"date":"2019-12-03T12:36:04","date_gmt":"2019-12-03T10:36:04","guid":{"rendered":"https:\/\/www.huntersfriend.eu\/product\/bohning-heat-fjader\/"},"modified":"2025-08-27T14:15:10","modified_gmt":"2025-08-27T12:15:10","slug":"bohning-heat-fjader","status":"publish","type":"product","link":"https:\/\/www.huntersfriend.eu\/sv\/produkt\/bohning-heat-fjader\/","title":{"rendered":"Bohning Heat-fj\u00e4der"},"content":{"rendered":"<p>Heat-fj\u00e4dern, med sin l\u00e5ga profil och tysta flygning, \u00e4r idealisk f\u00f6r b\u00e5gjakt och 3D-b\u00e5gskytte och \u00e4r NASP-godk\u00e4nd. Den blev snabbt popul\u00e4r f\u00f6r prickskytte inomhus och f\u00f6r armborstspilar. Dess l\u00e5ga profil ger mer utrymme f\u00f6r kablar, och det ultrastela materialet som Heat-fj\u00e4dern \u00e4r gjord av f\u00f6rhindrar att fj\u00e4dern fladdrar, vilket ger en j\u00e4mn pilrotation. Vid anv\u00e4ndning med ett fast blad rekommenderar vi en fyrfj\u00e4dersfletching. Heat-fj\u00e4dern m\u00e4ter 2,5&#8243; (63,5 mm) i l\u00e4ngd, 0,41&#8243; (10,4 mm) i h\u00f6jd och v\u00e4ger i genomsnitt 6,0 grains (388,8 mg). Liksom alla Bohning-fj\u00e4drar \u00e4r basen p\u00e5 Heat-fj\u00e4dern f\u00f6rbehandlad f\u00f6r optimal vidh\u00e4ftning.<br \/>\nP\u00e5 grund av det ultrastela materialet rekommenderar vi att du anv\u00e4nder ett snabblim och\/eller en fletching-jigg med h\u00f6g vidh\u00e4ftningskraft.     <\/p>\n","protected":false},"excerpt":{"rendered":"<p>Heat-fj\u00e4dern, med sin l\u00e5ga profil och tysta flygning, \u00e4r idealisk f\u00f6r b\u00e5gjakt och 3D-b\u00e5gskytte och \u00e4r NASP-godk\u00e4nd. Den blev snabbt popul\u00e4r f\u00f6r prickskytte inomhus och f\u00f6r armborstspilar. Dess l\u00e5ga profil ger mer utrymme f\u00f6r kablar, och det ultrastela materialet som Heat-fj\u00e4dern \u00e4r gjord av f\u00f6rhindrar att fj\u00e4dern fladdrar, vilket ger en j\u00e4mn pilrotation. Vid anv\u00e4ndning [&#8230;]\n","protected":false},"featured_media":181805,"comment_status":"open","ping_status":"closed","template":"","meta":[],"product_brand":[],"product_cat":[2934],"product_tag":[],"class_list":{"0":"post-289193","1":"product","2":"type-product","3":"status-publish","4":"has-post-thumbnail","6":"product_cat-fjadrar","8":"first","9":"instock","10":"taxable","11":"shipping-taxable","12":"purchasable","13":"product-type-variable"},"composite_virtual":false,"composite_layout":"","composite_add_to_cart_form_location":"","composite_editable_in_cart":false,"composite_sold_individually_context":"","composite_shop_price_calc":"","composite_components":[],"composite_scenarios":[],"group_of_quantity":0,"min_quantity":0,"max_quantity":"","exclude_order_quantity_value_rules":"no","exclude_category_quantity_rules":"no","combine_variations":"no","exclude_global_add_ons":[],"addons":[],"_links":{"self":[{"href":"https:\/\/www.huntersfriend.eu\/sv\/wp-json\/wp\/v2\/product\/289193","targetHints":{"allow":["GET"]}}],"collection":[{"href":"https:\/\/www.huntersfriend.eu\/sv\/wp-json\/wp\/v2\/product"}],"about":[{"href":"https:\/\/www.huntersfriend.eu\/sv\/wp-json\/wp\/v2\/types\/product"}],"replies":[{"embeddable":true,"href":"https:\/\/www.huntersfriend.eu\/sv\/wp-json\/wp\/v2\/comments?post=289193"}],"wp:featuredmedia":[{"embeddable":true,"href":"https:\/\/www.huntersfriend.eu\/sv\/wp-json\/wp\/v2\/media\/181805"}],"wp:attachment":[{"href":"https:\/\/www.huntersfriend.eu\/sv\/wp-json\/wp\/v2\/media?parent=289193"}],"wp:term":[{"taxonomy":"product_brand","embeddable":true,"href":"https:\/\/www.huntersfriend.eu\/sv\/wp-json\/wp\/v2\/product_brand?post=289193"},{"taxonomy":"product_cat","embeddable":true,"href":"https:\/\/www.huntersfriend.eu\/sv\/wp-json\/wp\/v2\/product_cat?post=289193"},{"taxonomy":"product_tag","embeddable":true,"href":"https:\/\/www.huntersfriend.eu\/sv\/wp-json\/wp\/v2\/product_tag?post=289193"}],"curies":[{"name":"wp","href":"https:\/\/api.w.org\/{rel}","templated":true}]}}