{"id":289186,"date":"2019-12-03T12:07:56","date_gmt":"2019-12-03T10:07:56","guid":{"rendered":"https:\/\/www.huntersfriend.eu\/product\/bohning-x2-fjader\/"},"modified":"2025-09-10T07:21:09","modified_gmt":"2025-09-10T05:21:09","slug":"bohning-x2-fjader","status":"publish","type":"product","link":"https:\/\/www.huntersfriend.eu\/sv\/produkt\/bohning-x2-fjader\/","title":{"rendered":"Bohning X2-fj\u00e4der"},"content":{"rendered":"<p>Blazer X2-fj\u00e4dern \u00e4r designad f\u00f6r 3D- och inomhusb\u00e5gskytte. Den \u00e4r utformad f\u00f6r att bibeh\u00e5lla en flackare bana p\u00e5 l\u00e4ngre avst\u00e5nd och \u00e4r det minsta fj\u00e4deralternativet som finns tillg\u00e4ngligt f\u00f6r anv\u00e4ndning i IBO hunter-klassen. Blazer X2-fj\u00e4dern m\u00e4ter 1,85&#8243; (47 mm) i l\u00e4ngd, 0,44&#8243; (11,2 mm) i h\u00f6jd och v\u00e4ger i genomsnitt 4,8 grains (311 mg). Liksom alla Bohning-fj\u00e4drar \u00e4r basen p\u00e5 Blazer-fj\u00e4dern f\u00f6rbehandlad f\u00f6r optimal vidh\u00e4ftning.   <\/p>\n","protected":false},"excerpt":{"rendered":"<p>1,85&#8243;<\/p>\n","protected":false},"featured_media":181789,"comment_status":"open","ping_status":"closed","template":"","meta":[],"product_brand":[],"product_cat":[2934],"product_tag":[],"class_list":{"0":"post-289186","1":"product","2":"type-product","3":"status-publish","4":"has-post-thumbnail","6":"product_cat-fjadrar","8":"first","9":"instock","10":"taxable","11":"shipping-taxable","12":"purchasable","13":"product-type-variable"},"composite_virtual":false,"composite_layout":"","composite_add_to_cart_form_location":"","composite_editable_in_cart":false,"composite_sold_individually_context":"","composite_shop_price_calc":"","composite_components":[],"composite_scenarios":[],"group_of_quantity":0,"min_quantity":0,"max_quantity":"","exclude_order_quantity_value_rules":"no","exclude_category_quantity_rules":"no","combine_variations":"no","exclude_global_add_ons":[],"addons":[],"_links":{"self":[{"href":"https:\/\/www.huntersfriend.eu\/sv\/wp-json\/wp\/v2\/product\/289186","targetHints":{"allow":["GET"]}}],"collection":[{"href":"https:\/\/www.huntersfriend.eu\/sv\/wp-json\/wp\/v2\/product"}],"about":[{"href":"https:\/\/www.huntersfriend.eu\/sv\/wp-json\/wp\/v2\/types\/product"}],"replies":[{"embeddable":true,"href":"https:\/\/www.huntersfriend.eu\/sv\/wp-json\/wp\/v2\/comments?post=289186"}],"wp:featuredmedia":[{"embeddable":true,"href":"https:\/\/www.huntersfriend.eu\/sv\/wp-json\/wp\/v2\/media\/181789"}],"wp:attachment":[{"href":"https:\/\/www.huntersfriend.eu\/sv\/wp-json\/wp\/v2\/media?parent=289186"}],"wp:term":[{"taxonomy":"product_brand","embeddable":true,"href":"https:\/\/www.huntersfriend.eu\/sv\/wp-json\/wp\/v2\/product_brand?post=289186"},{"taxonomy":"product_cat","embeddable":true,"href":"https:\/\/www.huntersfriend.eu\/sv\/wp-json\/wp\/v2\/product_cat?post=289186"},{"taxonomy":"product_tag","embeddable":true,"href":"https:\/\/www.huntersfriend.eu\/sv\/wp-json\/wp\/v2\/product_tag?post=289186"}],"curies":[{"name":"wp","href":"https:\/\/api.w.org\/{rel}","templated":true}]}}