{"id":289181,"date":"2019-10-24T22:20:29","date_gmt":"2019-10-24T20:20:29","guid":{"rendered":"https:\/\/www.huntersfriend.eu\/product\/hawk-gogadget-bagarm\/"},"modified":"2025-08-27T14:14:52","modified_gmt":"2025-08-27T12:14:52","slug":"hawk-gogadget-bagarm","status":"publish","type":"product","link":"https:\/\/www.huntersfriend.eu\/sv\/produkt\/hawk-gogadget-bagarm\/","title":{"rendered":"Hawk GoGadget b\u00e5garm"},"content":{"rendered":"<p><strong><em>EN ARM SOM N\u00c5R PRECIS DIT DU BEH\u00d6VER<\/em><\/strong><\/p>\n<p>GoGadget \u00e4r den mest justerbara tr\u00e4darmsl\u00f6sningen som finns, och g\u00f6r att du kan placera ditt vapen och din utrustning exakt d\u00e4r du vill ha den. Har horisontell justering \u00e5t v\u00e4nster\/h\u00f6ger och vertikal justering upp\/ner, tillsammans med en taktisk, formgjuten b\u00e5gkrok med grepp som roterar 360 grader. Medf\u00f6ljande dubbel sv\u00e4ngbar Claw Hook m\u00f6jligg\u00f6r extra f\u00f6rvaring av utrustning, medan HAWKs exklusiva Tree-Cam\u2122 biter sig fast i tr\u00e4dbarken och eliminerar o\u00f6nskad rotation. Armen str\u00e4cker sig fr\u00e5n 14,5 tums packningsl\u00e4ngd till 35 tum, v\u00e4ger 1,5 pund och klarar upp till 15 pund.   <\/p>\n","protected":false},"excerpt":{"rendered":"<p>EN ARM SOM N\u00c5R PRECIS DIT DU BEH\u00d6VER GoGadget \u00e4r den mest justerbara tr\u00e4darmsl\u00f6sningen som finns, och g\u00f6r att du kan placera ditt vapen och din utrustning exakt d\u00e4r du vill ha den. Har horisontell justering \u00e5t v\u00e4nster\/h\u00f6ger och vertikal justering upp\/ner, tillsammans med en taktisk, formgjuten b\u00e5gkrok med grepp som roterar 360 grader. Medf\u00f6ljande [&#8230;]\n","protected":false},"featured_media":210710,"comment_status":"open","ping_status":"closed","template":"","meta":[],"product_brand":[],"product_cat":[2563],"product_tag":[],"class_list":{"0":"post-289181","1":"product","2":"type-product","3":"status-publish","4":"has-post-thumbnail","6":"product_cat-tillbehor-for-jakt-torn-och-gomslen","8":"first","9":"instock","10":"taxable","11":"shipping-taxable","12":"purchasable","13":"product-type-simple"},"composite_virtual":false,"composite_layout":"","composite_add_to_cart_form_location":"","composite_editable_in_cart":false,"composite_sold_individually_context":"","composite_shop_price_calc":"","composite_components":[],"composite_scenarios":[],"group_of_quantity":0,"min_quantity":0,"max_quantity":"","exclude_order_quantity_value_rules":"no","exclude_category_quantity_rules":"no","combine_variations":"no","exclude_global_add_ons":[],"addons":[],"_links":{"self":[{"href":"https:\/\/www.huntersfriend.eu\/sv\/wp-json\/wp\/v2\/product\/289181","targetHints":{"allow":["GET"]}}],"collection":[{"href":"https:\/\/www.huntersfriend.eu\/sv\/wp-json\/wp\/v2\/product"}],"about":[{"href":"https:\/\/www.huntersfriend.eu\/sv\/wp-json\/wp\/v2\/types\/product"}],"replies":[{"embeddable":true,"href":"https:\/\/www.huntersfriend.eu\/sv\/wp-json\/wp\/v2\/comments?post=289181"}],"wp:featuredmedia":[{"embeddable":true,"href":"https:\/\/www.huntersfriend.eu\/sv\/wp-json\/wp\/v2\/media\/210710"}],"wp:attachment":[{"href":"https:\/\/www.huntersfriend.eu\/sv\/wp-json\/wp\/v2\/media?parent=289181"}],"wp:term":[{"taxonomy":"product_brand","embeddable":true,"href":"https:\/\/www.huntersfriend.eu\/sv\/wp-json\/wp\/v2\/product_brand?post=289181"},{"taxonomy":"product_cat","embeddable":true,"href":"https:\/\/www.huntersfriend.eu\/sv\/wp-json\/wp\/v2\/product_cat?post=289181"},{"taxonomy":"product_tag","embeddable":true,"href":"https:\/\/www.huntersfriend.eu\/sv\/wp-json\/wp\/v2\/product_tag?post=289181"}],"curies":[{"name":"wp","href":"https:\/\/api.w.org\/{rel}","templated":true}]}}