{"id":289178,"date":"2019-10-24T02:40:29","date_gmt":"2019-10-24T00:40:29","guid":{"rendered":"https:\/\/www.huntersfriend.eu\/product\/mtm-kompakt-pilvaska\/"},"modified":"2025-08-27T14:14:49","modified_gmt":"2025-08-27T12:14:49","slug":"mtm-kompakt-pilvaska","status":"publish","type":"product","link":"https:\/\/www.huntersfriend.eu\/sv\/produkt\/mtm-kompakt-pilvaska\/","title":{"rendered":"MTM kompakt pilv\u00e4ska"},"content":{"rendered":"<ul>\n<li>Rymmer 16 pilar staplade eller 12 \u00e5tskilda s\u00e4kert och tryggt<\/li>\n<li>Flyttbar sk\u00e5rad skumvaddering skyddar och separerar pilarnas fj\u00e4drar<\/li>\n<li>Tillverkad av robust polypropen med en stark trippelg\u00e5ngj\u00e4rnsdesign och \u00e4r stapelbar<\/li>\n<li>Sn\u00e4ppl\u00e5sdesign med dubbla h\u00e4ngl\u00e5sflikar f\u00f6r att ge maximal s\u00e4kerhet<\/li>\n<li>F\u00f6r pilar upp till 36,25 tum total l\u00e4ngd &#8211; M\u00e5tt: 36,25&#8243; x 7,5 x 3&#8243; &#8211; 5 \u00e5rs garanti &#8211; Tillverkad i USA<\/li>\n<\/ul>\n<p>F\u00f6r transport och f\u00f6rvaring skyddar denna ultrakompakta pilv\u00e4ska upp till 16 pilar staplade eller 12 \u00e5tskilda. De erbjuder ett gediget skydd f\u00f6r en av de viktigaste utrustningsdetaljerna som f\u00e4ller bytet. Designad f\u00f6r att passa i de nyare, kortare pilfickorna i mjuka och h\u00e5rda b\u00e5gfodral. Den ultrakompakta pilv\u00e4skan har en stapelbar design. Vid k\u00f6p i klar r\u00f6kf\u00e4rgad plast ger de stora f\u00f6nstren i vardera \u00e4nden en fri sikt \u00f6ver spetsar eller fj\u00e4drar inuti. De flyttbara sk\u00e5rade skuminsatserna h\u00e5ller pilarna s\u00e4kra och \u00e5tskilda. Tv\u00e5 sn\u00e4ppl\u00e5s och dubbla h\u00e4ngl\u00e5sflikar ger maximal s\u00e4kerhet. Inga pilar ing\u00e5r.       <\/p>\n<p>Armborstj\u00e4gare k\u00f6per ibland den h\u00e4r modellen s\u00e5 att de kan ha extra utrymme f\u00f6r l\u00e4ngre pilar och jaktutrustning. Det flyttbara skummet g\u00f6r att du kan flytta pilen eller kortare pilar \u00e5t ena sidan. <\/p>\n<p>BHUC \u2013 Rymmer upp till 16 pilar staplade eller 12 \u00e5tskilda upp till 36,25 tum total l\u00e4ngd.<\/p>\n<p>Pilv\u00e4skan levereras inte med pilar om du inte best\u00e4ller dem specifikt.<\/p>\n","protected":false},"excerpt":{"rendered":"<p>92 x 19 x 7,6 cm &#8211; Klar<\/p>\n","protected":false},"featured_media":221368,"comment_status":"open","ping_status":"closed","template":"","meta":[],"product_brand":[],"product_cat":[2655],"product_tag":[],"class_list":{"0":"post-289178","1":"product","2":"type-product","3":"status-publish","4":"has-post-thumbnail","6":"product_cat-pilror-och-fodral","8":"first","9":"instock","10":"taxable","11":"shipping-taxable","12":"purchasable","13":"product-type-simple"},"composite_virtual":false,"composite_layout":"","composite_add_to_cart_form_location":"","composite_editable_in_cart":false,"composite_sold_individually_context":"","composite_shop_price_calc":"","composite_components":[],"composite_scenarios":[],"group_of_quantity":0,"min_quantity":0,"max_quantity":"","exclude_order_quantity_value_rules":"no","exclude_category_quantity_rules":"no","combine_variations":"no","exclude_global_add_ons":[],"addons":[],"_links":{"self":[{"href":"https:\/\/www.huntersfriend.eu\/sv\/wp-json\/wp\/v2\/product\/289178","targetHints":{"allow":["GET"]}}],"collection":[{"href":"https:\/\/www.huntersfriend.eu\/sv\/wp-json\/wp\/v2\/product"}],"about":[{"href":"https:\/\/www.huntersfriend.eu\/sv\/wp-json\/wp\/v2\/types\/product"}],"replies":[{"embeddable":true,"href":"https:\/\/www.huntersfriend.eu\/sv\/wp-json\/wp\/v2\/comments?post=289178"}],"wp:featuredmedia":[{"embeddable":true,"href":"https:\/\/www.huntersfriend.eu\/sv\/wp-json\/wp\/v2\/media\/221368"}],"wp:attachment":[{"href":"https:\/\/www.huntersfriend.eu\/sv\/wp-json\/wp\/v2\/media?parent=289178"}],"wp:term":[{"taxonomy":"product_brand","embeddable":true,"href":"https:\/\/www.huntersfriend.eu\/sv\/wp-json\/wp\/v2\/product_brand?post=289178"},{"taxonomy":"product_cat","embeddable":true,"href":"https:\/\/www.huntersfriend.eu\/sv\/wp-json\/wp\/v2\/product_cat?post=289178"},{"taxonomy":"product_tag","embeddable":true,"href":"https:\/\/www.huntersfriend.eu\/sv\/wp-json\/wp\/v2\/product_tag?post=289178"}],"curies":[{"name":"wp","href":"https:\/\/api.w.org\/{rel}","templated":true}]}}