{"id":289177,"date":"2019-10-15T08:20:24","date_gmt":"2019-10-15T06:20:24","guid":{"rendered":"https:\/\/www.huntersfriend.eu\/product\/ameristep-stol-med-hogt-ryggstod\/"},"modified":"2025-08-27T14:14:48","modified_gmt":"2025-08-27T12:14:48","slug":"ameristep-stol-med-hogt-ryggstod","status":"publish","type":"product","link":"https:\/\/www.huntersfriend.eu\/sv\/produkt\/ameristep-stol-med-hogt-ryggstod\/","title":{"rendered":"Ameristep-stol med h\u00f6gt ryggst\u00f6d"},"content":{"rendered":"<p>Perfekt p\u00e5 marken eller uppe i tornet.<\/p>\n<ul>\n<li>H\u00e5llbar pulverlackerad st\u00e5lram<\/li>\n<li>Kraftigt, v\u00e4derbest\u00e4ndigt tyg<\/li>\n<li>F\u00e4lls ihop f\u00f6r enkel transport<\/li>\n<li>Klassad f\u00f6r 90 kg.<\/li>\n<\/ul>\n<p>&nbsp;<\/p>\n","protected":false},"excerpt":{"rendered":"<p>RealTree-kamouflage<\/p>\n","protected":false},"featured_media":209908,"comment_status":"open","ping_status":"closed","template":"","meta":[],"product_brand":[],"product_cat":[2574],"product_tag":[],"class_list":{"0":"post-289177","1":"product","2":"type-product","3":"status-publish","4":"has-post-thumbnail","6":"product_cat-stolar-och-pallar-for-gomslen","7":"product_shipping_class-medium-sv","9":"first","10":"instock","11":"taxable","12":"shipping-taxable","13":"purchasable","14":"product-type-simple"},"composite_virtual":false,"composite_layout":"","composite_add_to_cart_form_location":"","composite_editable_in_cart":false,"composite_sold_individually_context":"","composite_shop_price_calc":"","composite_components":[],"composite_scenarios":[],"group_of_quantity":0,"min_quantity":0,"max_quantity":"","exclude_order_quantity_value_rules":"no","exclude_category_quantity_rules":"no","combine_variations":"no","exclude_global_add_ons":[],"addons":[],"_links":{"self":[{"href":"https:\/\/www.huntersfriend.eu\/sv\/wp-json\/wp\/v2\/product\/289177","targetHints":{"allow":["GET"]}}],"collection":[{"href":"https:\/\/www.huntersfriend.eu\/sv\/wp-json\/wp\/v2\/product"}],"about":[{"href":"https:\/\/www.huntersfriend.eu\/sv\/wp-json\/wp\/v2\/types\/product"}],"replies":[{"embeddable":true,"href":"https:\/\/www.huntersfriend.eu\/sv\/wp-json\/wp\/v2\/comments?post=289177"}],"wp:featuredmedia":[{"embeddable":true,"href":"https:\/\/www.huntersfriend.eu\/sv\/wp-json\/wp\/v2\/media\/209908"}],"wp:attachment":[{"href":"https:\/\/www.huntersfriend.eu\/sv\/wp-json\/wp\/v2\/media?parent=289177"}],"wp:term":[{"taxonomy":"product_brand","embeddable":true,"href":"https:\/\/www.huntersfriend.eu\/sv\/wp-json\/wp\/v2\/product_brand?post=289177"},{"taxonomy":"product_cat","embeddable":true,"href":"https:\/\/www.huntersfriend.eu\/sv\/wp-json\/wp\/v2\/product_cat?post=289177"},{"taxonomy":"product_tag","embeddable":true,"href":"https:\/\/www.huntersfriend.eu\/sv\/wp-json\/wp\/v2\/product_tag?post=289177"}],"curies":[{"name":"wp","href":"https:\/\/api.w.org\/{rel}","templated":true}]}}