{"id":289176,"date":"2019-10-24T02:40:29","date_gmt":"2019-10-24T00:40:29","guid":{"rendered":"https:\/\/www.huntersfriend.eu\/product\/mtm-plus-pilfodral\/"},"modified":"2026-04-10T21:16:01","modified_gmt":"2026-04-10T19:16:01","slug":"mtm-plus-pilfodral","status":"publish","type":"product","link":"https:\/\/www.huntersfriend.eu\/sv\/produkt\/mtm-plus-pilfodral\/","title":{"rendered":"MTM plus pilfodral"},"content":{"rendered":"<ul>\n<li>Rymmer upp till 48 pilar s\u00e4kert och tryggt<\/li>\n<li>Fyra rymliga tillbeh\u00f6rsfack f\u00f6r releaser, bredhuvuden, jaktdofter, etc.<\/li>\n<li>Stort bekv\u00e4mt handtag med inbyggd bredhuvudsnyckel<\/li>\n<li>Flyttbar sk\u00e5rad skumstoppning h\u00e5ller pilfj\u00e4drarna skyddade och separerade<\/li>\n<li>F\u00f6r pilar upp till 35&#8243; total l\u00e4ngd &#8211; M\u00e5tt: 36&#8243; x 10,2&#8243; x 5,2&#8243; &#8211; 5 \u00e5rs garanti &#8211; Tillverkad i USA<\/li>\n<\/ul>\n<p>&nbsp;<\/p>\n<p>Arrow-Plus-fodralet \u00e4r tillverkat av plast av bagagekvalitet och \u00e4r ett s\u00e4kert s\u00e4tt att organisera dina pilar och tillbeh\u00f6r till pilb\u00e5gen. Det har kapacitet f\u00f6r upp till 48 pilar (upp till 35&#8243; total l\u00e4ngd), eller 24 pilar och ett medelstort koger. Skumdynor justeras f\u00f6r att h\u00e5lla ultratunna pilar och upp\u00e5t, p\u00e5 ett s\u00e4kert och separerat s\u00e4tt. Dessutom kan detta pilfodral h\u00e5lla tv\u00e5 avtagbara sikten med sina siktst\u00e4nger. Den designades f\u00f6r de \u00e4ldre borttagningssiktst\u00e4ngerna och kanske inte kan h\u00e5lla de modernare borttagningssikterna. Fyra stora fack \u00e4r utformade f\u00f6r att h\u00e5lla releaser, handledsskydd, flikar, stabilisatorer, dofter, avst\u00e5ndsm\u00e4tare etc. Handtaget har en inbyggd bredhuvudsnyckel.      <\/p>\n<p>Ytterligare funktioner \u00e4r sn\u00e4ppl\u00e5s, dubbla h\u00e4ngl\u00e5sflikar f\u00f6r s\u00e4kerhet och g\u00e5ngj\u00e4rnsstift i rostfritt st\u00e5l.<\/p>\n<p>Pilfodralet levereras inte med pilar om du inte best\u00e4ller dem specifikt.<\/p>\n","protected":false},"excerpt":{"rendered":"<p>91 cm x 26 cm x 13 cm &#8211; Svart<\/p>\n","protected":false},"featured_media":221371,"comment_status":"open","ping_status":"closed","template":"","meta":[],"product_brand":[],"product_cat":[2655],"product_tag":[],"class_list":{"0":"post-289176","1":"product","2":"type-product","3":"status-publish","4":"has-post-thumbnail","6":"product_cat-pilror-och-fodral","8":"first","9":"outofstock","10":"taxable","11":"shipping-taxable","12":"purchasable","13":"product-type-simple"},"composite_virtual":false,"composite_layout":"","composite_add_to_cart_form_location":"","composite_editable_in_cart":false,"composite_sold_individually_context":"","composite_shop_price_calc":"","composite_components":[],"composite_scenarios":[],"group_of_quantity":0,"min_quantity":0,"max_quantity":"","exclude_order_quantity_value_rules":"no","exclude_category_quantity_rules":"no","combine_variations":"no","exclude_global_add_ons":[],"addons":[],"_links":{"self":[{"href":"https:\/\/www.huntersfriend.eu\/sv\/wp-json\/wp\/v2\/product\/289176","targetHints":{"allow":["GET"]}}],"collection":[{"href":"https:\/\/www.huntersfriend.eu\/sv\/wp-json\/wp\/v2\/product"}],"about":[{"href":"https:\/\/www.huntersfriend.eu\/sv\/wp-json\/wp\/v2\/types\/product"}],"replies":[{"embeddable":true,"href":"https:\/\/www.huntersfriend.eu\/sv\/wp-json\/wp\/v2\/comments?post=289176"}],"wp:featuredmedia":[{"embeddable":true,"href":"https:\/\/www.huntersfriend.eu\/sv\/wp-json\/wp\/v2\/media\/221371"}],"wp:attachment":[{"href":"https:\/\/www.huntersfriend.eu\/sv\/wp-json\/wp\/v2\/media?parent=289176"}],"wp:term":[{"taxonomy":"product_brand","embeddable":true,"href":"https:\/\/www.huntersfriend.eu\/sv\/wp-json\/wp\/v2\/product_brand?post=289176"},{"taxonomy":"product_cat","embeddable":true,"href":"https:\/\/www.huntersfriend.eu\/sv\/wp-json\/wp\/v2\/product_cat?post=289176"},{"taxonomy":"product_tag","embeddable":true,"href":"https:\/\/www.huntersfriend.eu\/sv\/wp-json\/wp\/v2\/product_tag?post=289176"}],"curies":[{"name":"wp","href":"https:\/\/api.w.org\/{rel}","templated":true}]}}