{"id":289168,"date":"2019-10-01T14:20:42","date_gmt":"2019-10-01T12:20:42","guid":{"rendered":"https:\/\/www.huntersfriend.eu\/product\/hamskea-trinity-hunter-pro-pilhylla\/"},"modified":"2026-03-18T22:00:53","modified_gmt":"2026-03-18T20:00:53","slug":"hamskea-trinity-hunter-pro-pilhylla","status":"publish","type":"product","link":"https:\/\/www.huntersfriend.eu\/sv\/produkt\/hamskea-trinity-hunter-pro-pilhylla\/","title":{"rendered":"Hamskea Trinity Hunter Pro pilhylla"},"content":{"rendered":"<p>Trinity Hunter Pro \u00e4r n\u00e4sta generation av de mest stabila och repeterbara pilhyllorna p\u00e5 marknaden, punkt.<\/p>\n<p>Trinity Hunter Pro pilhylla presterar helt enkelt b\u00e4ttre \u00e4n alla andra tillsammans! Dess h\u00e4rstamning finns i den v\u00e4rldsrekordbrytande VersaRest och l\u00e4tta designelement fr\u00e5n Hybrid Series pilhyllor. Med en ultra-mjuk och stabil tre-rostfri st\u00e5llagerbas som st\u00f6der den roterande b\u00e4rarst\u00e5ngen har v\u00e5r Zero Tolerance Technology tagits till n\u00e4sta niv\u00e5.  <\/p>\n<p>Trinity Hunter Pro har ocks\u00e5 den otroligt framg\u00e5ngsrika Zero Stop Technology f\u00f6r upp- och nedpositionerna av avfyrningsarmen, vilket ger en absolut repeterbar avfyrningsarmsposition f\u00f6r maximal noggrannhet. Den patenterade limbuffrande in-line d\u00e4mpningsspolen \u00e4r ocks\u00e5 grunden f\u00f6r denna branschledande ultrastabila pilavfyrningsplattform. <\/p>\n<p>Trinity Hunter Pro levereras med v\u00e5r bepr\u00f6vade \u00f6vergjutna jaktavfyrningsarm med ett f\u00f6rb\u00e4ttrat och mer h\u00e5llbart men \u00e4nd\u00e5 tyst egenutvecklat \u00f6vergjutningsmaterial. Du f\u00e5r det b\u00e4sta av tv\u00e5 v\u00e4rldar med en tyst dragcykel och f\u00f6rb\u00e4ttrad h\u00e5llbarhet. <\/p>\n<p>Trinity Hunter Pro g\u00f6r installationen enkel och snabb med introduktionen av Easy Glide-sladdjusteringen och sp\u00e4nnaren. Sl\u00e4pp bara loss den s\u00e4krande o-ringen och skjut plattan till \u00f6nskad position f\u00f6r sladdsp\u00e4nning och s\u00e4tt tillbaka o-ringen. S\u00e5 enkelt \u00e4r det. Borta \u00e4r dagarna d\u00e5 man fumlar runt med sm\u00e5 f\u00e4stelement och &#8217;fotbollar&#8217;.   <\/p>\n<p>Justering \u00e4r avg\u00f6rande f\u00f6r alla b\u00e5gskyttar och Trinity Hunter Pro m\u00f6jligg\u00f6r ultimat justerbarhet. Mikrojusteringsfunktioner f\u00f6r vind\/h\u00f6jd \u00e4r standard med Trinity-linjen av pilhyllor. Den texturerade fj\u00e4derratten ger flera justeringspositioner f\u00f6r att \u00e4ndra rotationssp\u00e4nningen p\u00e5 avfyrningsarmsaxeln. Tillsammans med den 8-sidiga, halkfria kompressionskl\u00e4mdesignen f\u00f6r h\u00e4varmen och anti-studs-d\u00e4mpningsspolen har du allt du beh\u00f6ver f\u00f6r att maximera din noggrannhet.   <\/p>\n","protected":false},"excerpt":{"rendered":"<p>Drop Away, RH, mikrojustering, svart<\/p>\n","protected":false},"featured_media":289170,"comment_status":"open","ping_status":"closed","template":"","meta":[],"product_brand":[],"product_cat":[2668],"product_tag":[],"class_list":{"0":"post-289168","1":"product","2":"type-product","3":"status-publish","4":"has-post-thumbnail","6":"product_cat-compound-drop-away-hyllor","8":"first","9":"outofstock","10":"taxable","11":"shipping-taxable","12":"purchasable","13":"product-type-variable"},"composite_virtual":false,"composite_layout":"","composite_add_to_cart_form_location":"","composite_editable_in_cart":false,"composite_sold_individually_context":"","composite_shop_price_calc":"","composite_components":[],"composite_scenarios":[],"group_of_quantity":0,"min_quantity":0,"max_quantity":"","exclude_order_quantity_value_rules":"no","exclude_category_quantity_rules":"no","combine_variations":"no","exclude_global_add_ons":[],"addons":[],"_links":{"self":[{"href":"https:\/\/www.huntersfriend.eu\/sv\/wp-json\/wp\/v2\/product\/289168","targetHints":{"allow":["GET"]}}],"collection":[{"href":"https:\/\/www.huntersfriend.eu\/sv\/wp-json\/wp\/v2\/product"}],"about":[{"href":"https:\/\/www.huntersfriend.eu\/sv\/wp-json\/wp\/v2\/types\/product"}],"replies":[{"embeddable":true,"href":"https:\/\/www.huntersfriend.eu\/sv\/wp-json\/wp\/v2\/comments?post=289168"}],"wp:featuredmedia":[{"embeddable":true,"href":"https:\/\/www.huntersfriend.eu\/sv\/wp-json\/wp\/v2\/media\/289170"}],"wp:attachment":[{"href":"https:\/\/www.huntersfriend.eu\/sv\/wp-json\/wp\/v2\/media?parent=289168"}],"wp:term":[{"taxonomy":"product_brand","embeddable":true,"href":"https:\/\/www.huntersfriend.eu\/sv\/wp-json\/wp\/v2\/product_brand?post=289168"},{"taxonomy":"product_cat","embeddable":true,"href":"https:\/\/www.huntersfriend.eu\/sv\/wp-json\/wp\/v2\/product_cat?post=289168"},{"taxonomy":"product_tag","embeddable":true,"href":"https:\/\/www.huntersfriend.eu\/sv\/wp-json\/wp\/v2\/product_tag?post=289168"}],"curies":[{"name":"wp","href":"https:\/\/api.w.org\/{rel}","templated":true}]}}