{"id":289165,"date":"2019-10-01T14:20:42","date_gmt":"2019-10-01T12:20:42","guid":{"rendered":"https:\/\/www.huntersfriend.eu\/product\/truball-speed-nok\/"},"modified":"2025-08-27T14:14:34","modified_gmt":"2025-08-27T12:14:34","slug":"truball-speed-nok","status":"publish","type":"product","link":"https:\/\/www.huntersfriend.eu\/sv\/produkt\/truball-speed-nok\/","title":{"rendered":"TruBall speed nok"},"content":{"rendered":"<p>En CNC-bearbetad anodiserad aluminium-nok som justerar siktet. V\u00e4ger lika mycket som en m\u00e4ssings-nok. Rocker-radien minskar kl\u00e4m p\u00e5 nocken.  <\/p>\n","protected":false},"excerpt":{"rendered":"<p>En CNC-bearbetad anodiserad aluminium-nok som justerar siktet. V\u00e4ger lika mycket som en m\u00e4ssings-nok. Rocker-radien minskar kl\u00e4m p\u00e5 nocken.<\/p>\n","protected":false},"featured_media":211158,"comment_status":"open","ping_status":"closed","template":"","meta":[],"product_brand":[],"product_cat":[2634],"product_tag":[],"class_list":{"0":"post-289165","1":"product","2":"type-product","3":"status-publish","4":"has-post-thumbnail","6":"product_cat-sikten-nockpunkter-kindpussar-och-tillbehor","8":"first","9":"instock","10":"taxable","11":"shipping-taxable","12":"purchasable","13":"product-type-simple"},"composite_virtual":false,"composite_layout":"","composite_add_to_cart_form_location":"","composite_editable_in_cart":false,"composite_sold_individually_context":"","composite_shop_price_calc":"","composite_components":[],"composite_scenarios":[],"group_of_quantity":0,"min_quantity":0,"max_quantity":"","exclude_order_quantity_value_rules":"no","exclude_category_quantity_rules":"no","combine_variations":"no","exclude_global_add_ons":[],"addons":[],"_links":{"self":[{"href":"https:\/\/www.huntersfriend.eu\/sv\/wp-json\/wp\/v2\/product\/289165","targetHints":{"allow":["GET"]}}],"collection":[{"href":"https:\/\/www.huntersfriend.eu\/sv\/wp-json\/wp\/v2\/product"}],"about":[{"href":"https:\/\/www.huntersfriend.eu\/sv\/wp-json\/wp\/v2\/types\/product"}],"replies":[{"embeddable":true,"href":"https:\/\/www.huntersfriend.eu\/sv\/wp-json\/wp\/v2\/comments?post=289165"}],"wp:featuredmedia":[{"embeddable":true,"href":"https:\/\/www.huntersfriend.eu\/sv\/wp-json\/wp\/v2\/media\/211158"}],"wp:attachment":[{"href":"https:\/\/www.huntersfriend.eu\/sv\/wp-json\/wp\/v2\/media?parent=289165"}],"wp:term":[{"taxonomy":"product_brand","embeddable":true,"href":"https:\/\/www.huntersfriend.eu\/sv\/wp-json\/wp\/v2\/product_brand?post=289165"},{"taxonomy":"product_cat","embeddable":true,"href":"https:\/\/www.huntersfriend.eu\/sv\/wp-json\/wp\/v2\/product_cat?post=289165"},{"taxonomy":"product_tag","embeddable":true,"href":"https:\/\/www.huntersfriend.eu\/sv\/wp-json\/wp\/v2\/product_tag?post=289165"}],"curies":[{"name":"wp","href":"https:\/\/api.w.org\/{rel}","templated":true}]}}