{"id":289160,"date":"2019-09-27T11:21:04","date_gmt":"2019-09-27T09:21:04","guid":{"rendered":"https:\/\/www.huntersfriend.eu\/product\/dan-thompson-bifogade-reed-kit-standard\/"},"modified":"2026-03-19T08:23:14","modified_gmt":"2026-03-19T06:23:14","slug":"dan-thompson-bifogade-reed-kit-standard","status":"publish","type":"product","link":"https:\/\/www.huntersfriend.eu\/sv\/produkt\/dan-thompson-bifogade-reed-kit-standard\/","title":{"rendered":"Dan Thompson bifogade Reed Kit standard"},"content":{"rendered":"<p>Inkluderar livstids aluminiumst\u00e5ng med 3 jackrabbit- och 3 cottontail-anpassade r\u00f6rblad tillsammans med instruktioner. &#8221;Standard&#8221; reparerar de flesta slutna r\u00f6rbladssamtal som f\u00f6r n\u00e4rvarande finns p\u00e5 marknaden. <\/p>\n","protected":false},"excerpt":{"rendered":"<p>Standardljud f\u00f6r PC-2 &amp; PC-1-samtal<\/p>\n","protected":false},"featured_media":209998,"comment_status":"open","ping_status":"closed","template":"","meta":[],"product_brand":[],"product_cat":[878],"product_tag":[],"class_list":{"0":"post-289160","1":"product","2":"type-product","3":"status-publish","4":"has-post-thumbnail","6":"product_cat-uncategorized-sv","8":"first","9":"outofstock","10":"taxable","11":"shipping-taxable","12":"purchasable","13":"product-type-simple"},"composite_virtual":false,"composite_layout":"","composite_add_to_cart_form_location":"","composite_editable_in_cart":false,"composite_sold_individually_context":"","composite_shop_price_calc":"","composite_components":[],"composite_scenarios":[],"group_of_quantity":0,"min_quantity":0,"max_quantity":"","exclude_order_quantity_value_rules":"no","exclude_category_quantity_rules":"no","combine_variations":"no","exclude_global_add_ons":[],"addons":[],"_links":{"self":[{"href":"https:\/\/www.huntersfriend.eu\/sv\/wp-json\/wp\/v2\/product\/289160","targetHints":{"allow":["GET"]}}],"collection":[{"href":"https:\/\/www.huntersfriend.eu\/sv\/wp-json\/wp\/v2\/product"}],"about":[{"href":"https:\/\/www.huntersfriend.eu\/sv\/wp-json\/wp\/v2\/types\/product"}],"replies":[{"embeddable":true,"href":"https:\/\/www.huntersfriend.eu\/sv\/wp-json\/wp\/v2\/comments?post=289160"}],"wp:featuredmedia":[{"embeddable":true,"href":"https:\/\/www.huntersfriend.eu\/sv\/wp-json\/wp\/v2\/media\/209998"}],"wp:attachment":[{"href":"https:\/\/www.huntersfriend.eu\/sv\/wp-json\/wp\/v2\/media?parent=289160"}],"wp:term":[{"taxonomy":"product_brand","embeddable":true,"href":"https:\/\/www.huntersfriend.eu\/sv\/wp-json\/wp\/v2\/product_brand?post=289160"},{"taxonomy":"product_cat","embeddable":true,"href":"https:\/\/www.huntersfriend.eu\/sv\/wp-json\/wp\/v2\/product_cat?post=289160"},{"taxonomy":"product_tag","embeddable":true,"href":"https:\/\/www.huntersfriend.eu\/sv\/wp-json\/wp\/v2\/product_tag?post=289160"}],"curies":[{"name":"wp","href":"https:\/\/api.w.org\/{rel}","templated":true}]}}